{"id":340,"date":"2020-11-20T18:53:53","date_gmt":"2020-11-20T23:53:53","guid":{"rendered":"http:\/\/sullivaninjurylaw2.southshoredigitalmarketing.com\/?page_id=340"},"modified":"2024-04-06T17:24:30","modified_gmt":"2024-04-06T21:24:30","slug":"boston","status":"publish","type":"page","link":"https:\/\/sullivaninjurylaw.com\/pt\/sobre-nos\/nossos-escritorios\/boston\/","title":{"rendered":"Boston"},"content":{"rendered":"<h1>\n\t\tEscrit\u00f3rio de Boston\n\t<\/h1>\n\t\t\t\t<img src=\"https:\/\/sullivaninjurylaw.com\/wp-content\/uploads\/2021\/02\/boston-office-1024x576.jpg\" alt=\"Escrit\u00f3rio de Boston\" =\"image\" height=\"576\" width=\"1024\" title=\"Escrit\u00f3rio de Boston\" onerror=\"this.style.display='none'\"  \/>\n<h2>\n\t\tTelefone\n\t<\/h2>\n\t<p><a href=\"tel:+16173578600\">(617) 357-8600<\/a><\/p>\n<h2>\n\t\tFax\n\t<\/h2>\n\t<p>(617) 357-8610<\/p>\n<h2>\n\t\tEndere\u00e7o\n\t<\/h2>\n\t<p>Rua Kingston, 35, 2\u00ba andar<\/p>\n<p>Boston, MA 02111<\/p>\n<h2>\n\t\tHoras\n\t<\/h2>\n\t<p>Seg - Sex: 9h - 17h<\/p>\n<p>S\u00e1b - Dom: Fechado<\/p>\n\t<iframe src=\"https:\/\/www.google.com\/maps\/embed\/v1\/place?q=44+Temple+Place%2C+Floor+4%2C+Boston%2C+MA+02111&#038;key=AIzaSyD09zQ9PNDNNy9TadMuzRV_UsPUoWKntt8\" aria-hidden=\"true\" title=\"Escrit\u00f3rios de Advocacia de Christopher Sullivan, PC - Escrit\u00f3rio de Boston\"><\/iframe>\n\t\t\t<a href=\"https:\/\/goo.gl\/maps\/V8JTcR6Fz93xw2H2A\" target=\"_blank\" role=\"button\" rel=\"noopener\">\n\t\t\t\t\t\t\tObter dire\u00e7\u00f5es\n\t\t\t<\/a>\n\t<p>Contate-nos<\/p>\n\t<p>Consulta gratuita<\/p>\n\t<p>Ligar <a href=\"tel:+16173578600\">(617) 357-8600<\/a><\/p>\n\t<p>Prefere agendar uma liga\u00e7\u00e3o com anteced\u00eancia? Escolha uma data e hora que funcione melhor para voc\u00ea com nosso <a href=\"https:\/\/02111-ma-christopher-sullivan-1354913.m-a-truescheduler.com\/?locale=en\" target=\"_blank\" rel=\"noopener\">agendador de compromissos<\/a>.<\/p>\n<h2>\n\t\tNos siga no Facebook\n\t<\/h2>\n\t<blockquote cite=\"https:\/\/www.facebook.com\/SullivanInjuryLaw\/\"><a href=\"https:\/\/www.facebook.com\/SullivanInjuryLaw\/\">Escrit\u00f3rios de Advocacia de Christopher Sullivan, PC<\/a><\/blockquote>","protected":false},"excerpt":{"rendered":"<p>Boston Office Telefone (617) 357-8600 Fax (617) 357-8610 Endere\u00e7o 35 Kingston Street, 2nd Floor Boston, MA 02111 Hor\u00e1rio de funcionamento Seg - Sex: 9h - 17h S\u00e1bado - Dom: Fechado Como chegar Entre em contato conosco Consulta gratuita Ligue ( 617) 357-8600 Prefere agendar uma liga\u00e7\u00e3o com anteced\u00eancia? Escolha uma data e hora que funcione melhor para\u2026<\/p>","protected":false},"author":1,"featured_media":0,"parent":346,"menu_order":0,"comment_status":"closed","ping_status":"closed","template":"","meta":[],"yoast_head":"<!-- This site is optimized with the Yoast SEO plugin v18.5.1 - https:\/\/yoast.com\/wordpress\/plugins\/seo\/ -->\n<title>Boston Office - Law Offices of Christopher Sullivan, P.C.<\/title>\n<meta name=\"description\" content=\"Boston address and phone number for Law Offices of Christopher Sullivan, P.C. Contact us for a free consultation.\" \/>\n<meta name=\"robots\" content=\"index, follow, max-snippet:-1, max-image-preview:large, max-video-preview:-1\" \/>\n<link rel=\"canonical\" href=\"https:\/\/sullivaninjurylaw.com\/pt\/sobre-nos\/nossos-escritorios\/boston\/\" \/>\n<meta property=\"og:locale\" content=\"pt_BR\" \/>\n<meta property=\"og:type\" content=\"article\" \/>\n<meta property=\"og:title\" content=\"Boston Office - Law Offices of Christopher Sullivan, P.C.\" \/>\n<meta property=\"og:description\" content=\"Boston address and phone number for Law Offices of Christopher Sullivan, P.C. Contact us for a free consultation.\" \/>\n<meta property=\"og:url\" content=\"https:\/\/sullivaninjurylaw.com\/pt\/sobre-nos\/nossos-escritorios\/boston\/\" \/>\n<meta property=\"og:site_name\" content=\"Law Offices of Christopher Sullivan, P.C.\" \/>\n<meta property=\"article:publisher\" content=\"https:\/\/www.facebook.com\/SullivanInjuryLaw\/\" \/>\n<meta property=\"article:modified_time\" content=\"2024-04-06T21:24:30+00:00\" \/>\n<meta property=\"og:image\" content=\"https:\/\/sullivaninjurylaw.com\/wp-content\/uploads\/2021\/02\/boston-office-1024x576.jpg\" \/>\n<meta name=\"twitter:card\" content=\"summary_large_image\" \/>\n<!-- \/ Yoast SEO plugin. -->","yoast_head_json":{"title":"Boston Office - Law Offices of Christopher Sullivan, P.C.","description":"Boston address and phone number for Law Offices of Christopher Sullivan, P.C. Contact us for a free consultation.","robots":{"index":"index","follow":"follow","max-snippet":"max-snippet:-1","max-image-preview":"max-image-preview:large","max-video-preview":"max-video-preview:-1"},"canonical":"https:\/\/sullivaninjurylaw.com\/pt\/sobre-nos\/nossos-escritorios\/boston\/","og_locale":"pt_BR","og_type":"article","og_title":"Boston Office - Law Offices of Christopher Sullivan, P.C.","og_description":"Boston address and phone number for Law Offices of Christopher Sullivan, P.C. Contact us for a free consultation.","og_url":"https:\/\/sullivaninjurylaw.com\/pt\/sobre-nos\/nossos-escritorios\/boston\/","og_site_name":"Law Offices of Christopher Sullivan, P.C.","article_publisher":"https:\/\/www.facebook.com\/SullivanInjuryLaw\/","article_modified_time":"2024-04-06T21:24:30+00:00","og_image":[{"url":"https:\/\/sullivaninjurylaw.com\/wp-content\/uploads\/2021\/02\/boston-office-1024x576.jpg"}],"twitter_card":"summary_large_image","schema":{"@context":"https:\/\/schema.org","@graph":[{"@type":"WebSite","@id":"https:\/\/sullivaninjurylaw.com\/#website","url":"https:\/\/sullivaninjurylaw.com\/","name":"Law Offices of Christopher Sullivan, P.C.","description":"","potentialAction":[{"@type":"SearchAction","target":{"@type":"EntryPoint","urlTemplate":"https:\/\/sullivaninjurylaw.com\/?s={search_term_string}"},"query-input":"required name=search_term_string"}],"inLanguage":"pt-BR"},{"@type":"ImageObject","@id":"https:\/\/sullivaninjurylaw.com\/about-us\/our-offices\/boston\/#primaryimage","inLanguage":"pt-BR","url":"https:\/\/sullivaninjurylaw.com\/wp-content\/uploads\/2021\/02\/boston-office.jpg","contentUrl":"https:\/\/sullivaninjurylaw.com\/wp-content\/uploads\/2021\/02\/boston-office.jpg","width":1920,"height":1080,"caption":"Boston Office"},{"@type":"WebPage","@id":"https:\/\/sullivaninjurylaw.com\/about-us\/our-offices\/boston\/#webpage","url":"https:\/\/sullivaninjurylaw.com\/about-us\/our-offices\/boston\/","name":"Boston Office - Law Offices of Christopher Sullivan, P.C.","isPartOf":{"@id":"https:\/\/sullivaninjurylaw.com\/#website"},"primaryImageOfPage":{"@id":"https:\/\/sullivaninjurylaw.com\/about-us\/our-offices\/boston\/#primaryimage"},"datePublished":"2020-11-20T23:53:53+00:00","dateModified":"2024-04-06T21:24:30+00:00","description":"Boston address and phone number for Law Offices of Christopher Sullivan, P.C. Contact us for a free consultation.","breadcrumb":{"@id":"https:\/\/sullivaninjurylaw.com\/about-us\/our-offices\/boston\/#breadcrumb"},"inLanguage":"pt-BR","potentialAction":[{"@type":"ReadAction","target":["https:\/\/sullivaninjurylaw.com\/about-us\/our-offices\/boston\/"]}]},{"@type":"BreadcrumbList","@id":"https:\/\/sullivaninjurylaw.com\/about-us\/our-offices\/boston\/#breadcrumb","itemListElement":[{"@type":"ListItem","position":1,"name":"Home","item":"https:\/\/sullivaninjurylaw.com\/"},{"@type":"ListItem","position":2,"name":"About Us","item":"https:\/\/sullivaninjurylaw.com\/about-us\/"},{"@type":"ListItem","position":3,"name":"Our Offices","item":"https:\/\/sullivaninjurylaw.com\/about-us\/our-offices\/"},{"@type":"ListItem","position":4,"name":"Boston"}]}]}},"_links":{"self":[{"href":"https:\/\/sullivaninjurylaw.com\/pt\/wp-json\/wp\/v2\/pages\/340"}],"collection":[{"href":"https:\/\/sullivaninjurylaw.com\/pt\/wp-json\/wp\/v2\/pages"}],"about":[{"href":"https:\/\/sullivaninjurylaw.com\/pt\/wp-json\/wp\/v2\/types\/page"}],"author":[{"embeddable":true,"href":"https:\/\/sullivaninjurylaw.com\/pt\/wp-json\/wp\/v2\/users\/1"}],"replies":[{"embeddable":true,"href":"https:\/\/sullivaninjurylaw.com\/pt\/wp-json\/wp\/v2\/comments?post=340"}],"version-history":[{"count":11,"href":"https:\/\/sullivaninjurylaw.com\/pt\/wp-json\/wp\/v2\/pages\/340\/revisions"}],"predecessor-version":[{"id":1239,"href":"https:\/\/sullivaninjurylaw.com\/pt\/wp-json\/wp\/v2\/pages\/340\/revisions\/1239"}],"up":[{"embeddable":true,"href":"https:\/\/sullivaninjurylaw.com\/pt\/wp-json\/wp\/v2\/pages\/346"}],"wp:attachment":[{"href":"https:\/\/sullivaninjurylaw.com\/pt\/wp-json\/wp\/v2\/media?parent=340"}],"curies":[{"name":"wp","href":"https:\/\/api.w.org\/{rel}","templated":true}]}}