{"id":331,"date":"2020-11-20T18:45:46","date_gmt":"2020-11-20T23:45:46","guid":{"rendered":"http:\/\/sullivaninjurylaw2.southshoredigitalmarketing.com\/?page_id=331"},"modified":"2021-08-10T19:23:57","modified_gmt":"2021-08-10T23:23:57","slug":"verdicts-settlements","status":"publish","type":"page","link":"https:\/\/sullivaninjurylaw.com\/pt\/veredictos-assentamentos\/","title":{"rendered":"Veredictos e acordos"},"content":{"rendered":"<h1>\n\t\tVeredictos e acordos\n\t<\/h1>\n\t\t\t\t<img src=\"https:\/\/sullivaninjurylaw.com\/wp-content\/uploads\/2021\/02\/our-attorneys-and-staff-serious.jpg\" alt=\"Nossos Advogados e Equipe\" =\"image\" height=\"780\" width=\"1920\" title=\"Nossos Advogados e Equipe\" onerror=\"this.style.display='none'\"  \/>\n\t<p>Desde 2003, os Escrit\u00f3rios de Advocacia de Christopher Sullivan, PC resolveram com sucesso milhares de casos e recuperaram mais de $25.000.000 em compensa\u00e7\u00e3o para v\u00edtimas de ferimentos pessoais em Massachusetts e suas fam\u00edlias. Com mais de 100 anos de experi\u00eancia combinada em lit\u00edgios de danos pessoais, lutaremos em seu nome para obter o que voc\u00ea merece. Nossos advogados experientes e agressivos de danos pessoais de Boston t\u00eam um hist\u00f3rico comprovado de sucesso.<\/p>\n<p>Abaixo est\u00e3o algumas das hist\u00f3rias de sucesso de nossos clientes. Os nomes dos clientes foram omitidos para proteger a confidencialidade.<\/p>\n<h2>\n\t\t<a href=\"https:\/\/www.facebook.com\/SullivanInjuryLaw\/posts\/118859156673435\" title=\"Acidente de caminh\u00e3o\" target=\"_blank\" rel=\"noopener\">\n\t\tAcidente de caminh\u00e3o\n\t\t<\/a>\n\t<\/h2>\n<h3>\n\t\t$900,000\n\t<\/h3>\n\t<ul>\n<li><strong>FATOS<\/strong>: Pedestre atropelado por ve\u00edculo.<\/li>\n<li><strong>LES\u00d5ES<\/strong>: Infelizmente, e com profunda tristeza, os ferimentos do cliente resultaram em morte.<\/li>\n<li><strong>RESULTADO<\/strong>: Caso fortemente contestado (tanto em responsabilidade quanto em se o cliente sofreu ou n\u00e3o algum grau de dor e sofrimento consciente antes de sua morte). Com a ajuda do co-advogado, a reclama\u00e7\u00e3o foi finalmente resolvida para $900.000,00.<\/li>\n<\/ul>\n\t\t\t<a href=\"https:\/\/www.facebook.com\/SullivanInjuryLaw\/posts\/118859156673435\" target=\"_blank\" role=\"button\" rel=\"noopener\">\n\t\t\t\t\t\t\tLeia no Facebook\n\t\t\t<\/a>\n<h2>\n\t\t<a href=\"https:\/\/www.facebook.com\/SullivanInjuryLaw\/posts\/127549252471092\" title=\"Les\u00e3o por esmagamento de m\u00e3o\" target=\"_blank\" rel=\"noopener\">\n\t\tLes\u00e3o por esmagamento de m\u00e3o\n\t\t<\/a>\n\t<\/h2>\n<h3>\n\t\t$795,000\n\t<\/h3>\n\t<ul>\n<li><strong>FATOS<\/strong>: Oper\u00e1rio.<\/li>\n<li><strong>LES\u00d5ES<\/strong>: Les\u00e3o por esmagamento da m\u00e3o.<\/li>\n<li><strong>RESULTADO<\/strong>: Reivindica\u00e7\u00e3o resolvida para $795.000.<\/li>\n<\/ul>\n\t\t\t<a href=\"https:\/\/www.facebook.com\/SullivanInjuryLaw\/posts\/127549252471092\" target=\"_blank\" role=\"button\" rel=\"noopener\">\n\t\t\t\t\t\t\tLeia no Facebook\n\t\t\t<\/a>\n<h2>\n\t\t<a href=\"https:\/\/www.facebook.com\/SullivanInjuryLaw\/posts\/124817002744317\" title=\"Acidente com ve\u00edculo motorizado\" target=\"_blank\" rel=\"noopener\">\n\t\tAcidente com ve\u00edculo motorizado\n\t\t<\/a>\n\t<\/h2>\n<h3>\n\t\t$110,000\n\t<\/h3>\n\t<ul>\n<li><strong>FATOS<\/strong>: Acidente com ve\u00edculo motorizado. Durante o tr\u00e2nsito em stop and go, outro motorista rolou para a frente, batendo levemente na traseira do ve\u00edculo do cliente. Nenhum dano \u00e0 propriedade para qualquer ve\u00edculo al\u00e9m de uma pequena reentr\u00e2ncia no p\u00e1ra-choque traseiro do cliente de um parafuso segurando a placa dianteira do outro motorista. Ap\u00f3s quase 4 anos em outro escrit\u00f3rio de advocacia (sem oferta de acordo de qualquer esp\u00e9cie), o cliente foi encaminhado ao nosso escrit\u00f3rio.<\/li>\n<li><strong>LES\u00d5ES<\/strong>: Exacerba\u00e7\u00e3o fortemente contestada de les\u00e3o cervical pr\u00e9-existente em C6-C7 que, em \u00faltima an\u00e1lise, exigiu cirurgia de discectomia \/ fus\u00e3o. O advogado de defesa defendeu vigorosamente este caso devido ao impacto incrivelmente menor e com especialistas que opinaram que qualquer les\u00e3o neste caso foi limitada a \u201cles\u00e3o de tecido mole sobreposta a uma condi\u00e7\u00e3o degenerativa anterior n\u00e3o relacionada\u201d.<\/li>\n<li><strong>RESULTADO<\/strong>: Depois de uma media\u00e7\u00e3o fracassada em que o advogado de defesa abriu com &quot;se voc\u00ea acha que este caso vale seis d\u00edgitos, voc\u00ea est\u00e1 louco e estamos perdendo nosso tempo aqui hoje&quot;, e nosso argumento girou em torno do que \u00e9 referido nos c\u00edrculos jur\u00eddicos como A Doutrina Casca de Ovo (que essencialmente diz que o indiv\u00edduo \u00e9 respons\u00e1vel por todos os danos decorrentes de sua neglig\u00eancia, mesmo que a parte lesada seja mais delicada do que uma pessoa normal, ou mais suscet\u00edvel a les\u00f5es devido a uma condi\u00e7\u00e3o pr\u00e9-existente). Embora a media\u00e7\u00e3o de 4 horas n\u00e3o tenha resultado em uma oferta de acordo satisfat\u00f3ria (a ins co tinha a reivindica\u00e7\u00e3o avaliada em apenas $14.740,00), o caso finalmente foi encerrado algumas semanas depois, pouco antes do julgamento, por $110.000,00.<\/li>\n<\/ul>\n\t\t\t<a href=\"https:\/\/www.facebook.com\/SullivanInjuryLaw\/posts\/124817002744317\" target=\"_blank\" role=\"button\" rel=\"noopener\">\n\t\t\t\t\t\t\tLeia no Facebook\n\t\t\t<\/a>\n<h2>\n\t\t<a href=\"https:\/\/www.facebook.com\/SullivanInjuryLaw\/posts\/113705367188814\" title=\"Acidente com ve\u00edculo motorizado\" target=\"_blank\" rel=\"noopener\">\n\t\tAcidente com ve\u00edculo motorizado\n\t\t<\/a>\n\t<\/h2>\n<h3>\n\t\t$95,000\n\t<\/h3>\n\t<ul>\n<li><strong>FATOS<\/strong>: Acidente de ve\u00edculo motorizado com les\u00f5es altamente contestadas, incluindo uma h\u00e9rnia de disco que a seguradora opinou ser uma condi\u00e7\u00e3o pr\u00e9-existente. Ortho do cliente recusou-se a escrever um relat\u00f3rio narrativo relacionando causalmente a les\u00e3o ao acidente com ve\u00edculo motorizado.<\/li>\n<li><strong>LES\u00d5ES<\/strong>: H\u00e9rnia de disco.<\/li>\n<li><strong>RESULTADO<\/strong>: Resolvido por $95.000.<\/li>\n<\/ul>\n\t\t\t<a href=\"https:\/\/www.facebook.com\/SullivanInjuryLaw\/posts\/113705367188814\" target=\"_blank\" role=\"button\" rel=\"noopener\">\n\t\t\t\t\t\t\tLeia no Facebook\n\t\t\t<\/a>\n<h2>\n\t\t<a href=\"https:\/\/www.facebook.com\/SullivanInjuryLaw\/posts\/135097111716306\" title=\"Acidente com ve\u00edculo motorizado\" target=\"_blank\" rel=\"noopener\">\n\t\tAcidente com ve\u00edculo motorizado\n\t\t<\/a>\n\t<\/h2>\n<h3>\n\t\t$250,000\n\t<\/h3>\n\t<ul>\n<li><strong>FATOS<\/strong>: Pedestre atropelado por motocicleta.<\/li>\n<li><strong>LES\u00d5ES<\/strong>: T\u00edbia fraturada e f\u00edbula requerendo reparo cir\u00fargico.<\/li>\n<li><strong>RESULTADO<\/strong>: $250,000.<\/li>\n<\/ul>\n\t\t\t<a href=\"https:\/\/www.facebook.com\/SullivanInjuryLaw\/posts\/135097111716306\" target=\"_blank\" role=\"button\" rel=\"noopener\">\n\t\t\t\t\t\t\tLeia no Facebook\n\t\t\t<\/a>\n<h2>\n\t\t<a href=\"https:\/\/www.facebook.com\/SullivanInjuryLaw\/posts\/166269105265773\" title=\"Comp. Trabalhadores\" target=\"_blank\" rel=\"noopener\">\n\t\tComp. Trabalhadores\n\t\t<\/a>\n\t<\/h2>\n<h3>\n\t\t$140,000\n\t<\/h3>\n\t<ul>\n<li><strong>FATOS<\/strong>: Queda da escada.<\/li>\n<li><strong>LES\u00d5ES<\/strong>: Fratura de \u00famero e ulna<\/li>\n<li><strong>RESULTADO<\/strong>: $140,000.<\/li>\n<\/ul>\n\t\t\t<a href=\"https:\/\/www.facebook.com\/SullivanInjuryLaw\/posts\/166269105265773\" target=\"_blank\" role=\"button\" rel=\"noopener\">\n\t\t\t\t\t\t\tLeia no Facebook\n\t\t\t<\/a>\n\t<p>Contate-nos<\/p>\n\t<p>Consulta gratuita<\/p>\n\t\n\t<p>Prefere agendar uma liga\u00e7\u00e3o com anteced\u00eancia? Escolha uma data e hora que funcione melhor para voc\u00ea com nosso <a href=\"https:\/\/02111-ma-christopher-sullivan-1354913.m-a-truescheduler.com\/?locale=en\" target=\"_blank\" rel=\"noopener\">agendador de compromissos<\/a>.<\/p>\n<h2>\n\t\tNos siga no Facebook\n\t<\/h2>\n\t<blockquote cite=\"https:\/\/www.facebook.com\/SullivanInjuryLaw\/\"><a href=\"https:\/\/www.facebook.com\/SullivanInjuryLaw\/\">Escrit\u00f3rios de Advocacia de Christopher Sullivan, PC<\/a><\/blockquote>","protected":false},"excerpt":{"rendered":"<p>Veredictos e Acordos Desde 2003, os Escrit\u00f3rios de Advocacia de Christopher Sullivan, PC, resolveram com sucesso milhares de casos e recuperaram mais de $25.000.000 em compensa\u00e7\u00e3o para v\u00edtimas de les\u00f5es corporais de Massachusetts e suas fam\u00edlias. Com mais de 100 anos de experi\u00eancia combinada em lit\u00edgios de danos pessoais, lutaremos em seu nome para obter o que voc\u00ea merece. Nosso experiente\u2026<\/p>","protected":false},"author":1,"featured_media":0,"parent":0,"menu_order":0,"comment_status":"closed","ping_status":"closed","template":"","meta":[],"yoast_head":"<!-- This site is optimized with the Yoast SEO plugin v18.5.1 - https:\/\/yoast.com\/wordpress\/plugins\/seo\/ -->\n<title>Verdicts &amp; Settlements - Law Offices of Christopher Sullivan, P.C.<\/title>\n<meta name=\"description\" content=\"Law Offices of Christopher Sullivan, P.C. has gotten significant verdicts and settlements for our clients. Our experienced personal injury lawyers can help get you maximum value in your case.\" \/>\n<meta name=\"robots\" content=\"index, follow, max-snippet:-1, max-image-preview:large, max-video-preview:-1\" \/>\n<link rel=\"canonical\" href=\"https:\/\/sullivaninjurylaw.com\/pt\/veredictos-assentamentos\/\" \/>\n<meta property=\"og:locale\" content=\"pt_BR\" \/>\n<meta property=\"og:type\" content=\"article\" \/>\n<meta property=\"og:title\" content=\"Verdicts &amp; Settlements - Law Offices of Christopher Sullivan, P.C.\" \/>\n<meta property=\"og:description\" content=\"Law Offices of Christopher Sullivan, P.C. has gotten significant verdicts and settlements for our clients. Our experienced personal injury lawyers can help get you maximum value in your case.\" \/>\n<meta property=\"og:url\" content=\"https:\/\/sullivaninjurylaw.com\/pt\/veredictos-assentamentos\/\" \/>\n<meta property=\"og:site_name\" content=\"Law Offices of Christopher Sullivan, P.C.\" \/>\n<meta property=\"article:publisher\" content=\"https:\/\/www.facebook.com\/SullivanInjuryLaw\/\" \/>\n<meta property=\"article:modified_time\" content=\"2021-08-10T23:23:57+00:00\" \/>\n<meta property=\"og:image\" content=\"https:\/\/sullivaninjurylaw.com\/wp-content\/uploads\/2021\/02\/our-attorneys-and-staff-serious.jpg\" \/>\n<meta name=\"twitter:card\" content=\"summary_large_image\" \/>\n<meta name=\"twitter:label1\" content=\"Est. tempo de leitura\" \/>\n\t<meta name=\"twitter:data1\" content=\"3 minutos\" \/>\n<!-- \/ Yoast SEO plugin. -->","yoast_head_json":{"title":"Verdicts & Settlements - Law Offices of Christopher Sullivan, P.C.","description":"Law Offices of Christopher Sullivan, P.C. has gotten significant verdicts and settlements for our clients. Our experienced personal injury lawyers can help get you maximum value in your case.","robots":{"index":"index","follow":"follow","max-snippet":"max-snippet:-1","max-image-preview":"max-image-preview:large","max-video-preview":"max-video-preview:-1"},"canonical":"https:\/\/sullivaninjurylaw.com\/pt\/veredictos-assentamentos\/","og_locale":"pt_BR","og_type":"article","og_title":"Verdicts & Settlements - Law Offices of Christopher Sullivan, P.C.","og_description":"Law Offices of Christopher Sullivan, P.C. has gotten significant verdicts and settlements for our clients. Our experienced personal injury lawyers can help get you maximum value in your case.","og_url":"https:\/\/sullivaninjurylaw.com\/pt\/veredictos-assentamentos\/","og_site_name":"Law Offices of Christopher Sullivan, P.C.","article_publisher":"https:\/\/www.facebook.com\/SullivanInjuryLaw\/","article_modified_time":"2021-08-10T23:23:57+00:00","og_image":[{"url":"https:\/\/sullivaninjurylaw.com\/wp-content\/uploads\/2021\/02\/our-attorneys-and-staff-serious.jpg"}],"twitter_card":"summary_large_image","twitter_misc":{"Est. tempo de leitura":"3 minutos"},"schema":{"@context":"https:\/\/schema.org","@graph":[{"@type":"WebSite","@id":"https:\/\/sullivaninjurylaw.com\/#website","url":"https:\/\/sullivaninjurylaw.com\/","name":"Law Offices of Christopher Sullivan, P.C.","description":"","potentialAction":[{"@type":"SearchAction","target":{"@type":"EntryPoint","urlTemplate":"https:\/\/sullivaninjurylaw.com\/?s={search_term_string}"},"query-input":"required name=search_term_string"}],"inLanguage":"pt-BR"},{"@type":"ImageObject","@id":"https:\/\/sullivaninjurylaw.com\/verdicts-settlements\/#primaryimage","inLanguage":"pt-BR","url":"https:\/\/sullivaninjurylaw.com\/wp-content\/uploads\/2021\/02\/our-attorneys-and-staff-serious.jpg","contentUrl":"https:\/\/sullivaninjurylaw.com\/wp-content\/uploads\/2021\/02\/our-attorneys-and-staff-serious.jpg","width":1920,"height":780,"caption":"Our Attorneys and Staff"},{"@type":"WebPage","@id":"https:\/\/sullivaninjurylaw.com\/verdicts-settlements\/#webpage","url":"https:\/\/sullivaninjurylaw.com\/verdicts-settlements\/","name":"Verdicts & Settlements - Law Offices of Christopher Sullivan, P.C.","isPartOf":{"@id":"https:\/\/sullivaninjurylaw.com\/#website"},"primaryImageOfPage":{"@id":"https:\/\/sullivaninjurylaw.com\/verdicts-settlements\/#primaryimage"},"datePublished":"2020-11-20T23:45:46+00:00","dateModified":"2021-08-10T23:23:57+00:00","description":"Law Offices of Christopher Sullivan, P.C. has gotten significant verdicts and settlements for our clients. Our experienced personal injury lawyers can help get you maximum value in your case.","breadcrumb":{"@id":"https:\/\/sullivaninjurylaw.com\/verdicts-settlements\/#breadcrumb"},"inLanguage":"pt-BR","potentialAction":[{"@type":"ReadAction","target":["https:\/\/sullivaninjurylaw.com\/verdicts-settlements\/"]}]},{"@type":"BreadcrumbList","@id":"https:\/\/sullivaninjurylaw.com\/verdicts-settlements\/#breadcrumb","itemListElement":[{"@type":"ListItem","position":1,"name":"Home","item":"https:\/\/sullivaninjurylaw.com\/"},{"@type":"ListItem","position":2,"name":"Verdicts &#038; Settlements"}]}]}},"_links":{"self":[{"href":"https:\/\/sullivaninjurylaw.com\/pt\/wp-json\/wp\/v2\/pages\/331"}],"collection":[{"href":"https:\/\/sullivaninjurylaw.com\/pt\/wp-json\/wp\/v2\/pages"}],"about":[{"href":"https:\/\/sullivaninjurylaw.com\/pt\/wp-json\/wp\/v2\/types\/page"}],"author":[{"embeddable":true,"href":"https:\/\/sullivaninjurylaw.com\/pt\/wp-json\/wp\/v2\/users\/1"}],"replies":[{"embeddable":true,"href":"https:\/\/sullivaninjurylaw.com\/pt\/wp-json\/wp\/v2\/comments?post=331"}],"version-history":[{"count":10,"href":"https:\/\/sullivaninjurylaw.com\/pt\/wp-json\/wp\/v2\/pages\/331\/revisions"}],"predecessor-version":[{"id":1074,"href":"https:\/\/sullivaninjurylaw.com\/pt\/wp-json\/wp\/v2\/pages\/331\/revisions\/1074"}],"wp:attachment":[{"href":"https:\/\/sullivaninjurylaw.com\/pt\/wp-json\/wp\/v2\/media?parent=331"}],"curies":[{"name":"wp","href":"https:\/\/api.w.org\/{rel}","templated":true}]}}