{"id":301,"date":"2020-11-19T17:52:19","date_gmt":"2020-11-19T22:52:19","guid":{"rendered":"http:\/\/sullivaninjurylaw2.southshoredigitalmarketing.com\/?page_id=301"},"modified":"2021-08-10T19:41:09","modified_gmt":"2021-08-10T23:41:09","slug":"employment-discrimination","status":"publish","type":"page","link":"https:\/\/sullivaninjurylaw.com\/pt\/areas-de-atuacao\/outro\/discriminacao-no-emprego\/","title":{"rendered":"Discrimina\u00e7\u00e3o de emprego"},"content":{"rendered":"<h1>\n\t\tAdvogados de discrimina\u00e7\u00e3o no emprego de Boston\n\t<\/h1>\n\t\t\t\t<img src=\"https:\/\/sullivaninjurylaw.com\/wp-content\/uploads\/2020\/11\/employment-discrimination-1024x678.jpg\" alt=\"Discrimina\u00e7\u00e3o de emprego\" =\"image\" height=\"678\" width=\"1024\" title=\"Discrimina\u00e7\u00e3o de emprego\" onerror=\"this.style.display='none'\"  \/>\n\t<p>Voc\u00ea foi discriminado por um empregador potencial ou atual? Em caso afirmativo, entre em contato conosco para falar com um de nossos advogados experientes em discrimina\u00e7\u00e3o de empregos.<\/p>\n<p>Se voc\u00ea acha que pode ter uma reclama\u00e7\u00e3o nesta \u00e1rea, \u00e9 importante entrar em contato conosco imediatamente. Somos advogados experientes em discrimina\u00e7\u00e3o de empregos em Boston. Quanto mais voc\u00ea esperar, maior ser\u00e1 a probabilidade de que evid\u00eancias f\u00edsicas importantes sejam perdidas ou perdidas e mais dif\u00edcil ser\u00e1 localizar e proteger quaisquer testemunhas em potencial.<\/p>\n<p>&nbsp;<\/p>\n<h2>Se voc\u00ea for v\u00edtima de discrimina\u00e7\u00e3o no emprego, siga estas etapas importantes para proteger seus interesses:<\/h2>\n<ul>\n<li>Contate imediatamente um advogado experiente em discrimina\u00e7\u00e3o de empregos em Massachusetts para ajudar a proteger seus direitos.<\/li>\n<li>N\u00e3o fa\u00e7a declara\u00e7\u00f5es para a seguradora ou assine qualquer documenta\u00e7\u00e3o de seguro sem primeiro consultar um advogado.<\/li>\n<li>Mais importante de tudo, certifique-se de consultar um advogado de discrimina\u00e7\u00e3o trabalhista de Boston imediatamente para se certificar de que voc\u00ea est\u00e1 ciente de seus direitos legais. Os advogados dos Escrit\u00f3rios de Advocacia de Christopher Sullivan, PC n\u00e3o cobrar\u00e3o por uma consulta inicial, portanto, voc\u00ea n\u00e3o tem absolutamente nada a perder conversando conosco.<\/li>\n<\/ul>\n\t<p>Contate-nos<\/p>\n\t<p>Consulta gratuita<\/p>\n\t\n\t<p>Prefere agendar uma liga\u00e7\u00e3o com anteced\u00eancia? Escolha uma data e hora que funcione melhor para voc\u00ea com nosso <a href=\"https:\/\/02111-ma-christopher-sullivan-1354913.m-a-truescheduler.com\/?locale=en\" target=\"_blank\" rel=\"noopener\">agendador de compromissos<\/a>.<\/p>\n<h2>\n\t\tNos siga no Facebook\n\t<\/h2>\n\t<blockquote cite=\"https:\/\/www.facebook.com\/SullivanInjuryLaw\/\"><a href=\"https:\/\/www.facebook.com\/SullivanInjuryLaw\/\">Escrit\u00f3rios de Advocacia de Christopher Sullivan, PC<\/a><\/blockquote>","protected":false},"excerpt":{"rendered":"<p>Advogados de Discrimina\u00e7\u00e3o no Emprego de Boston Voc\u00ea foi discriminado por um empregador potencial ou atual? Em caso afirmativo, entre em contato conosco para falar com um de nossos experientes advogados de discrimina\u00e7\u00e3o trabalhista. Se voc\u00ea acha que pode ter uma reclama\u00e7\u00e3o nesta \u00e1rea, \u00e9 importante entrar em contato conosco imediatamente. Somos advogados experientes em discrimina\u00e7\u00e3o de emprego em Boston\u2026.<\/p>","protected":false},"author":1,"featured_media":0,"parent":294,"menu_order":0,"comment_status":"closed","ping_status":"closed","template":"","meta":[],"yoast_head":"<!-- This site is optimized with the Yoast SEO plugin v18.5.1 - https:\/\/yoast.com\/wordpress\/plugins\/seo\/ -->\n<title>Boston Employment Discrimination Attorneys - Law Offices of Christopher Sullivan, P.C.<\/title>\n<meta name=\"description\" content=\"If you suffered from employment discrimination, contact our experienced Boston discrimination lawyers today for a free consultation.\" \/>\n<meta name=\"robots\" content=\"index, follow, max-snippet:-1, max-image-preview:large, max-video-preview:-1\" \/>\n<link rel=\"canonical\" href=\"https:\/\/sullivaninjurylaw.com\/pt\/areas-de-atuacao\/outro\/discriminacao-no-emprego\/\" \/>\n<meta property=\"og:locale\" content=\"pt_BR\" \/>\n<meta property=\"og:type\" content=\"article\" \/>\n<meta property=\"og:title\" content=\"Boston Employment Discrimination Attorneys - Law Offices of Christopher Sullivan, P.C.\" \/>\n<meta property=\"og:description\" content=\"If you suffered from employment discrimination, contact our experienced Boston discrimination lawyers today for a free consultation.\" \/>\n<meta property=\"og:url\" content=\"https:\/\/sullivaninjurylaw.com\/pt\/areas-de-atuacao\/outro\/discriminacao-no-emprego\/\" \/>\n<meta property=\"og:site_name\" content=\"Law Offices of Christopher Sullivan, P.C.\" \/>\n<meta property=\"article:publisher\" content=\"https:\/\/www.facebook.com\/SullivanInjuryLaw\/\" \/>\n<meta property=\"article:modified_time\" content=\"2021-08-10T23:41:09+00:00\" \/>\n<meta property=\"og:image\" content=\"https:\/\/sullivaninjurylaw.com\/wp-content\/uploads\/2020\/11\/employment-discrimination-1024x678.jpg\" \/>\n<meta name=\"twitter:card\" content=\"summary_large_image\" \/>\n<meta name=\"twitter:label1\" content=\"Est. tempo de leitura\" \/>\n\t<meta name=\"twitter:data1\" content=\"2 minutos\" \/>\n<!-- \/ Yoast SEO plugin. -->","yoast_head_json":{"title":"Boston Employment Discrimination Attorneys - Law Offices of Christopher Sullivan, P.C.","description":"If you suffered from employment discrimination, contact our experienced Boston discrimination lawyers today for a free consultation.","robots":{"index":"index","follow":"follow","max-snippet":"max-snippet:-1","max-image-preview":"max-image-preview:large","max-video-preview":"max-video-preview:-1"},"canonical":"https:\/\/sullivaninjurylaw.com\/pt\/areas-de-atuacao\/outro\/discriminacao-no-emprego\/","og_locale":"pt_BR","og_type":"article","og_title":"Boston Employment Discrimination Attorneys - Law Offices of Christopher Sullivan, P.C.","og_description":"If you suffered from employment discrimination, contact our experienced Boston discrimination lawyers today for a free consultation.","og_url":"https:\/\/sullivaninjurylaw.com\/pt\/areas-de-atuacao\/outro\/discriminacao-no-emprego\/","og_site_name":"Law Offices of Christopher Sullivan, P.C.","article_publisher":"https:\/\/www.facebook.com\/SullivanInjuryLaw\/","article_modified_time":"2021-08-10T23:41:09+00:00","og_image":[{"url":"https:\/\/sullivaninjurylaw.com\/wp-content\/uploads\/2020\/11\/employment-discrimination-1024x678.jpg"}],"twitter_card":"summary_large_image","twitter_misc":{"Est. tempo de leitura":"2 minutos"},"schema":{"@context":"https:\/\/schema.org","@graph":[{"@type":"WebSite","@id":"https:\/\/sullivaninjurylaw.com\/#website","url":"https:\/\/sullivaninjurylaw.com\/","name":"Law Offices of Christopher Sullivan, P.C.","description":"","potentialAction":[{"@type":"SearchAction","target":{"@type":"EntryPoint","urlTemplate":"https:\/\/sullivaninjurylaw.com\/?s={search_term_string}"},"query-input":"required name=search_term_string"}],"inLanguage":"pt-BR"},{"@type":"ImageObject","@id":"https:\/\/sullivaninjurylaw.com\/practice-areas\/other\/employment-discrimination\/#primaryimage","inLanguage":"pt-BR","url":"https:\/\/sullivaninjurylaw.com\/wp-content\/uploads\/2020\/11\/employment-discrimination.jpg","contentUrl":"https:\/\/sullivaninjurylaw.com\/wp-content\/uploads\/2020\/11\/employment-discrimination.jpg","width":1920,"height":1271,"caption":"Employment Discrimination"},{"@type":"WebPage","@id":"https:\/\/sullivaninjurylaw.com\/practice-areas\/other\/employment-discrimination\/#webpage","url":"https:\/\/sullivaninjurylaw.com\/practice-areas\/other\/employment-discrimination\/","name":"Boston Employment Discrimination Attorneys - Law Offices of Christopher Sullivan, P.C.","isPartOf":{"@id":"https:\/\/sullivaninjurylaw.com\/#website"},"primaryImageOfPage":{"@id":"https:\/\/sullivaninjurylaw.com\/practice-areas\/other\/employment-discrimination\/#primaryimage"},"datePublished":"2020-11-19T22:52:19+00:00","dateModified":"2021-08-10T23:41:09+00:00","description":"If you suffered from employment discrimination, contact our experienced Boston discrimination lawyers today for a free consultation.","breadcrumb":{"@id":"https:\/\/sullivaninjurylaw.com\/practice-areas\/other\/employment-discrimination\/#breadcrumb"},"inLanguage":"pt-BR","potentialAction":[{"@type":"ReadAction","target":["https:\/\/sullivaninjurylaw.com\/practice-areas\/other\/employment-discrimination\/"]}]},{"@type":"BreadcrumbList","@id":"https:\/\/sullivaninjurylaw.com\/practice-areas\/other\/employment-discrimination\/#breadcrumb","itemListElement":[{"@type":"ListItem","position":1,"name":"Home","item":"https:\/\/sullivaninjurylaw.com\/"},{"@type":"ListItem","position":2,"name":"Practice Areas","item":"https:\/\/sullivaninjurylaw.com\/practice-areas\/"},{"@type":"ListItem","position":3,"name":"Other","item":"https:\/\/sullivaninjurylaw.com\/practice-areas\/other\/"},{"@type":"ListItem","position":4,"name":"Employment Discrimination"}]}]}},"_links":{"self":[{"href":"https:\/\/sullivaninjurylaw.com\/pt\/wp-json\/wp\/v2\/pages\/301"}],"collection":[{"href":"https:\/\/sullivaninjurylaw.com\/pt\/wp-json\/wp\/v2\/pages"}],"about":[{"href":"https:\/\/sullivaninjurylaw.com\/pt\/wp-json\/wp\/v2\/types\/page"}],"author":[{"embeddable":true,"href":"https:\/\/sullivaninjurylaw.com\/pt\/wp-json\/wp\/v2\/users\/1"}],"replies":[{"embeddable":true,"href":"https:\/\/sullivaninjurylaw.com\/pt\/wp-json\/wp\/v2\/comments?post=301"}],"version-history":[{"count":7,"href":"https:\/\/sullivaninjurylaw.com\/pt\/wp-json\/wp\/v2\/pages\/301\/revisions"}],"predecessor-version":[{"id":1085,"href":"https:\/\/sullivaninjurylaw.com\/pt\/wp-json\/wp\/v2\/pages\/301\/revisions\/1085"}],"up":[{"embeddable":true,"href":"https:\/\/sullivaninjurylaw.com\/pt\/wp-json\/wp\/v2\/pages\/294"}],"wp:attachment":[{"href":"https:\/\/sullivaninjurylaw.com\/pt\/wp-json\/wp\/v2\/media?parent=301"}],"curies":[{"name":"wp","href":"https:\/\/api.w.org\/{rel}","templated":true}]}}