{"id":294,"date":"2020-11-19T17:47:53","date_gmt":"2020-11-19T22:47:53","guid":{"rendered":"http:\/\/sullivaninjurylaw2.southshoredigitalmarketing.com\/?page_id=294"},"modified":"2021-08-10T19:36:52","modified_gmt":"2021-08-10T23:36:52","slug":"other","status":"publish","type":"page","link":"https:\/\/sullivaninjurylaw.com\/pt\/areas-de-atuacao\/outro\/","title":{"rendered":"Outro"},"content":{"rendered":"<h1>\n\t\tAdvogados de ferimentos pessoais de Boston\n\t<\/h1>\n\t\t\t\t<img src=\"https:\/\/sullivaninjurylaw.com\/wp-content\/uploads\/2021\/02\/christopher-sullivan-on-phone-call-1024x576.jpg\" alt=\"Christopher Sullivan na liga\u00e7\u00e3o\" =\"image\" height=\"576\" width=\"1024\" title=\"Christopher Sullivan na liga\u00e7\u00e3o\" onerror=\"this.style.display='none'\"  \/>\n\t<p>Al\u00e9m das reivindica\u00e7\u00f5es de danos pessoais em Boston, Massachusetts, nossos advogados lidam com estas reivindica\u00e7\u00f5es:<\/p>\n<ul>\n<li><a href=\"https:\/\/sullivaninjurylaw.com\/pt\/areas-de-atuacao\/outro\/assedio-sexual\/\">Ass\u00e9dio sexual<\/a><\/li>\n<li><a href=\"https:\/\/sullivaninjurylaw.com\/pt\/areas-de-atuacao\/outro\/discriminacao-no-emprego\/\">Discrimina\u00e7\u00e3o de emprego<\/a><\/li>\n<\/ul>\n\t<p>Contate-nos<\/p>\n\t<p>Consulta gratuita<\/p>\n\t\n\t<p>Prefere agendar uma liga\u00e7\u00e3o com anteced\u00eancia? Escolha uma data e hora que funcione melhor para voc\u00ea com nosso <a href=\"https:\/\/02111-ma-christopher-sullivan-1354913.m-a-truescheduler.com\/?locale=en\" target=\"_blank\" rel=\"noopener\">agendador de compromissos<\/a>.<\/p>\n<h2>\n\t\tNos siga no Facebook\n\t<\/h2>\n\t<blockquote cite=\"https:\/\/www.facebook.com\/SullivanInjuryLaw\/\"><a href=\"https:\/\/www.facebook.com\/SullivanInjuryLaw\/\">Escrit\u00f3rios de Advocacia de Christopher Sullivan, PC<\/a><\/blockquote>","protected":false},"excerpt":{"rendered":"<p>Advogados de Danos Pessoais de Boston Al\u00e9m das reclama\u00e7\u00f5es de danos pessoais de Boston, Massachusetts, nossos advogados lidam com estas reclama\u00e7\u00f5es: Ass\u00e9dio Sexual Discrimina\u00e7\u00e3o no Emprego Fale Conosco Consulta Gratuita Prefere agendar uma liga\u00e7\u00e3o com anteced\u00eancia? Escolha uma data e hora que funcionem melhor para voc\u00ea com nosso agendador de compromissos. Siga-nos no Facebook Escrit\u00f3rios de advocacia de Christopher Sullivan,\u2026<\/p>","protected":false},"author":1,"featured_media":0,"parent":240,"menu_order":0,"comment_status":"closed","ping_status":"closed","template":"","meta":[],"yoast_head":"<!-- This site is optimized with the Yoast SEO plugin v18.5.1 - https:\/\/yoast.com\/wordpress\/plugins\/seo\/ -->\n<title>Boston Personal Injury Attorneys - Law Offices of Christopher...<\/title>\n<meta name=\"description\" content=\"The Law Offices of Christopher Sullivan, P.C. in Boston handles personal injury cases including car accidents, motorcycle accidents, &amp; more.\" \/>\n<meta name=\"robots\" content=\"index, follow, max-snippet:-1, max-image-preview:large, max-video-preview:-1\" \/>\n<link rel=\"canonical\" href=\"https:\/\/sullivaninjurylaw.com\/pt\/areas-de-atuacao\/outro\/\" \/>\n<meta property=\"og:locale\" content=\"pt_BR\" \/>\n<meta property=\"og:type\" content=\"article\" \/>\n<meta property=\"og:title\" content=\"Boston Personal Injury Attorneys - Law Offices of Christopher...\" \/>\n<meta property=\"og:description\" content=\"The Law Offices of Christopher Sullivan, P.C. in Boston handles personal injury cases including car accidents, motorcycle accidents, &amp; more.\" \/>\n<meta property=\"og:url\" content=\"https:\/\/sullivaninjurylaw.com\/pt\/areas-de-atuacao\/outro\/\" \/>\n<meta property=\"og:site_name\" content=\"Law Offices of Christopher Sullivan, P.C.\" \/>\n<meta property=\"article:publisher\" content=\"https:\/\/www.facebook.com\/SullivanInjuryLaw\/\" \/>\n<meta property=\"article:modified_time\" content=\"2021-08-10T23:36:52+00:00\" \/>\n<meta property=\"og:image\" content=\"https:\/\/sullivaninjurylaw.com\/wp-content\/uploads\/2021\/02\/christopher-sullivan-on-phone-call-1024x576.jpg\" \/>\n<meta name=\"twitter:card\" content=\"summary_large_image\" \/>\n<meta name=\"twitter:label1\" content=\"Est. tempo de leitura\" \/>\n\t<meta name=\"twitter:data1\" content=\"1 minuto\" \/>\n<!-- \/ Yoast SEO plugin. -->","yoast_head_json":{"title":"Boston Personal Injury Attorneys - Law Offices of Christopher...","description":"The Law Offices of Christopher Sullivan, P.C. in Boston handles personal injury cases including car accidents, motorcycle accidents, & more.","robots":{"index":"index","follow":"follow","max-snippet":"max-snippet:-1","max-image-preview":"max-image-preview:large","max-video-preview":"max-video-preview:-1"},"canonical":"https:\/\/sullivaninjurylaw.com\/pt\/areas-de-atuacao\/outro\/","og_locale":"pt_BR","og_type":"article","og_title":"Boston Personal Injury Attorneys - Law Offices of Christopher...","og_description":"The Law Offices of Christopher Sullivan, P.C. in Boston handles personal injury cases including car accidents, motorcycle accidents, & more.","og_url":"https:\/\/sullivaninjurylaw.com\/pt\/areas-de-atuacao\/outro\/","og_site_name":"Law Offices of Christopher Sullivan, P.C.","article_publisher":"https:\/\/www.facebook.com\/SullivanInjuryLaw\/","article_modified_time":"2021-08-10T23:36:52+00:00","og_image":[{"url":"https:\/\/sullivaninjurylaw.com\/wp-content\/uploads\/2021\/02\/christopher-sullivan-on-phone-call-1024x576.jpg"}],"twitter_card":"summary_large_image","twitter_misc":{"Est. tempo de leitura":"1 minuto"},"schema":{"@context":"https:\/\/schema.org","@graph":[{"@type":"WebSite","@id":"https:\/\/sullivaninjurylaw.com\/#website","url":"https:\/\/sullivaninjurylaw.com\/","name":"Law Offices of Christopher Sullivan, P.C.","description":"","potentialAction":[{"@type":"SearchAction","target":{"@type":"EntryPoint","urlTemplate":"https:\/\/sullivaninjurylaw.com\/?s={search_term_string}"},"query-input":"required name=search_term_string"}],"inLanguage":"pt-BR"},{"@type":"ImageObject","@id":"https:\/\/sullivaninjurylaw.com\/practice-areas\/other\/#primaryimage","inLanguage":"pt-BR","url":"https:\/\/sullivaninjurylaw.com\/wp-content\/uploads\/2021\/02\/christopher-sullivan-on-phone-call.jpg","contentUrl":"https:\/\/sullivaninjurylaw.com\/wp-content\/uploads\/2021\/02\/christopher-sullivan-on-phone-call.jpg","width":1920,"height":1080,"caption":"Christopher Sullivan on Phone Call"},{"@type":"WebPage","@id":"https:\/\/sullivaninjurylaw.com\/practice-areas\/other\/#webpage","url":"https:\/\/sullivaninjurylaw.com\/practice-areas\/other\/","name":"Boston Personal Injury Attorneys - Law Offices of Christopher...","isPartOf":{"@id":"https:\/\/sullivaninjurylaw.com\/#website"},"primaryImageOfPage":{"@id":"https:\/\/sullivaninjurylaw.com\/practice-areas\/other\/#primaryimage"},"datePublished":"2020-11-19T22:47:53+00:00","dateModified":"2021-08-10T23:36:52+00:00","description":"The Law Offices of Christopher Sullivan, P.C. in Boston handles personal injury cases including car accidents, motorcycle accidents, & more.","breadcrumb":{"@id":"https:\/\/sullivaninjurylaw.com\/practice-areas\/other\/#breadcrumb"},"inLanguage":"pt-BR","potentialAction":[{"@type":"ReadAction","target":["https:\/\/sullivaninjurylaw.com\/practice-areas\/other\/"]}]},{"@type":"BreadcrumbList","@id":"https:\/\/sullivaninjurylaw.com\/practice-areas\/other\/#breadcrumb","itemListElement":[{"@type":"ListItem","position":1,"name":"Home","item":"https:\/\/sullivaninjurylaw.com\/"},{"@type":"ListItem","position":2,"name":"Practice Areas","item":"https:\/\/sullivaninjurylaw.com\/practice-areas\/"},{"@type":"ListItem","position":3,"name":"Other"}]}]}},"_links":{"self":[{"href":"https:\/\/sullivaninjurylaw.com\/pt\/wp-json\/wp\/v2\/pages\/294"}],"collection":[{"href":"https:\/\/sullivaninjurylaw.com\/pt\/wp-json\/wp\/v2\/pages"}],"about":[{"href":"https:\/\/sullivaninjurylaw.com\/pt\/wp-json\/wp\/v2\/types\/page"}],"author":[{"embeddable":true,"href":"https:\/\/sullivaninjurylaw.com\/pt\/wp-json\/wp\/v2\/users\/1"}],"replies":[{"embeddable":true,"href":"https:\/\/sullivaninjurylaw.com\/pt\/wp-json\/wp\/v2\/comments?post=294"}],"version-history":[{"count":8,"href":"https:\/\/sullivaninjurylaw.com\/pt\/wp-json\/wp\/v2\/pages\/294\/revisions"}],"predecessor-version":[{"id":1081,"href":"https:\/\/sullivaninjurylaw.com\/pt\/wp-json\/wp\/v2\/pages\/294\/revisions\/1081"}],"up":[{"embeddable":true,"href":"https:\/\/sullivaninjurylaw.com\/pt\/wp-json\/wp\/v2\/pages\/240"}],"wp:attachment":[{"href":"https:\/\/sullivaninjurylaw.com\/pt\/wp-json\/wp\/v2\/media?parent=294"}],"curies":[{"name":"wp","href":"https:\/\/api.w.org\/{rel}","templated":true}]}}