{"id":288,"date":"2020-11-19T17:44:01","date_gmt":"2020-11-19T22:44:01","guid":{"rendered":"http:\/\/sullivaninjurylaw2.southshoredigitalmarketing.com\/?page_id=288"},"modified":"2021-08-20T08:27:16","modified_gmt":"2021-08-20T12:27:16","slug":"medical-malpractice","status":"publish","type":"page","link":"https:\/\/sullivaninjurylaw.com\/pt\/areas-de-atuacao\/lesao-corporal\/negligencia-medica\/","title":{"rendered":"Neglig\u00eancia m\u00e9dica"},"content":{"rendered":"<h1>\n\t\tAdvogados de neglig\u00eancia m\u00e9dica de Boston\n\t<\/h1>\n\t\t\t\t<img src=\"https:\/\/sullivaninjurylaw.com\/wp-content\/uploads\/2020\/11\/medical-malpractice-1024x683.jpg\" alt=\"Neglig\u00eancia m\u00e9dica\" =\"image\" height=\"683\" width=\"1024\" title=\"Neglig\u00eancia m\u00e9dica\" onerror=\"this.style.display='none'\">\n\t<p>Se voc\u00ea ou algu\u00e9m que voc\u00ea conhece foi ferido como resultado da neglig\u00eancia de um prestador de cuidados de sa\u00fade, pode haver motivos suficientes para uma reclama\u00e7\u00e3o de neglig\u00eancia m\u00e9dica contra o m\u00e9dico assistente ou a unidade de sa\u00fade em quest\u00e3o. Os desvios dos padr\u00f5es aceitos de cuidados m\u00e9dicos que d\u00e3o origem a uma reclama\u00e7\u00e3o de neglig\u00eancia m\u00e9dica podem incluir, mas certamente n\u00e3o est\u00e3o limitados a: Diagn\u00f3stico incorreto, Atraso no tratamento, Falta de tratamento adequado, Tratamento abaixo do padr\u00e3o, Falta de tratamento de acompanhamento apropriado e erros de prescri\u00e7\u00e3o.<\/p>\n<p>Se voc\u00ea acha que pode ter uma reclama\u00e7\u00e3o nesta \u00e1rea, \u00e9 importante entrar em contato conosco imediatamente. Somos advogados experientes em neglig\u00eancia m\u00e9dica de Boston. Quanto mais voc\u00ea esperar, maior ser\u00e1 a probabilidade de que registros m\u00e9dicos importantes e evid\u00eancias f\u00edsicas sejam perdidos ou perdidos e mais dif\u00edcil ser\u00e1 localizar poss\u00edveis testemunhas.<\/p>\n<p>&nbsp;<\/p>\n<h2>Se voc\u00ea se feriu em um acidente por neglig\u00eancia m\u00e9dica, siga estas etapas importantes para proteger seus interesses:<\/h2>\n<ul>\n<li>Entre imediatamente em contato com um advogado experiente em acidentes com neglig\u00eancia m\u00e9dica em Massachusetts para ajudar a proteger seus direitos.<\/li>\n<li>N\u00e3o fa\u00e7a declara\u00e7\u00f5es para a seguradora ou assine qualquer documenta\u00e7\u00e3o de seguro sem primeiro consultar um advogado.<\/li>\n<li>Se sentir alguma dor ou desconforto ap\u00f3s o acidente, v\u00e1 imediatamente ao hospital para obter tratamento m\u00e9dico adequado.<\/li>\n<li>Siga todos os conselhos dados por profissionais m\u00e9dicos, incluindo consultas de acompanhamento e tratamento.<\/li>\n<li>Se voc\u00ea vai faltar a algum tempo do trabalho, certifique-se de obter um atestado m\u00e9dico explicando que voc\u00ea foi aconselhado por um m\u00e9dico a tirar uma folga.<\/li>\n<li>Mais importante de tudo, certifique-se de consultar um advogado de acidentes por neglig\u00eancia m\u00e9dica de Boston imediatamente para se certificar de que voc\u00ea est\u00e1 ciente de seus direitos legais relacionados ao acidente e seus ferimentos. Os advogados dos Escrit\u00f3rios de Advocacia de Christopher Sullivan, PC n\u00e3o cobrar\u00e3o por uma consulta inicial, ent\u00e3o voc\u00ea n\u00e3o tem absolutamente nada a perder ao nos falar sobre seu acidente e seus ferimentos.<\/li>\n<\/ul>\n\t<p>Contate-nos<\/p>\n\t<p>Consulta gratuita<\/p>\n\t\n\t<p>Prefere agendar uma liga\u00e7\u00e3o com anteced\u00eancia? Escolha uma data e hora que funcione melhor para voc\u00ea com nosso <a href=\"https:\/\/02111-ma-christopher-sullivan-1354913.m-a-truescheduler.com\/?locale=en\" target=\"_blank\" rel=\"noopener\">agendador de compromissos<\/a>.<\/p>\n<h2>\n\t\tNos siga no Facebook\n\t<\/h2>\n\t<blockquote cite=\"https:\/\/www.facebook.com\/SullivanInjuryLaw\/\"><a href=\"https:\/\/www.facebook.com\/SullivanInjuryLaw\/\">Escrit\u00f3rios de Advocacia de Christopher Sullivan, PC<\/a><\/blockquote>","protected":false},"excerpt":{"rendered":"<p>Advogados de Imper\u00edcia M\u00e9dica de Boston Se voc\u00ea ou algu\u00e9m que voc\u00ea conhece foi ferido como resultado da neglig\u00eancia de um provedor de cuidados de sa\u00fade, pode haver motivos suficientes para uma reclama\u00e7\u00e3o de Imper\u00edcia M\u00e9dica contra o m\u00e9dico respons\u00e1vel pelo tratamento ou a unidade de sa\u00fade em quest\u00e3o. Desvios dos padr\u00f5es aceitos de cuidados m\u00e9dicos que d\u00e3o origem a ...<\/p>","protected":false},"author":1,"featured_media":0,"parent":182,"menu_order":0,"comment_status":"closed","ping_status":"closed","template":"","meta":[],"yoast_head":"<!-- This site is optimized with the Yoast SEO plugin v18.5.1 - https:\/\/yoast.com\/wordpress\/plugins\/seo\/ -->\n<title>Boston Medical Malpractice Attorneys - Law Offices of Christopher Sullivan, P.C.<\/title>\n<meta name=\"description\" content=\"If you suffered injuries from medical malpractice, contact Law Offices of Christopher Sullivan, P.C. today for a free consultation.\" \/>\n<meta name=\"robots\" content=\"index, follow, max-snippet:-1, max-image-preview:large, max-video-preview:-1\" \/>\n<link rel=\"canonical\" href=\"https:\/\/sullivaninjurylaw.com\/pt\/areas-de-atuacao\/lesao-corporal\/negligencia-medica\/\" \/>\n<meta property=\"og:locale\" content=\"pt_BR\" \/>\n<meta property=\"og:type\" content=\"article\" \/>\n<meta property=\"og:title\" content=\"Boston Medical Malpractice Attorneys - Law Offices of Christopher Sullivan, P.C.\" \/>\n<meta property=\"og:description\" content=\"If you suffered injuries from medical malpractice, contact Law Offices of Christopher Sullivan, P.C. today for a free consultation.\" \/>\n<meta property=\"og:url\" content=\"https:\/\/sullivaninjurylaw.com\/pt\/areas-de-atuacao\/lesao-corporal\/negligencia-medica\/\" \/>\n<meta property=\"og:site_name\" content=\"Law Offices of Christopher Sullivan, P.C.\" \/>\n<meta property=\"article:publisher\" content=\"https:\/\/www.facebook.com\/SullivanInjuryLaw\/\" \/>\n<meta property=\"article:modified_time\" content=\"2021-08-20T12:27:16+00:00\" \/>\n<meta property=\"og:image\" content=\"https:\/\/sullivaninjurylaw.com\/wp-content\/uploads\/2020\/11\/medical-malpractice-1024x683.jpg\" \/>\n<meta name=\"twitter:card\" content=\"summary_large_image\" \/>\n<meta name=\"twitter:label1\" content=\"Est. tempo de leitura\" \/>\n\t<meta name=\"twitter:data1\" content=\"2 minutos\" \/>\n<!-- \/ Yoast SEO plugin. -->","yoast_head_json":{"title":"Boston Medical Malpractice Attorneys - Law Offices of Christopher Sullivan, P.C.","description":"If you suffered injuries from medical malpractice, contact Law Offices of Christopher Sullivan, P.C. today for a free consultation.","robots":{"index":"index","follow":"follow","max-snippet":"max-snippet:-1","max-image-preview":"max-image-preview:large","max-video-preview":"max-video-preview:-1"},"canonical":"https:\/\/sullivaninjurylaw.com\/pt\/areas-de-atuacao\/lesao-corporal\/negligencia-medica\/","og_locale":"pt_BR","og_type":"article","og_title":"Boston Medical Malpractice Attorneys - Law Offices of Christopher Sullivan, P.C.","og_description":"If you suffered injuries from medical malpractice, contact Law Offices of Christopher Sullivan, P.C. today for a free consultation.","og_url":"https:\/\/sullivaninjurylaw.com\/pt\/areas-de-atuacao\/lesao-corporal\/negligencia-medica\/","og_site_name":"Law Offices of Christopher Sullivan, P.C.","article_publisher":"https:\/\/www.facebook.com\/SullivanInjuryLaw\/","article_modified_time":"2021-08-20T12:27:16+00:00","og_image":[{"url":"https:\/\/sullivaninjurylaw.com\/wp-content\/uploads\/2020\/11\/medical-malpractice-1024x683.jpg"}],"twitter_card":"summary_large_image","twitter_misc":{"Est. tempo de leitura":"2 minutos"},"schema":{"@context":"https:\/\/schema.org","@graph":[{"@type":"WebSite","@id":"https:\/\/sullivaninjurylaw.com\/#website","url":"https:\/\/sullivaninjurylaw.com\/","name":"Law Offices of Christopher Sullivan, P.C.","description":"","potentialAction":[{"@type":"SearchAction","target":{"@type":"EntryPoint","urlTemplate":"https:\/\/sullivaninjurylaw.com\/?s={search_term_string}"},"query-input":"required name=search_term_string"}],"inLanguage":"pt-BR"},{"@type":"ImageObject","@id":"https:\/\/sullivaninjurylaw.com\/practice-areas\/personal-injury\/medical-malpractice\/#primaryimage","inLanguage":"pt-BR","url":"https:\/\/sullivaninjurylaw.com\/wp-content\/uploads\/2020\/11\/medical-malpractice.jpg","contentUrl":"https:\/\/sullivaninjurylaw.com\/wp-content\/uploads\/2020\/11\/medical-malpractice.jpg","width":1920,"height":1280,"caption":"Medical Malpractice"},{"@type":"WebPage","@id":"https:\/\/sullivaninjurylaw.com\/practice-areas\/personal-injury\/medical-malpractice\/#webpage","url":"https:\/\/sullivaninjurylaw.com\/practice-areas\/personal-injury\/medical-malpractice\/","name":"Boston Medical Malpractice Attorneys - Law Offices of Christopher Sullivan, P.C.","isPartOf":{"@id":"https:\/\/sullivaninjurylaw.com\/#website"},"primaryImageOfPage":{"@id":"https:\/\/sullivaninjurylaw.com\/practice-areas\/personal-injury\/medical-malpractice\/#primaryimage"},"datePublished":"2020-11-19T22:44:01+00:00","dateModified":"2021-08-20T12:27:16+00:00","description":"If you suffered injuries from medical malpractice, contact Law Offices of Christopher Sullivan, P.C. today for a free consultation.","breadcrumb":{"@id":"https:\/\/sullivaninjurylaw.com\/practice-areas\/personal-injury\/medical-malpractice\/#breadcrumb"},"inLanguage":"pt-BR","potentialAction":[{"@type":"ReadAction","target":["https:\/\/sullivaninjurylaw.com\/practice-areas\/personal-injury\/medical-malpractice\/"]}]},{"@type":"BreadcrumbList","@id":"https:\/\/sullivaninjurylaw.com\/practice-areas\/personal-injury\/medical-malpractice\/#breadcrumb","itemListElement":[{"@type":"ListItem","position":1,"name":"Home","item":"https:\/\/sullivaninjurylaw.com\/"},{"@type":"ListItem","position":2,"name":"Practice Areas","item":"https:\/\/sullivaninjurylaw.com\/practice-areas\/"},{"@type":"ListItem","position":3,"name":"Personal Injury","item":"https:\/\/sullivaninjurylaw.com\/practice-areas\/personal-injury\/"},{"@type":"ListItem","position":4,"name":"Medical Malpractice"}]}]}},"_links":{"self":[{"href":"https:\/\/sullivaninjurylaw.com\/pt\/wp-json\/wp\/v2\/pages\/288"}],"collection":[{"href":"https:\/\/sullivaninjurylaw.com\/pt\/wp-json\/wp\/v2\/pages"}],"about":[{"href":"https:\/\/sullivaninjurylaw.com\/pt\/wp-json\/wp\/v2\/types\/page"}],"author":[{"embeddable":true,"href":"https:\/\/sullivaninjurylaw.com\/pt\/wp-json\/wp\/v2\/users\/1"}],"replies":[{"embeddable":true,"href":"https:\/\/sullivaninjurylaw.com\/pt\/wp-json\/wp\/v2\/comments?post=288"}],"version-history":[{"count":6,"href":"https:\/\/sullivaninjurylaw.com\/pt\/wp-json\/wp\/v2\/pages\/288\/revisions"}],"predecessor-version":[{"id":1104,"href":"https:\/\/sullivaninjurylaw.com\/pt\/wp-json\/wp\/v2\/pages\/288\/revisions\/1104"}],"up":[{"embeddable":true,"href":"https:\/\/sullivaninjurylaw.com\/pt\/wp-json\/wp\/v2\/pages\/182"}],"wp:attachment":[{"href":"https:\/\/sullivaninjurylaw.com\/pt\/wp-json\/wp\/v2\/media?parent=288"}],"curies":[{"name":"wp","href":"https:\/\/api.w.org\/{rel}","templated":true}]}}