{"id":285,"date":"2020-11-19T17:42:14","date_gmt":"2020-11-19T22:42:14","guid":{"rendered":"http:\/\/sullivaninjurylaw2.southshoredigitalmarketing.com\/?page_id=285"},"modified":"2021-08-20T08:28:58","modified_gmt":"2021-08-20T12:28:58","slug":"wrongful-death","status":"publish","type":"page","link":"https:\/\/sullivaninjurylaw.com\/pt\/areas-de-atuacao\/lesao-corporal\/homicidio-culposo\/","title":{"rendered":"Homic\u00eddio culposo"},"content":{"rendered":"<h1>\n\t\tAdvogados de homic\u00eddio culposo de Boston\n\t<\/h1>\n\t\t\t\t<img src=\"https:\/\/sullivaninjurylaw.com\/wp-content\/uploads\/2020\/11\/wrongful-death-1024x684.jpg\" alt=\"Homic\u00eddio culposo\" =\"image\" height=\"684\" width=\"1024\" title=\"Homic\u00eddio culposo\" onerror=\"this.style.display='none'\">\n\t<p>Uma reivindica\u00e7\u00e3o de morte il\u00edcita \u00e9 uma causa legal de a\u00e7\u00e3o que pode ser proposta em nome do c\u00f4njuge sobrevivente, filhos e pais de um falecido para compens\u00e1-los pelas perdas emocionais e financeiras que sofreram resultantes da morte de um membro da fam\u00edlia que foi causados por neglig\u00eancia, conduta imprudente ou ato intencional de outrem.<\/p>\n<p>Se voc\u00ea acha que pode ter uma reclama\u00e7\u00e3o nesta \u00e1rea, \u00e9 importante entrar em contato conosco imediatamente. Somos advogados experientes em homic\u00eddio culposo de Boston. Quanto mais voc\u00ea esperar, maior ser\u00e1 a probabilidade de perda de evid\u00eancias f\u00edsicas importantes e mais dif\u00edcil ser\u00e1 localizar poss\u00edveis testemunhas do incidente.<\/p>\n<p>&nbsp;<\/p>\n<h2>Se voc\u00ea acredita que pode ter uma poss\u00edvel reclama\u00e7\u00e3o por homic\u00eddio culposo com base na morte de um membro da fam\u00edlia ou ente querido, siga estas etapas importantes para proteger seus interesses:<\/h2>\n<ul>\n<li>Contate imediatamente um advogado experiente em homic\u00eddio culposo de Massachusetts para ajudar a proteger seus direitos.<\/li>\n<li>N\u00e3o fa\u00e7a declara\u00e7\u00f5es a uma seguradora ou assine qualquer documenta\u00e7\u00e3o de seguro sem primeiro consultar um advogado.<\/li>\n<li>Mais importante de tudo, certifique-se de consultar um advogado de homic\u00eddio culposo de Boston imediatamente para ter certeza de que est\u00e1 ciente de seus direitos legais. Os advogados dos Escrit\u00f3rios de Advocacia de Christopher Sullivan, PC n\u00e3o cobrar\u00e3o por uma consulta inicial, portanto, voc\u00ea n\u00e3o tem absolutamente nada a perder conversando conosco.<\/li>\n<\/ul>\n\t<p>Contate-nos<\/p>\n\t<p>Consulta gratuita<\/p>\n\t\n\t<p>Prefere agendar uma liga\u00e7\u00e3o com anteced\u00eancia? Escolha uma data e hora que funcione melhor para voc\u00ea com nosso <a href=\"https:\/\/02111-ma-christopher-sullivan-1354913.m-a-truescheduler.com\/?locale=en\" target=\"_blank\" rel=\"noopener\">agendador de compromissos<\/a>.<\/p>\n<h2>\n\t\tNos siga no Facebook\n\t<\/h2>\n\t<blockquote cite=\"https:\/\/www.facebook.com\/SullivanInjuryLaw\/\"><a href=\"https:\/\/www.facebook.com\/SullivanInjuryLaw\/\">Escrit\u00f3rios de Advocacia de Christopher Sullivan, PC<\/a><\/blockquote>","protected":false},"excerpt":{"rendered":"<p>Advogados de morte por neglig\u00eancia de Boston Uma reclama\u00e7\u00e3o de morte por neglig\u00eancia \u00e9 uma causa legal de a\u00e7\u00e3o que pode ser movida em nome do c\u00f4njuge sobrevivente, filhos e pais de um falecido para compens\u00e1-los pelas perdas emocionais e financeiras que sofreram resultantes da morte de um membro da fam\u00edlia que foi causado por ...<\/p>","protected":false},"author":1,"featured_media":0,"parent":182,"menu_order":0,"comment_status":"closed","ping_status":"closed","template":"","meta":[],"yoast_head":"<!-- This site is optimized with the Yoast SEO plugin v18.5.1 - https:\/\/yoast.com\/wordpress\/plugins\/seo\/ -->\n<title>Boston Wrongful Death Attorneys - Law Offices of Christopher Sullivan, P.C.<\/title>\n<meta name=\"description\" content=\"If you&#039;ve suffered due to a wrongful death, contact Law Offices of Christopher Sullivan, P.C. today for a free consultation.\" \/>\n<meta name=\"robots\" content=\"index, follow, max-snippet:-1, max-image-preview:large, max-video-preview:-1\" \/>\n<link rel=\"canonical\" href=\"https:\/\/sullivaninjurylaw.com\/pt\/areas-de-atuacao\/lesao-corporal\/homicidio-culposo\/\" \/>\n<meta property=\"og:locale\" content=\"pt_BR\" \/>\n<meta property=\"og:type\" content=\"article\" \/>\n<meta property=\"og:title\" content=\"Boston Wrongful Death Attorneys - Law Offices of Christopher Sullivan, P.C.\" \/>\n<meta property=\"og:description\" content=\"If you&#039;ve suffered due to a wrongful death, contact Law Offices of Christopher Sullivan, P.C. today for a free consultation.\" \/>\n<meta property=\"og:url\" content=\"https:\/\/sullivaninjurylaw.com\/pt\/areas-de-atuacao\/lesao-corporal\/homicidio-culposo\/\" \/>\n<meta property=\"og:site_name\" content=\"Law Offices of Christopher Sullivan, P.C.\" \/>\n<meta property=\"article:publisher\" content=\"https:\/\/www.facebook.com\/SullivanInjuryLaw\/\" \/>\n<meta property=\"article:modified_time\" content=\"2021-08-20T12:28:58+00:00\" \/>\n<meta property=\"og:image\" content=\"https:\/\/sullivaninjurylaw.com\/wp-content\/uploads\/2020\/11\/wrongful-death-1024x684.jpg\" \/>\n<meta name=\"twitter:card\" content=\"summary_large_image\" \/>\n<meta name=\"twitter:label1\" content=\"Est. tempo de leitura\" \/>\n\t<meta name=\"twitter:data1\" content=\"2 minutos\" \/>\n<!-- \/ Yoast SEO plugin. -->","yoast_head_json":{"title":"Boston Wrongful Death Attorneys - Law Offices of Christopher Sullivan, P.C.","description":"If you've suffered due to a wrongful death, contact Law Offices of Christopher Sullivan, P.C. today for a free consultation.","robots":{"index":"index","follow":"follow","max-snippet":"max-snippet:-1","max-image-preview":"max-image-preview:large","max-video-preview":"max-video-preview:-1"},"canonical":"https:\/\/sullivaninjurylaw.com\/pt\/areas-de-atuacao\/lesao-corporal\/homicidio-culposo\/","og_locale":"pt_BR","og_type":"article","og_title":"Boston Wrongful Death Attorneys - Law Offices of Christopher Sullivan, P.C.","og_description":"If you've suffered due to a wrongful death, contact Law Offices of Christopher Sullivan, P.C. today for a free consultation.","og_url":"https:\/\/sullivaninjurylaw.com\/pt\/areas-de-atuacao\/lesao-corporal\/homicidio-culposo\/","og_site_name":"Law Offices of Christopher Sullivan, P.C.","article_publisher":"https:\/\/www.facebook.com\/SullivanInjuryLaw\/","article_modified_time":"2021-08-20T12:28:58+00:00","og_image":[{"url":"https:\/\/sullivaninjurylaw.com\/wp-content\/uploads\/2020\/11\/wrongful-death-1024x684.jpg"}],"twitter_card":"summary_large_image","twitter_misc":{"Est. tempo de leitura":"2 minutos"},"schema":{"@context":"https:\/\/schema.org","@graph":[{"@type":"WebSite","@id":"https:\/\/sullivaninjurylaw.com\/#website","url":"https:\/\/sullivaninjurylaw.com\/","name":"Law Offices of Christopher Sullivan, P.C.","description":"","potentialAction":[{"@type":"SearchAction","target":{"@type":"EntryPoint","urlTemplate":"https:\/\/sullivaninjurylaw.com\/?s={search_term_string}"},"query-input":"required name=search_term_string"}],"inLanguage":"pt-BR"},{"@type":"ImageObject","@id":"https:\/\/sullivaninjurylaw.com\/practice-areas\/personal-injury\/wrongful-death\/#primaryimage","inLanguage":"pt-BR","url":"https:\/\/sullivaninjurylaw.com\/wp-content\/uploads\/2020\/11\/wrongful-death.jpg","contentUrl":"https:\/\/sullivaninjurylaw.com\/wp-content\/uploads\/2020\/11\/wrongful-death.jpg","width":1618,"height":1080,"caption":"Wrongful Death"},{"@type":"WebPage","@id":"https:\/\/sullivaninjurylaw.com\/practice-areas\/personal-injury\/wrongful-death\/#webpage","url":"https:\/\/sullivaninjurylaw.com\/practice-areas\/personal-injury\/wrongful-death\/","name":"Boston Wrongful Death Attorneys - Law Offices of Christopher Sullivan, P.C.","isPartOf":{"@id":"https:\/\/sullivaninjurylaw.com\/#website"},"primaryImageOfPage":{"@id":"https:\/\/sullivaninjurylaw.com\/practice-areas\/personal-injury\/wrongful-death\/#primaryimage"},"datePublished":"2020-11-19T22:42:14+00:00","dateModified":"2021-08-20T12:28:58+00:00","description":"If you've suffered due to a wrongful death, contact Law Offices of Christopher Sullivan, P.C. today for a free consultation.","breadcrumb":{"@id":"https:\/\/sullivaninjurylaw.com\/practice-areas\/personal-injury\/wrongful-death\/#breadcrumb"},"inLanguage":"pt-BR","potentialAction":[{"@type":"ReadAction","target":["https:\/\/sullivaninjurylaw.com\/practice-areas\/personal-injury\/wrongful-death\/"]}]},{"@type":"BreadcrumbList","@id":"https:\/\/sullivaninjurylaw.com\/practice-areas\/personal-injury\/wrongful-death\/#breadcrumb","itemListElement":[{"@type":"ListItem","position":1,"name":"Home","item":"https:\/\/sullivaninjurylaw.com\/"},{"@type":"ListItem","position":2,"name":"Practice Areas","item":"https:\/\/sullivaninjurylaw.com\/practice-areas\/"},{"@type":"ListItem","position":3,"name":"Personal Injury","item":"https:\/\/sullivaninjurylaw.com\/practice-areas\/personal-injury\/"},{"@type":"ListItem","position":4,"name":"Wrongful Death"}]}]}},"_links":{"self":[{"href":"https:\/\/sullivaninjurylaw.com\/pt\/wp-json\/wp\/v2\/pages\/285"}],"collection":[{"href":"https:\/\/sullivaninjurylaw.com\/pt\/wp-json\/wp\/v2\/pages"}],"about":[{"href":"https:\/\/sullivaninjurylaw.com\/pt\/wp-json\/wp\/v2\/types\/page"}],"author":[{"embeddable":true,"href":"https:\/\/sullivaninjurylaw.com\/pt\/wp-json\/wp\/v2\/users\/1"}],"replies":[{"embeddable":true,"href":"https:\/\/sullivaninjurylaw.com\/pt\/wp-json\/wp\/v2\/comments?post=285"}],"version-history":[{"count":7,"href":"https:\/\/sullivaninjurylaw.com\/pt\/wp-json\/wp\/v2\/pages\/285\/revisions"}],"predecessor-version":[{"id":1111,"href":"https:\/\/sullivaninjurylaw.com\/pt\/wp-json\/wp\/v2\/pages\/285\/revisions\/1111"}],"up":[{"embeddable":true,"href":"https:\/\/sullivaninjurylaw.com\/pt\/wp-json\/wp\/v2\/pages\/182"}],"wp:attachment":[{"href":"https:\/\/sullivaninjurylaw.com\/pt\/wp-json\/wp\/v2\/media?parent=285"}],"curies":[{"name":"wp","href":"https:\/\/api.w.org\/{rel}","templated":true}]}}