{"id":270,"date":"2020-11-19T17:34:41","date_gmt":"2020-11-19T22:34:41","guid":{"rendered":"http:\/\/sullivaninjurylaw2.southshoredigitalmarketing.com\/?page_id=270"},"modified":"2021-08-20T08:29:19","modified_gmt":"2021-08-20T12:29:19","slug":"hit-and-run","status":"publish","type":"page","link":"https:\/\/sullivaninjurylaw.com\/pt\/areas-de-atuacao\/lesao-corporal\/atropelamento-e-fuga\/","title":{"rendered":"Atropelamento e Fuga"},"content":{"rendered":"<h1>\n\t\tAdvogados de Boston Hit and Run\n\t<\/h1>\n\t\t\t\t<img src=\"https:\/\/sullivaninjurylaw.com\/wp-content\/uploads\/2020\/11\/hit-and-run-accidents-1024x667.jpg\" alt=\"Acidentes de atropelamento e execu\u00e7\u00e3o\" =\"image\" height=\"667\" width=\"1024\" title=\"Acidentes de atropelamento e execu\u00e7\u00e3o\" onerror=\"this.style.display='none'\">\n\t<p>Mais frequentemente do que se poderia pensar, o motorista culpado por um acidente com ve\u00edculo motorizado n\u00e3o tem seguro ou foge do local do acidente e nunca \u00e9 identificado. Alguns acreditam erroneamente que isso significa que eles n\u00e3o podem fazer uma reivindica\u00e7\u00e3o de seguro para seus ferimentos. No entanto, ao contr\u00e1rio do que muitos possam pensar, as v\u00edtimas feridas t\u00eam o direito de fazer uma reclama\u00e7\u00e3o e receber os benef\u00edcios do seguro por meio de suas pr\u00f3prias ap\u00f3lices de seguro ou mesmo por meio de ap\u00f3lices de seguro pertencentes a membros residentes da fam\u00edlia nesses casos.<\/p>\n<p>De acordo com as leis de Massachusetts, todo motorista segurado tem em sua ap\u00f3lice o que \u00e9 chamado de Benef\u00edcios para Motoristas N\u00e3o Segurados. Todos os motoristas segurados em Massachusetts pagam por essa cobertura como parte do pr\u00eamio do seguro de carro todos os anos, e o pr\u00eamio dessa cobertura n\u00e3o aumenta quando uma reclama\u00e7\u00e3o \u00e9 feita, desde que voc\u00ea n\u00e3o seja considerado culpado pelo acidente. Mesmo que voc\u00ea n\u00e3o tenha seguro pessoal em Massachusetts, voc\u00ea pode ter direito a essa cobertura por meio de qualquer membro da sua resid\u00eancia que tenha um ve\u00edculo segurado ou at\u00e9 mesmo do ve\u00edculo que voc\u00ea ocupava no momento do acidente.<\/p>\n<p>\u00c9 importante que um advogado entre em contato com a companhia de seguros apropriada o mais r\u00e1pido poss\u00edvel nesses casos, para que eles sejam informados com anteced\u00eancia sobre o sinistro, a fim de investigar as circunst\u00e2ncias do acidente. Portanto, se voc\u00ea se envolveu em um acidente causado por um driver n\u00e3o segurado ou atropelamento e fuga, \u00e9 muito importante que voc\u00ea entre em contato conosco imediatamente. Como acontece com qualquer outro acidente, as v\u00edtimas feridas de acidentes n\u00e3o segurados ou atropelados muitas vezes sofrem n\u00e3o s\u00f3 de les\u00f5es f\u00edsicas, mas tamb\u00e9m de perdas econ\u00f4micas devido a sal\u00e1rios perdidos e contas m\u00e9dicas. Muitas v\u00edtimas feridas tamb\u00e9m sofrem de ang\u00fastia mental associada, incluindo uma diminui\u00e7\u00e3o do prazer de viver.<\/p>\n<p>Independentemente de como voc\u00ea se sinta imediatamente ap\u00f3s um acidente, voc\u00ea deve procurar o conselho de um advogado experiente em Boston batido e executado imediatamente. Certos ferimentos podem n\u00e3o se manifestar at\u00e9 dias ap\u00f3s o acidente e, nesse momento, evid\u00eancias f\u00edsicas importantes podem ser perdidas e as testemunhas podem se tornar mais dif\u00edceis de encontrar. Al\u00e9m disso, at\u00e9 mesmo dores leves podem muitas vezes ser uma indica\u00e7\u00e3o de uma les\u00e3o mais significativa. Portanto, mesmo se voc\u00ea achar que seu ferimento pode ser de menor gravidade, \u00e9 importante que voc\u00ea procure atendimento m\u00e9dico imediatamente.<\/p>\n<p>&nbsp;<\/p>\n<h2>Se voc\u00ea se feriu em um acidente envolvendo um motorista sem seguro ou atropelado, siga estas etapas importantes para proteger seus interesses:<\/h2>\n<ul>\n<li>Contate imediatamente um advogado experiente em acidentes de tr\u00e2nsito em Massachusetts para ajudar a proteger seus direitos.<\/li>\n<li>N\u00e3o fa\u00e7a declara\u00e7\u00f5es para a seguradora ou assine qualquer documenta\u00e7\u00e3o de seguro sem primeiro consultar um advogado.<\/li>\n<li>Se sentir alguma dor ou desconforto ap\u00f3s o acidente, v\u00e1 imediatamente ao hospital para obter tratamento m\u00e9dico adequado.<\/li>\n<li>Siga todos os conselhos dados por profissionais m\u00e9dicos, incluindo consultas de acompanhamento e tratamento.<\/li>\n<li>Se voc\u00ea vai faltar a algum tempo do trabalho, certifique-se de obter um atestado m\u00e9dico explicando que voc\u00ea foi aconselhado por um m\u00e9dico a tirar uma folga.<\/li>\n<li>Mais importante de tudo, certifique-se de consultar um advogado especializado em acidentes de Boston imediatamente para se certificar de que voc\u00ea est\u00e1 ciente de seus direitos legais relacionados ao acidente e seus ferimentos. Os advogados dos Escrit\u00f3rios de Advocacia de Christopher Sullivan, PC n\u00e3o cobrar\u00e3o por uma consulta inicial, ent\u00e3o voc\u00ea n\u00e3o tem absolutamente nada a perder ao nos falar sobre seu acidente e seus ferimentos.<\/li>\n<\/ul>\n\t<p>Contate-nos<\/p>\n\t<p>Consulta gratuita<\/p>\n\t\n\t<p>Prefere agendar uma liga\u00e7\u00e3o com anteced\u00eancia? Escolha uma data e hora que funcione melhor para voc\u00ea com nosso <a href=\"https:\/\/02111-ma-christopher-sullivan-1354913.m-a-truescheduler.com\/?locale=en\" target=\"_blank\" rel=\"noopener\">agendador de compromissos<\/a>.<\/p>\n<h2>\n\t\tNos siga no Facebook\n\t<\/h2>\n\t<blockquote cite=\"https:\/\/www.facebook.com\/SullivanInjuryLaw\/\"><a href=\"https:\/\/www.facebook.com\/SullivanInjuryLaw\/\">Escrit\u00f3rios de Advocacia de Christopher Sullivan, PC<\/a><\/blockquote>","protected":false},"excerpt":{"rendered":"<p>Advogados de Boston Hit and Run Mais frequentemente do que se poderia pensar, o motorista culpado por um acidente com ve\u00edculo motorizado n\u00e3o tem seguro ou foge do local do acidente e nunca \u00e9 identificado. Alguns acreditam erroneamente que isso significa que eles n\u00e3o podem fazer uma reivindica\u00e7\u00e3o de seguro para seus ferimentos. No entanto, ao contr\u00e1rio do que muitos podem ...<\/p>","protected":false},"author":1,"featured_media":0,"parent":182,"menu_order":0,"comment_status":"closed","ping_status":"closed","template":"","meta":[],"yoast_head":"<!-- This site is optimized with the Yoast SEO plugin v18.5.1 - https:\/\/yoast.com\/wordpress\/plugins\/seo\/ -->\n<title>Boston Hit and Run Attorneys - Law Offices of Christopher Sullivan, P.C.<\/title>\n<meta name=\"description\" content=\"If you suffered injuries from a hit and run accident, contact Law Offices of Christopher Sullivan, P.C. today for a free consultation.\" \/>\n<meta name=\"robots\" content=\"index, follow, max-snippet:-1, max-image-preview:large, max-video-preview:-1\" \/>\n<link rel=\"canonical\" href=\"https:\/\/sullivaninjurylaw.com\/pt\/areas-de-atuacao\/lesao-corporal\/atropelamento-e-fuga\/\" \/>\n<meta property=\"og:locale\" content=\"pt_BR\" \/>\n<meta property=\"og:type\" content=\"article\" \/>\n<meta property=\"og:title\" content=\"Boston Hit and Run Attorneys - Law Offices of Christopher Sullivan, P.C.\" \/>\n<meta property=\"og:description\" content=\"If you suffered injuries from a hit and run accident, contact Law Offices of Christopher Sullivan, P.C. today for a free consultation.\" \/>\n<meta property=\"og:url\" content=\"https:\/\/sullivaninjurylaw.com\/pt\/areas-de-atuacao\/lesao-corporal\/atropelamento-e-fuga\/\" \/>\n<meta property=\"og:site_name\" content=\"Law Offices of Christopher Sullivan, P.C.\" \/>\n<meta property=\"article:publisher\" content=\"https:\/\/www.facebook.com\/SullivanInjuryLaw\/\" \/>\n<meta property=\"article:modified_time\" content=\"2021-08-20T12:29:19+00:00\" \/>\n<meta property=\"og:image\" content=\"https:\/\/sullivaninjurylaw.com\/wp-content\/uploads\/2020\/11\/hit-and-run-accidents-1024x667.jpg\" \/>\n<meta name=\"twitter:card\" content=\"summary_large_image\" \/>\n<meta name=\"twitter:label1\" content=\"Est. tempo de leitura\" \/>\n\t<meta name=\"twitter:data1\" content=\"3 minutos\" \/>\n<!-- \/ Yoast SEO plugin. -->","yoast_head_json":{"title":"Boston Hit and Run Attorneys - Law Offices of Christopher Sullivan, P.C.","description":"If you suffered injuries from a hit and run accident, contact Law Offices of Christopher Sullivan, P.C. today for a free consultation.","robots":{"index":"index","follow":"follow","max-snippet":"max-snippet:-1","max-image-preview":"max-image-preview:large","max-video-preview":"max-video-preview:-1"},"canonical":"https:\/\/sullivaninjurylaw.com\/pt\/areas-de-atuacao\/lesao-corporal\/atropelamento-e-fuga\/","og_locale":"pt_BR","og_type":"article","og_title":"Boston Hit and Run Attorneys - Law Offices of Christopher Sullivan, P.C.","og_description":"If you suffered injuries from a hit and run accident, contact Law Offices of Christopher Sullivan, P.C. today for a free consultation.","og_url":"https:\/\/sullivaninjurylaw.com\/pt\/areas-de-atuacao\/lesao-corporal\/atropelamento-e-fuga\/","og_site_name":"Law Offices of Christopher Sullivan, P.C.","article_publisher":"https:\/\/www.facebook.com\/SullivanInjuryLaw\/","article_modified_time":"2021-08-20T12:29:19+00:00","og_image":[{"url":"https:\/\/sullivaninjurylaw.com\/wp-content\/uploads\/2020\/11\/hit-and-run-accidents-1024x667.jpg"}],"twitter_card":"summary_large_image","twitter_misc":{"Est. tempo de leitura":"3 minutos"},"schema":{"@context":"https:\/\/schema.org","@graph":[{"@type":"WebSite","@id":"https:\/\/sullivaninjurylaw.com\/#website","url":"https:\/\/sullivaninjurylaw.com\/","name":"Law Offices of Christopher Sullivan, P.C.","description":"","potentialAction":[{"@type":"SearchAction","target":{"@type":"EntryPoint","urlTemplate":"https:\/\/sullivaninjurylaw.com\/?s={search_term_string}"},"query-input":"required name=search_term_string"}],"inLanguage":"pt-BR"},{"@type":"ImageObject","@id":"https:\/\/sullivaninjurylaw.com\/practice-areas\/personal-injury\/hit-and-run\/#primaryimage","inLanguage":"pt-BR","url":"https:\/\/sullivaninjurylaw.com\/wp-content\/uploads\/2020\/11\/hit-and-run-accidents.jpg","contentUrl":"https:\/\/sullivaninjurylaw.com\/wp-content\/uploads\/2020\/11\/hit-and-run-accidents.jpg","width":1920,"height":1250,"caption":"Hit and Run Accidents"},{"@type":"WebPage","@id":"https:\/\/sullivaninjurylaw.com\/practice-areas\/personal-injury\/hit-and-run\/#webpage","url":"https:\/\/sullivaninjurylaw.com\/practice-areas\/personal-injury\/hit-and-run\/","name":"Boston Hit and Run Attorneys - Law Offices of Christopher Sullivan, P.C.","isPartOf":{"@id":"https:\/\/sullivaninjurylaw.com\/#website"},"primaryImageOfPage":{"@id":"https:\/\/sullivaninjurylaw.com\/practice-areas\/personal-injury\/hit-and-run\/#primaryimage"},"datePublished":"2020-11-19T22:34:41+00:00","dateModified":"2021-08-20T12:29:19+00:00","description":"If you suffered injuries from a hit and run accident, contact Law Offices of Christopher Sullivan, P.C. today for a free consultation.","breadcrumb":{"@id":"https:\/\/sullivaninjurylaw.com\/practice-areas\/personal-injury\/hit-and-run\/#breadcrumb"},"inLanguage":"pt-BR","potentialAction":[{"@type":"ReadAction","target":["https:\/\/sullivaninjurylaw.com\/practice-areas\/personal-injury\/hit-and-run\/"]}]},{"@type":"BreadcrumbList","@id":"https:\/\/sullivaninjurylaw.com\/practice-areas\/personal-injury\/hit-and-run\/#breadcrumb","itemListElement":[{"@type":"ListItem","position":1,"name":"Home","item":"https:\/\/sullivaninjurylaw.com\/"},{"@type":"ListItem","position":2,"name":"Practice Areas","item":"https:\/\/sullivaninjurylaw.com\/practice-areas\/"},{"@type":"ListItem","position":3,"name":"Personal Injury","item":"https:\/\/sullivaninjurylaw.com\/practice-areas\/personal-injury\/"},{"@type":"ListItem","position":4,"name":"Hit and Run"}]}]}},"_links":{"self":[{"href":"https:\/\/sullivaninjurylaw.com\/pt\/wp-json\/wp\/v2\/pages\/270"}],"collection":[{"href":"https:\/\/sullivaninjurylaw.com\/pt\/wp-json\/wp\/v2\/pages"}],"about":[{"href":"https:\/\/sullivaninjurylaw.com\/pt\/wp-json\/wp\/v2\/types\/page"}],"author":[{"embeddable":true,"href":"https:\/\/sullivaninjurylaw.com\/pt\/wp-json\/wp\/v2\/users\/1"}],"replies":[{"embeddable":true,"href":"https:\/\/sullivaninjurylaw.com\/pt\/wp-json\/wp\/v2\/comments?post=270"}],"version-history":[{"count":6,"href":"https:\/\/sullivaninjurylaw.com\/pt\/wp-json\/wp\/v2\/pages\/270\/revisions"}],"predecessor-version":[{"id":1114,"href":"https:\/\/sullivaninjurylaw.com\/pt\/wp-json\/wp\/v2\/pages\/270\/revisions\/1114"}],"up":[{"embeddable":true,"href":"https:\/\/sullivaninjurylaw.com\/pt\/wp-json\/wp\/v2\/pages\/182"}],"wp:attachment":[{"href":"https:\/\/sullivaninjurylaw.com\/pt\/wp-json\/wp\/v2\/media?parent=270"}],"curies":[{"name":"wp","href":"https:\/\/api.w.org\/{rel}","templated":true}]}}