{"id":255,"date":"2020-11-19T17:25:16","date_gmt":"2020-11-19T22:25:16","guid":{"rendered":"http:\/\/sullivaninjurylaw2.southshoredigitalmarketing.com\/?page_id=255"},"modified":"2021-08-20T08:33:03","modified_gmt":"2021-08-20T12:33:03","slug":"bicycle-accidents","status":"publish","type":"page","link":"https:\/\/sullivaninjurylaw.com\/pt\/areas-de-atuacao\/lesao-corporal\/acidentes-de-bicicleta\/","title":{"rendered":"Acidentes de bicicleta"},"content":{"rendered":"<h1>\n\t\tAdvogados de acidentes de bicicleta de Boston\n\t<\/h1>\n\t\t\t\t<img src=\"https:\/\/sullivaninjurylaw.com\/wp-content\/uploads\/2020\/11\/bicycle-accidents-2-1024x685.jpg\" alt=\"Acidentes de bicicleta\" =\"image\" height=\"685\" width=\"1024\" title=\"Acidentes de bicicleta\" onerror=\"this.style.display='none'\">\n\t<p>Todos os acidentes com ve\u00edculos motorizados n\u00e3o envolvem dois ou mais autom\u00f3veis. Muitas vezes, esses acidentes envolvem um \u00fanico autom\u00f3vel atropelando um ciclista. Esses ciclistas feridos t\u00eam os mesmos direitos legais contra o motorista culpado que os envolvidos em acidentes automobil\u00edsticos envolvendo dois ou mais ve\u00edculos.<\/p>\n<p>Na verdade, dependendo das circunst\u00e2ncias, os ciclistas feridos podem ter ainda mais direitos legais concedidos a eles do que aqueles feridos como motoristas ou passageiros em ve\u00edculos motorizados. Quanto aos danos sofridos pela v\u00edtima ferida, os ferimentos muitas vezes n\u00e3o s\u00e3o apenas de natureza f\u00edsica, mas tamb\u00e9m podem incluir perdas econ\u00f4micas devido a sal\u00e1rios perdidos e contas m\u00e9dicas.<\/p>\n<p>Muitas v\u00edtimas feridas tamb\u00e9m sofrem de ang\u00fastia mental associada, incluindo uma diminui\u00e7\u00e3o do prazer de viver. Independentemente de como voc\u00ea se sinta imediatamente ap\u00f3s um acidente de bicicleta, voc\u00ea deve procurar o conselho de um advogado experiente imediatamente. Certos ferimentos podem n\u00e3o se manifestar at\u00e9 dias ap\u00f3s o acidente e, nesse momento, evid\u00eancias f\u00edsicas importantes podem ser perdidas e as testemunhas podem se tornar mais dif\u00edceis de encontrar. Al\u00e9m disso, at\u00e9 mesmo dores leves podem muitas vezes ser uma indica\u00e7\u00e3o de uma les\u00e3o mais significativa. Portanto, mesmo se voc\u00ea achar que seu ferimento pode ser de menor gravidade, \u00e9 importante que voc\u00ea procure atendimento m\u00e9dico imediatamente.<\/p>\n<p>&nbsp;<\/p>\n<h2>Se voc\u00ea se feriu em um acidente de bicicleta, siga estas etapas importantes para proteger seus interesses:<\/h2>\n<ul>\n<li>Contate imediatamente um advogado experiente em acidentes de bicicleta em Massachusetts para ajudar a proteger seus direitos.<\/li>\n<li>N\u00e3o fa\u00e7a declara\u00e7\u00f5es para a seguradora ou assine qualquer documenta\u00e7\u00e3o de seguro sem primeiro consultar um advogado.<\/li>\n<li>Se sentir alguma dor ou desconforto ap\u00f3s o acidente, v\u00e1 imediatamente ao hospital para obter tratamento m\u00e9dico adequado.<\/li>\n<li>Siga todos os conselhos dados por profissionais m\u00e9dicos, incluindo consultas de acompanhamento e tratamento.<\/li>\n<li>Se voc\u00ea vai faltar a algum tempo do trabalho, certifique-se de obter um atestado m\u00e9dico explicando que voc\u00ea foi aconselhado por um m\u00e9dico a tirar uma folga.<\/li>\n<li>Mais importante de tudo, certifique-se de consultar um advogado de acidentes de bicicleta de Boston para ter certeza de que voc\u00ea est\u00e1 ciente de seus direitos legais relacionados ao acidente e seus ferimentos. Os advogados dos Escrit\u00f3rios de Advocacia de Christopher Sullivan, PC n\u00e3o cobrar\u00e3o por uma consulta inicial e voc\u00ea n\u00e3o tem nada a perder conversando conosco sobre seu acidente e seus ferimentos.<\/li>\n<\/ul>\n\t<p>Contate-nos<\/p>\n\t<p>Consulta gratuita<\/p>\n\t\n\t<p>Prefere agendar uma liga\u00e7\u00e3o com anteced\u00eancia? Escolha uma data e hora que funcione melhor para voc\u00ea com nosso <a href=\"https:\/\/02111-ma-christopher-sullivan-1354913.m-a-truescheduler.com\/?locale=en\" target=\"_blank\" rel=\"noopener\">agendador de compromissos<\/a>.<\/p>\n<h2>\n\t\tNos siga no Facebook\n\t<\/h2>\n\t<blockquote cite=\"https:\/\/www.facebook.com\/SullivanInjuryLaw\/\"><a href=\"https:\/\/www.facebook.com\/SullivanInjuryLaw\/\">Escrit\u00f3rios de Advocacia de Christopher Sullivan, PC<\/a><\/blockquote>","protected":false},"excerpt":{"rendered":"<p>Advogados de acidentes de bicicleta de Boston Todos os acidentes com ve\u00edculos motorizados n\u00e3o envolvem dois ou mais autom\u00f3veis. Muitas vezes, esses acidentes envolvem um \u00fanico autom\u00f3vel atropelando um ciclista. Esses ciclistas feridos t\u00eam os mesmos direitos legais contra o motorista culpado que os envolvidos em acidentes automobil\u00edsticos envolvendo dois ou mais ve\u00edculos. Na verdade, dependendo das circunst\u00e2ncias, ...<\/p>","protected":false},"author":1,"featured_media":0,"parent":182,"menu_order":0,"comment_status":"closed","ping_status":"closed","template":"","meta":[],"yoast_head":"<!-- This site is optimized with the Yoast SEO plugin v18.5.1 - https:\/\/yoast.com\/wordpress\/plugins\/seo\/ -->\n<title>Boston Bicycle Accident Attorneys - Law Offices of Christopher Sullivan, P.C.<\/title>\n<meta name=\"description\" content=\"If you suffered injuries from a bicycle accident, contact Law Offices of Christopher Sullivan, P.C. today for a free consultation.\" \/>\n<meta name=\"robots\" content=\"index, follow, max-snippet:-1, max-image-preview:large, max-video-preview:-1\" \/>\n<link rel=\"canonical\" href=\"https:\/\/sullivaninjurylaw.com\/pt\/areas-de-atuacao\/lesao-corporal\/acidentes-de-bicicleta\/\" \/>\n<meta property=\"og:locale\" content=\"pt_BR\" \/>\n<meta property=\"og:type\" content=\"article\" \/>\n<meta property=\"og:title\" content=\"Boston Bicycle Accident Attorneys - Law Offices of Christopher Sullivan, P.C.\" \/>\n<meta property=\"og:description\" content=\"If you suffered injuries from a bicycle accident, contact Law Offices of Christopher Sullivan, P.C. today for a free consultation.\" \/>\n<meta property=\"og:url\" content=\"https:\/\/sullivaninjurylaw.com\/pt\/areas-de-atuacao\/lesao-corporal\/acidentes-de-bicicleta\/\" \/>\n<meta property=\"og:site_name\" content=\"Law Offices of Christopher Sullivan, P.C.\" \/>\n<meta property=\"article:publisher\" content=\"https:\/\/www.facebook.com\/SullivanInjuryLaw\/\" \/>\n<meta property=\"article:modified_time\" content=\"2021-08-20T12:33:03+00:00\" \/>\n<meta property=\"og:image\" content=\"https:\/\/sullivaninjurylaw.com\/wp-content\/uploads\/2020\/11\/bicycle-accidents-2-1024x685.jpg\" \/>\n<meta name=\"twitter:card\" content=\"summary_large_image\" \/>\n<meta name=\"twitter:label1\" content=\"Est. tempo de leitura\" \/>\n\t<meta name=\"twitter:data1\" content=\"3 minutos\" \/>\n<!-- \/ Yoast SEO plugin. -->","yoast_head_json":{"title":"Boston Bicycle Accident Attorneys - Law Offices of Christopher Sullivan, P.C.","description":"If you suffered injuries from a bicycle accident, contact Law Offices of Christopher Sullivan, P.C. today for a free consultation.","robots":{"index":"index","follow":"follow","max-snippet":"max-snippet:-1","max-image-preview":"max-image-preview:large","max-video-preview":"max-video-preview:-1"},"canonical":"https:\/\/sullivaninjurylaw.com\/pt\/areas-de-atuacao\/lesao-corporal\/acidentes-de-bicicleta\/","og_locale":"pt_BR","og_type":"article","og_title":"Boston Bicycle Accident Attorneys - Law Offices of Christopher Sullivan, P.C.","og_description":"If you suffered injuries from a bicycle accident, contact Law Offices of Christopher Sullivan, P.C. today for a free consultation.","og_url":"https:\/\/sullivaninjurylaw.com\/pt\/areas-de-atuacao\/lesao-corporal\/acidentes-de-bicicleta\/","og_site_name":"Law Offices of Christopher Sullivan, P.C.","article_publisher":"https:\/\/www.facebook.com\/SullivanInjuryLaw\/","article_modified_time":"2021-08-20T12:33:03+00:00","og_image":[{"url":"https:\/\/sullivaninjurylaw.com\/wp-content\/uploads\/2020\/11\/bicycle-accidents-2-1024x685.jpg"}],"twitter_card":"summary_large_image","twitter_misc":{"Est. tempo de leitura":"3 minutos"},"schema":{"@context":"https:\/\/schema.org","@graph":[{"@type":"WebSite","@id":"https:\/\/sullivaninjurylaw.com\/#website","url":"https:\/\/sullivaninjurylaw.com\/","name":"Law Offices of Christopher Sullivan, P.C.","description":"","potentialAction":[{"@type":"SearchAction","target":{"@type":"EntryPoint","urlTemplate":"https:\/\/sullivaninjurylaw.com\/?s={search_term_string}"},"query-input":"required name=search_term_string"}],"inLanguage":"pt-BR"},{"@type":"ImageObject","@id":"https:\/\/sullivaninjurylaw.com\/practice-areas\/personal-injury\/bicycle-accidents\/#primaryimage","inLanguage":"pt-BR","url":"https:\/\/sullivaninjurylaw.com\/wp-content\/uploads\/2020\/11\/bicycle-accidents-2.jpg","contentUrl":"https:\/\/sullivaninjurylaw.com\/wp-content\/uploads\/2020\/11\/bicycle-accidents-2.jpg","width":1920,"height":1285,"caption":"Bicycle Accidents"},{"@type":"WebPage","@id":"https:\/\/sullivaninjurylaw.com\/practice-areas\/personal-injury\/bicycle-accidents\/#webpage","url":"https:\/\/sullivaninjurylaw.com\/practice-areas\/personal-injury\/bicycle-accidents\/","name":"Boston Bicycle Accident Attorneys - Law Offices of Christopher Sullivan, P.C.","isPartOf":{"@id":"https:\/\/sullivaninjurylaw.com\/#website"},"primaryImageOfPage":{"@id":"https:\/\/sullivaninjurylaw.com\/practice-areas\/personal-injury\/bicycle-accidents\/#primaryimage"},"datePublished":"2020-11-19T22:25:16+00:00","dateModified":"2021-08-20T12:33:03+00:00","description":"If you suffered injuries from a bicycle accident, contact Law Offices of Christopher Sullivan, P.C. today for a free consultation.","breadcrumb":{"@id":"https:\/\/sullivaninjurylaw.com\/practice-areas\/personal-injury\/bicycle-accidents\/#breadcrumb"},"inLanguage":"pt-BR","potentialAction":[{"@type":"ReadAction","target":["https:\/\/sullivaninjurylaw.com\/practice-areas\/personal-injury\/bicycle-accidents\/"]}]},{"@type":"BreadcrumbList","@id":"https:\/\/sullivaninjurylaw.com\/practice-areas\/personal-injury\/bicycle-accidents\/#breadcrumb","itemListElement":[{"@type":"ListItem","position":1,"name":"Home","item":"https:\/\/sullivaninjurylaw.com\/"},{"@type":"ListItem","position":2,"name":"Practice Areas","item":"https:\/\/sullivaninjurylaw.com\/practice-areas\/"},{"@type":"ListItem","position":3,"name":"Personal Injury","item":"https:\/\/sullivaninjurylaw.com\/practice-areas\/personal-injury\/"},{"@type":"ListItem","position":4,"name":"Bicycle Accidents"}]}]}},"_links":{"self":[{"href":"https:\/\/sullivaninjurylaw.com\/pt\/wp-json\/wp\/v2\/pages\/255"}],"collection":[{"href":"https:\/\/sullivaninjurylaw.com\/pt\/wp-json\/wp\/v2\/pages"}],"about":[{"href":"https:\/\/sullivaninjurylaw.com\/pt\/wp-json\/wp\/v2\/types\/page"}],"author":[{"embeddable":true,"href":"https:\/\/sullivaninjurylaw.com\/pt\/wp-json\/wp\/v2\/users\/1"}],"replies":[{"embeddable":true,"href":"https:\/\/sullivaninjurylaw.com\/pt\/wp-json\/wp\/v2\/comments?post=255"}],"version-history":[{"count":7,"href":"https:\/\/sullivaninjurylaw.com\/pt\/wp-json\/wp\/v2\/pages\/255\/revisions"}],"predecessor-version":[{"id":1127,"href":"https:\/\/sullivaninjurylaw.com\/pt\/wp-json\/wp\/v2\/pages\/255\/revisions\/1127"}],"up":[{"embeddable":true,"href":"https:\/\/sullivaninjurylaw.com\/pt\/wp-json\/wp\/v2\/pages\/182"}],"wp:attachment":[{"href":"https:\/\/sullivaninjurylaw.com\/pt\/wp-json\/wp\/v2\/media?parent=255"}],"curies":[{"name":"wp","href":"https:\/\/api.w.org\/{rel}","templated":true}]}}