{"id":240,"date":"2020-11-19T15:38:30","date_gmt":"2020-11-19T20:38:30","guid":{"rendered":"http:\/\/sullivaninjurylaw2.southshoredigitalmarketing.com\/?page_id=240"},"modified":"2021-08-10T19:22:55","modified_gmt":"2021-08-10T23:22:55","slug":"practice-areas","status":"publish","type":"page","link":"https:\/\/sullivaninjurylaw.com\/pt\/areas-de-atuacao\/","title":{"rendered":"\u00c1reas de atua\u00e7\u00e3o"},"content":{"rendered":"<h1>\n\t\tAdvogados de ferimentos pessoais de Boston\n\t<\/h1>\n\t\t\t\t<img src=\"https:\/\/sullivaninjurylaw.com\/wp-content\/uploads\/2021\/02\/our-attorneys-and-staff-cropped.jpg\" alt=\"Nossos Advogados e Equipe\" =\"image\" height=\"780\" width=\"1920\" title=\"Nossos Advogados e Equipe\" onerror=\"this.style.display='none'\"  \/>\n\t<p>Nossos advogados em Boston, Abington e Brockton Massachusetts t\u00eam vasta experi\u00eancia em lidar com todos os tipos de reivindica\u00e7\u00f5es de danos, incluindo:<\/p>\n<h2>Les\u00f5es Pessoais<\/h2>\n<ul>\n<li><a href=\"https:\/\/sullivaninjurylaw.com\/pt\/areas-de-atuacao\/lesao-corporal\/acidentes-de-carro\/\">Acidentes de carro<\/a><\/li>\n<li><a href=\"https:\/\/sullivaninjurylaw.com\/pt\/areas-de-atuacao\/lesao-corporal\/acidentes-de-caminhao\/\">Acidentes de caminh\u00e3o<\/a><\/li>\n<li><a href=\"https:\/\/sullivaninjurylaw.com\/pt\/areas-de-atuacao\/lesao-corporal\/acidentes-de-motocicleta\/\">Acidentes de motocicleta<\/a><\/li>\n<li><a href=\"https:\/\/sullivaninjurylaw.com\/pt\/areas-de-atuacao\/lesao-corporal\/acidentes-de-bicicleta\/\">Acidentes de bicicleta<\/a><\/li>\n<li><a href=\"https:\/\/sullivaninjurylaw.com\/pt\/areas-de-atuacao\/lesao-corporal\/atropelamentos\/\">Acidentes de pedestres<\/a><\/li>\n<li><a href=\"https:\/\/sullivaninjurylaw.com\/pt\/areas-de-atuacao\/lesao-corporal\/responsabilidade-das-instalacoes\/\">Responsabilidade das instala\u00e7\u00f5es<\/a><\/li>\n<li><a href=\"https:\/\/sullivaninjurylaw.com\/pt\/areas-de-atuacao\/lesao-corporal\/escorregar-e-cair\/\">Escorregar e cair<\/a><\/li>\n<li><a href=\"https:\/\/sullivaninjurylaw.com\/pt\/areas-de-atuacao\/lesao-corporal\/atropelamento-e-fuga\/\">Atropelamento e Fuga<\/a><\/li>\n<li><a href=\"https:\/\/sullivaninjurylaw.com\/pt\/areas-de-atuacao\/lesao-corporal\/ataques-de-caes\/\">Ataques de c\u00e3es<\/a><\/li>\n<li><a href=\"https:\/\/sullivaninjurylaw.com\/pt\/areas-de-atuacao\/lesao-corporal\/negligente-seguranca\/\">Seguran\u00e7a negligente<\/a><\/li>\n<li><a href=\"https:\/\/sullivaninjurylaw.com\/pt\/areas-de-atuacao\/lesao-corporal\/homicidio-culposo\/\">Homic\u00eddio culposo<\/a><\/li>\n<li><a href=\"https:\/\/sullivaninjurylaw.com\/pt\/areas-de-atuacao\/lesao-corporal\/negligencia-medica\/\">Neglig\u00eancia m\u00e9dica<\/a><\/li>\n<li><a href=\"https:\/\/sullivaninjurylaw.com\/pt\/areas-de-atuacao\/lesao-corporal\/responsabilidade-pelo-produto\/\">Responsabilidade do Produto<\/a><\/li>\n<li><a href=\"https:\/\/sullivaninjurylaw.com\/pt\/areas-de-atuacao\/lesao-corporal\/compensacao-de-trabalhadores\/\">Compensa\u00e7\u00e3o de trabalhadores<\/a><\/li>\n<\/ul>\n<h2>Outro<\/h2>\n<ul>\n<li><a href=\"https:\/\/sullivaninjurylaw.com\/pt\/areas-de-atuacao\/outro\/assedio-sexual\/\">Ass\u00e9dio sexual<\/a><\/li>\n<li><a href=\"https:\/\/sullivaninjurylaw.com\/pt\/areas-de-atuacao\/outro\/discriminacao-no-emprego\/\">Discrimina\u00e7\u00e3o de emprego<\/a><\/li>\n<\/ul>\n\t<p>Contate-nos<\/p>\n\t<p>Consulta gratuita<\/p>\n\t\n\t<p>Prefere agendar uma liga\u00e7\u00e3o com anteced\u00eancia? Escolha uma data e hora que funcione melhor para voc\u00ea com nosso <a href=\"https:\/\/02111-ma-christopher-sullivan-1354913.m-a-truescheduler.com\/?locale=en\" target=\"_blank\" rel=\"noopener\">agendador de compromissos<\/a>.<\/p>\n<h2>\n\t\tNos siga no Facebook\n\t<\/h2>\n\t<blockquote cite=\"https:\/\/www.facebook.com\/SullivanInjuryLaw\/\"><a href=\"https:\/\/www.facebook.com\/SullivanInjuryLaw\/\">Escrit\u00f3rios de Advocacia de Christopher Sullivan, PC<\/a><\/blockquote>","protected":false},"excerpt":{"rendered":"<p>Advogados de Les\u00f5es Corporais de Boston Nossos advogados em Boston, Abington e Brockton Massachusetts t\u00eam vasta experi\u00eancia em lidar com todos os tipos de reclama\u00e7\u00f5es de les\u00f5es, incluindo: Les\u00f5es Corporais Acidentes Automotivos Acidentes com Caminh\u00f5es Acidentes com Motocicleta Acidentes com Bicicleta Acidentes com Pedestres Instala\u00e7\u00f5es Responsabilidade Deslizamento e Queda Acertar e Correr Ataques de C\u00e3o Negligente Seguran\u00e7a Morte por neglig\u00eancia m\u00e9dica, neglig\u00eancia m\u00e9dica, produto, indeniza\u00e7\u00e3o, compensa\u00e7\u00e3o de trabalhadores, outros ...<\/p>","protected":false},"author":1,"featured_media":0,"parent":0,"menu_order":0,"comment_status":"closed","ping_status":"closed","template":"","meta":[],"yoast_head":"<!-- This site is optimized with the Yoast SEO plugin v18.5.1 - https:\/\/yoast.com\/wordpress\/plugins\/seo\/ -->\n<title>Boston Personal Injury Attorneys - Law Offices of Christopher...<\/title>\n<meta name=\"description\" content=\"The Law Offices of Christopher Sullivan, P.C. handles Boston personal injury cases including car accidents, motorcycle accidents, and more.\" \/>\n<meta name=\"robots\" content=\"index, follow, max-snippet:-1, max-image-preview:large, max-video-preview:-1\" \/>\n<link rel=\"canonical\" href=\"https:\/\/sullivaninjurylaw.com\/pt\/areas-de-atuacao\/\" \/>\n<meta property=\"og:locale\" content=\"pt_BR\" \/>\n<meta property=\"og:type\" content=\"article\" \/>\n<meta property=\"og:title\" content=\"Boston Personal Injury Attorneys - Law Offices of Christopher...\" \/>\n<meta property=\"og:description\" content=\"The Law Offices of Christopher Sullivan, P.C. handles Boston personal injury cases including car accidents, motorcycle accidents, and more.\" \/>\n<meta property=\"og:url\" content=\"https:\/\/sullivaninjurylaw.com\/pt\/areas-de-atuacao\/\" \/>\n<meta property=\"og:site_name\" content=\"Law Offices of Christopher Sullivan, P.C.\" \/>\n<meta property=\"article:publisher\" content=\"https:\/\/www.facebook.com\/SullivanInjuryLaw\/\" \/>\n<meta property=\"article:modified_time\" content=\"2021-08-10T23:22:55+00:00\" \/>\n<meta property=\"og:image\" content=\"https:\/\/sullivaninjurylaw.com\/wp-content\/uploads\/2021\/02\/our-attorneys-and-staff-cropped.jpg\" \/>\n<meta name=\"twitter:card\" content=\"summary_large_image\" \/>\n<meta name=\"twitter:label1\" content=\"Est. tempo de leitura\" \/>\n\t<meta name=\"twitter:data1\" content=\"1 minuto\" \/>\n<!-- \/ Yoast SEO plugin. -->","yoast_head_json":{"title":"Boston Personal Injury Attorneys - Law Offices of Christopher...","description":"The Law Offices of Christopher Sullivan, P.C. handles Boston personal injury cases including car accidents, motorcycle accidents, and more.","robots":{"index":"index","follow":"follow","max-snippet":"max-snippet:-1","max-image-preview":"max-image-preview:large","max-video-preview":"max-video-preview:-1"},"canonical":"https:\/\/sullivaninjurylaw.com\/pt\/areas-de-atuacao\/","og_locale":"pt_BR","og_type":"article","og_title":"Boston Personal Injury Attorneys - Law Offices of Christopher...","og_description":"The Law Offices of Christopher Sullivan, P.C. handles Boston personal injury cases including car accidents, motorcycle accidents, and more.","og_url":"https:\/\/sullivaninjurylaw.com\/pt\/areas-de-atuacao\/","og_site_name":"Law Offices of Christopher Sullivan, P.C.","article_publisher":"https:\/\/www.facebook.com\/SullivanInjuryLaw\/","article_modified_time":"2021-08-10T23:22:55+00:00","og_image":[{"url":"https:\/\/sullivaninjurylaw.com\/wp-content\/uploads\/2021\/02\/our-attorneys-and-staff-cropped.jpg"}],"twitter_card":"summary_large_image","twitter_misc":{"Est. tempo de leitura":"1 minuto"},"schema":{"@context":"https:\/\/schema.org","@graph":[{"@type":"WebSite","@id":"https:\/\/sullivaninjurylaw.com\/#website","url":"https:\/\/sullivaninjurylaw.com\/","name":"Law Offices of Christopher Sullivan, P.C.","description":"","potentialAction":[{"@type":"SearchAction","target":{"@type":"EntryPoint","urlTemplate":"https:\/\/sullivaninjurylaw.com\/?s={search_term_string}"},"query-input":"required name=search_term_string"}],"inLanguage":"pt-BR"},{"@type":"ImageObject","@id":"https:\/\/sullivaninjurylaw.com\/practice-areas\/#primaryimage","inLanguage":"pt-BR","url":"https:\/\/sullivaninjurylaw.com\/wp-content\/uploads\/2021\/02\/our-attorneys-and-staff-cropped.jpg","contentUrl":"https:\/\/sullivaninjurylaw.com\/wp-content\/uploads\/2021\/02\/our-attorneys-and-staff-cropped.jpg","width":1920,"height":780,"caption":"Our Attorneys and Staff"},{"@type":"WebPage","@id":"https:\/\/sullivaninjurylaw.com\/practice-areas\/#webpage","url":"https:\/\/sullivaninjurylaw.com\/practice-areas\/","name":"Boston Personal Injury Attorneys - Law Offices of Christopher...","isPartOf":{"@id":"https:\/\/sullivaninjurylaw.com\/#website"},"primaryImageOfPage":{"@id":"https:\/\/sullivaninjurylaw.com\/practice-areas\/#primaryimage"},"datePublished":"2020-11-19T20:38:30+00:00","dateModified":"2021-08-10T23:22:55+00:00","description":"The Law Offices of Christopher Sullivan, P.C. handles Boston personal injury cases including car accidents, motorcycle accidents, and more.","breadcrumb":{"@id":"https:\/\/sullivaninjurylaw.com\/practice-areas\/#breadcrumb"},"inLanguage":"pt-BR","potentialAction":[{"@type":"ReadAction","target":["https:\/\/sullivaninjurylaw.com\/practice-areas\/"]}]},{"@type":"BreadcrumbList","@id":"https:\/\/sullivaninjurylaw.com\/practice-areas\/#breadcrumb","itemListElement":[{"@type":"ListItem","position":1,"name":"Home","item":"https:\/\/sullivaninjurylaw.com\/"},{"@type":"ListItem","position":2,"name":"Practice Areas"}]}]}},"_links":{"self":[{"href":"https:\/\/sullivaninjurylaw.com\/pt\/wp-json\/wp\/v2\/pages\/240"}],"collection":[{"href":"https:\/\/sullivaninjurylaw.com\/pt\/wp-json\/wp\/v2\/pages"}],"about":[{"href":"https:\/\/sullivaninjurylaw.com\/pt\/wp-json\/wp\/v2\/types\/page"}],"author":[{"embeddable":true,"href":"https:\/\/sullivaninjurylaw.com\/pt\/wp-json\/wp\/v2\/users\/1"}],"replies":[{"embeddable":true,"href":"https:\/\/sullivaninjurylaw.com\/pt\/wp-json\/wp\/v2\/comments?post=240"}],"version-history":[{"count":11,"href":"https:\/\/sullivaninjurylaw.com\/pt\/wp-json\/wp\/v2\/pages\/240\/revisions"}],"predecessor-version":[{"id":1073,"href":"https:\/\/sullivaninjurylaw.com\/pt\/wp-json\/wp\/v2\/pages\/240\/revisions\/1073"}],"wp:attachment":[{"href":"https:\/\/sullivaninjurylaw.com\/pt\/wp-json\/wp\/v2\/media?parent=240"}],"curies":[{"name":"wp","href":"https:\/\/api.w.org\/{rel}","templated":true}]}}