{"id":741,"date":"2021-01-19T11:39:55","date_gmt":"2021-01-19T16:39:55","guid":{"rendered":"http:\/\/sullivaninjurylaw2.southshoredigitalmarketing.com\/?page_id=741"},"modified":"2021-08-20T08:27:02","modified_gmt":"2021-08-20T12:27:02","slug":"product-liability","status":"publish","type":"page","link":"https:\/\/sullivaninjurylaw.com\/kea\/arias-pratikus\/lezon-pesoal\/risponsabilidadi-di-produtu\/","title":{"rendered":"Risponsabilidadi di Produtu"},"content":{"rendered":"<h1>\n\t\tBoston Product Liability Lawyers\n\t<\/h1>\n\t\t\t\t<img src=\"https:\/\/sullivaninjurylaw.com\/wp-content\/uploads\/2021\/01\/product-liability-1024x683.jpg\" alt=\"Risponsabilidadi di Produtu\" =\"image\" height=\"683\" width=\"1024\" title=\"Risponsabilidadi di Produtu\" onerror=\"this.style.display='none'\">\n\t<p>Tudu dia, v\u00edtimas disprivinidos ta fika feridu \u00f4 ta m\u00f3ri pam\u00f3di produtus difeituozus. Seja \u00e9ru di design \u00f4 prublema di fabrikason, ki munti vez ta mostra ma fabrikantis di produtus \u00e9 nigligentis \u00f4 pur vez es ta da m\u00e1s valor \u00e1 lukrus en vez di siguransa di saudi di ses konsumidoris.<\/p>\n<p>\u00d3ras ki un produtu \u00e9 kunpradu, kel konsumidor ta tene spektativa razuavel ki kel produtu sta ba funsiona m\u00f3 ki foi anusiadu. Konsumidoris ta teni spektativa razuavel ma es ta ser avizadu di kalker danu pusivel ki kel produtu pode ben provoka \u00f3ras ki uzadu. Tantu konsumidoris lezadus pur kauza di un produtu mariadu \u00f4 ku difeitu di funsionamentu komu firidus pa falta di avizu sobri pirigus ki ta involve utilizason di di un produtu tene direitu di pidi indemnizason na kes risponsavel. Seja difeituozu \u00f4 prigozu kes kondison ki involve fabrikason, distribuidor ki invial, \u00f4 kel rivendedor ki vendel, pode ser risponsabilizadu y forsadu na indemniza kel v\u00edtima pa ses firimentus.<\/p>\n<p>If you or a loved one suffer an injury caused by a defective product, it is very important that you preserve the evidence by keeping the defective product as is, without any changes or modifications, until you consult with an experienced product liability lawyer. If the defective product is owned or controlled by someone else, it is imperative that you seek legal help immediately to help ensure that any needed evidence is properly preserved. Regardless of the circumstances involved, it will always be in your interest to consult with an experienced product liability attorney as soon as possible after suffering a product related injury. Physical evidence needs to be secured before it is altered or lost, those potentially at fault need to be put on notice, and it is important to secure any witness testimony while the events are still fresh in their minds. Probably more so than any other practice area, cases involving defective products should be investigated and acted upon as soon as possible after an injury occurs. So if you or a loved one have been injured as a result of a defective or hazardous product, don&#8217;t delay and contact the experienced product liability team at the Law Offices of Christopher Sullivan, P.C.<\/p>\n<p>&nbsp;<\/p>\n<h2>If you&#8217;ve been injured by a defective or hazardous product, take these important steps to protect your interests:<\/h2>\n<ul>\n<li>N\u00e3o fa\u00e7a declara\u00e7\u00f5es a uma companhia de seguros nem assine qualquer documenta\u00e7\u00e3o de seguro sem consultar primeiro um advogado.<\/li>\n<li>Prokura tratamentu pa bos firimentus imediatamenti.<\/li>\n<li>Sigi kada konsedju dadu pa m\u00e9dikus profisional, inkluindu konsultas di akumpanhamentu y tratamentu.<\/li>\n<li>Si bo sta bai fika atrazadu pa trabadju, lenbra na toma un anotason m\u00e9diku ta splika ma bo foi akonseliadu pa un dotor pa fika un tempu di folga.<\/li>\n<li>M\u00e1s  inpurtanti di tudu, konsulta ku un adivogadu di risponsabilidadi di produtu di Boston pa garanti ma bo sta sienti di bos direitus legal rilasionadus ku asidenti y firimentus. Kes adivogadus di Skrit\u00f3riu di Adivokasia di Christopher Sullivan, P.C. ka ta kobra nada pa un konsulta inisial pa bo ka ten absolutamenti nada \u00e1 perdi na fala ku n\u00f4s sobri  bos firimentus rilasionadus ku produtu.<\/li>\n<\/ul>\n\t<p>Kontakta-no<\/p>\n\t<p>Konsulta Gratis<\/p>\n\t\n\t<p>Prefer to schedule a call in advance? Pick a date and time that work best for you with our <a href=\"https:\/\/02111-ma-christopher-sullivan-1354913.m-a-truescheduler.com\/?locale=en\" target=\"_blank\" rel=\"noopener\">appointment scheduler<\/a>.<\/p>\n<h2>\n\t\tSigi-no na Facebook\n\t<\/h2>\n\t<blockquote cite=\"https:\/\/www.facebook.com\/SullivanInjuryLaw\/\"><a href=\"https:\/\/www.facebook.com\/SullivanInjuryLaw\/\">Scrit\u00f3rius di Adivokasia di Christopher Sullivan, P.C.<\/a><\/blockquote>","protected":false},"excerpt":{"rendered":"<p>Boston Product Liability Lawyers Every day, unsuspecting victims are injured or killed by defective products. Whether it be a defective design or a manufacturing error, it can often be shown that product manufacturers are negligent or sometimes even purposely value profits over properly safeguarding the health of their consumers. When a product is purchased, a&#8230;<\/p>","protected":false},"author":1,"featured_media":0,"parent":182,"menu_order":0,"comment_status":"closed","ping_status":"closed","template":"","meta":[],"yoast_head":"<!-- This site is optimized with the Yoast SEO plugin v18.5.1 - https:\/\/yoast.com\/wordpress\/plugins\/seo\/ -->\n<title>Boston Product Liability Attorneys - Law Offices of Christopher Sullivan, P.C.<\/title>\n<meta name=\"description\" content=\"If you have a product liability claim, contact Law Offices of Christopher Sullivan, P.C. today for a free consultation.\" \/>\n<meta name=\"robots\" content=\"index, follow, max-snippet:-1, max-image-preview:large, max-video-preview:-1\" \/>\n<link rel=\"canonical\" href=\"https:\/\/sullivaninjurylaw.com\/kea\/arias-pratikus\/lezon-pesoal\/risponsabilidadi-di-produtu\/\" \/>\n<meta property=\"og:locale\" content=\"en_US\" \/>\n<meta property=\"og:type\" content=\"article\" \/>\n<meta property=\"og:title\" content=\"Boston Product Liability Attorneys - Law Offices of Christopher Sullivan, P.C.\" \/>\n<meta property=\"og:description\" content=\"If you have a product liability claim, contact Law Offices of Christopher Sullivan, P.C. today for a free consultation.\" \/>\n<meta property=\"og:url\" content=\"https:\/\/sullivaninjurylaw.com\/kea\/arias-pratikus\/lezon-pesoal\/risponsabilidadi-di-produtu\/\" \/>\n<meta property=\"og:site_name\" content=\"Law Offices of Christopher Sullivan, P.C.\" \/>\n<meta property=\"article:publisher\" content=\"https:\/\/www.facebook.com\/SullivanInjuryLaw\/\" \/>\n<meta property=\"article:modified_time\" content=\"2021-08-20T12:27:02+00:00\" \/>\n<meta property=\"og:image\" content=\"https:\/\/sullivaninjurylaw.com\/wp-content\/uploads\/2021\/01\/product-liability-1024x683.jpg\" \/>\n<meta name=\"twitter:card\" content=\"summary_large_image\" \/>\n<meta name=\"twitter:label1\" content=\"Est. reading time\" \/>\n\t<meta name=\"twitter:data1\" content=\"3 minutes\" \/>\n<!-- \/ Yoast SEO plugin. -->","yoast_head_json":{"title":"Boston Product Liability Attorneys - Law Offices of Christopher Sullivan, P.C.","description":"If you have a product liability claim, contact Law Offices of Christopher Sullivan, P.C. today for a free consultation.","robots":{"index":"index","follow":"follow","max-snippet":"max-snippet:-1","max-image-preview":"max-image-preview:large","max-video-preview":"max-video-preview:-1"},"canonical":"https:\/\/sullivaninjurylaw.com\/kea\/arias-pratikus\/lezon-pesoal\/risponsabilidadi-di-produtu\/","og_locale":"en_US","og_type":"article","og_title":"Boston Product Liability Attorneys - Law Offices of Christopher Sullivan, P.C.","og_description":"If you have a product liability claim, contact Law Offices of Christopher Sullivan, P.C. today for a free consultation.","og_url":"https:\/\/sullivaninjurylaw.com\/kea\/arias-pratikus\/lezon-pesoal\/risponsabilidadi-di-produtu\/","og_site_name":"Law Offices of Christopher Sullivan, P.C.","article_publisher":"https:\/\/www.facebook.com\/SullivanInjuryLaw\/","article_modified_time":"2021-08-20T12:27:02+00:00","og_image":[{"url":"https:\/\/sullivaninjurylaw.com\/wp-content\/uploads\/2021\/01\/product-liability-1024x683.jpg"}],"twitter_card":"summary_large_image","twitter_misc":{"Est. reading time":"3 minutes"},"schema":{"@context":"https:\/\/schema.org","@graph":[{"@type":"WebSite","@id":"https:\/\/sullivaninjurylaw.com\/#website","url":"https:\/\/sullivaninjurylaw.com\/","name":"Law Offices of Christopher Sullivan, P.C.","description":"","potentialAction":[{"@type":"SearchAction","target":{"@type":"EntryPoint","urlTemplate":"https:\/\/sullivaninjurylaw.com\/?s={search_term_string}"},"query-input":"required name=search_term_string"}],"inLanguage":"kea"},{"@type":"ImageObject","@id":"https:\/\/sullivaninjurylaw.com\/practice-areas\/personal-injury\/product-liability\/#primaryimage","inLanguage":"kea","url":"https:\/\/sullivaninjurylaw.com\/wp-content\/uploads\/2021\/01\/product-liability.jpg","contentUrl":"https:\/\/sullivaninjurylaw.com\/wp-content\/uploads\/2021\/01\/product-liability.jpg","width":1920,"height":1280,"caption":"Product Liability"},{"@type":"WebPage","@id":"https:\/\/sullivaninjurylaw.com\/practice-areas\/personal-injury\/product-liability\/#webpage","url":"https:\/\/sullivaninjurylaw.com\/practice-areas\/personal-injury\/product-liability\/","name":"Boston Product Liability Attorneys - Law Offices of Christopher Sullivan, P.C.","isPartOf":{"@id":"https:\/\/sullivaninjurylaw.com\/#website"},"primaryImageOfPage":{"@id":"https:\/\/sullivaninjurylaw.com\/practice-areas\/personal-injury\/product-liability\/#primaryimage"},"datePublished":"2021-01-19T16:39:55+00:00","dateModified":"2021-08-20T12:27:02+00:00","description":"If you have a product liability claim, contact Law Offices of Christopher Sullivan, P.C. today for a free consultation.","breadcrumb":{"@id":"https:\/\/sullivaninjurylaw.com\/practice-areas\/personal-injury\/product-liability\/#breadcrumb"},"inLanguage":"kea","potentialAction":[{"@type":"ReadAction","target":["https:\/\/sullivaninjurylaw.com\/practice-areas\/personal-injury\/product-liability\/"]}]},{"@type":"BreadcrumbList","@id":"https:\/\/sullivaninjurylaw.com\/practice-areas\/personal-injury\/product-liability\/#breadcrumb","itemListElement":[{"@type":"ListItem","position":1,"name":"Home","item":"https:\/\/sullivaninjurylaw.com\/"},{"@type":"ListItem","position":2,"name":"Practice Areas","item":"https:\/\/sullivaninjurylaw.com\/practice-areas\/"},{"@type":"ListItem","position":3,"name":"Personal Injury","item":"https:\/\/sullivaninjurylaw.com\/practice-areas\/personal-injury\/"},{"@type":"ListItem","position":4,"name":"Product Liability"}]}]}},"_links":{"self":[{"href":"https:\/\/sullivaninjurylaw.com\/kea\/wp-json\/wp\/v2\/pages\/741"}],"collection":[{"href":"https:\/\/sullivaninjurylaw.com\/kea\/wp-json\/wp\/v2\/pages"}],"about":[{"href":"https:\/\/sullivaninjurylaw.com\/kea\/wp-json\/wp\/v2\/types\/page"}],"author":[{"embeddable":true,"href":"https:\/\/sullivaninjurylaw.com\/kea\/wp-json\/wp\/v2\/users\/1"}],"replies":[{"embeddable":true,"href":"https:\/\/sullivaninjurylaw.com\/kea\/wp-json\/wp\/v2\/comments?post=741"}],"version-history":[{"count":7,"href":"https:\/\/sullivaninjurylaw.com\/kea\/wp-json\/wp\/v2\/pages\/741\/revisions"}],"predecessor-version":[{"id":1102,"href":"https:\/\/sullivaninjurylaw.com\/kea\/wp-json\/wp\/v2\/pages\/741\/revisions\/1102"}],"up":[{"embeddable":true,"href":"https:\/\/sullivaninjurylaw.com\/kea\/wp-json\/wp\/v2\/pages\/182"}],"wp:attachment":[{"href":"https:\/\/sullivaninjurylaw.com\/kea\/wp-json\/wp\/v2\/media?parent=741"}],"curies":[{"name":"wp","href":"https:\/\/api.w.org\/{rel}","templated":true}]}}