{"id":288,"date":"2020-11-19T17:44:01","date_gmt":"2020-11-19T22:44:01","guid":{"rendered":"http:\/\/sullivaninjurylaw2.southshoredigitalmarketing.com\/?page_id=288"},"modified":"2021-08-20T08:27:16","modified_gmt":"2021-08-20T12:27:16","slug":"medical-malpractice","status":"publish","type":"page","link":"https:\/\/sullivaninjurylaw.com\/kea\/arias-pratikus\/lezon-pesoal\/niglijensia-mediku\/","title":{"rendered":"Niglij\u00e9nsia M\u00e9diku"},"content":{"rendered":"<h1>\n\t\tBoston Medical Malpractice Lawyers\n\t<\/h1>\n\t\t\t\t<img src=\"https:\/\/sullivaninjurylaw.com\/wp-content\/uploads\/2020\/11\/medical-malpractice-1024x683.jpg\" alt=\"Niglij\u00e9nsia M\u00e9diku\" =\"image\" height=\"683\" width=\"1024\" title=\"Niglij\u00e9nsia M\u00e9diku\" onerror=\"this.style.display='none'\">\n\t<p>SI bo \u00f4 alg\u00e9n ki bo sabe ma ten sido firidu pur kauza di niglij\u00e9nsia di un prestador di kuidadus di saudi, pode ten mutivus sufisienti pa aprezenta un kexa diniglig\u00e9nsia m\u00e9diku kontra kel dotor \u00f4 kontra kel instituison di servisus di saudi en keston. Disviu di n\u00f3rmas aseitadus di kuidadus m\u00e9dikus ki pode da surjimentu a un riklamason di niglij\u00e9nsia m\u00e9diku podi inklui, mas ka ta limita so na: Falta di Diagn\u00f3stiku, atrazu na tratamentu, falta di tratamentu apropriadu, tratamentu inpr\u00f3priu, falta di tratamentu di sigimentu apropriadu, y \u00e9rus di riseitas.<\/p>\n<p>Si bo atxa ma bo deve faze kexa na kel \u00e1ria li, \u00e9 inpurtanti pa bo kontakta-no imediatamenti. Nos \u00e9 adivogadus xperientis na kazus diniglij\u00e9nsia m\u00e9diku di Boston. Pa m\u00e1s ki bo spera, m\u00e1s probabilidadi tene di perde provas f\u00edsicas inpurtantis y ta fika m\u00e1s difisil pa atxa kalker tistimunha putenti.<\/p>\n<p>&nbsp;<\/p>\n<h2>If you&#8217;ve been injured in a medical malpractice accident, take these important steps to protect your interests:<\/h2>\n<ul>\n<li>Kontakta un adivogadu xperienti na asidentis di niglij\u00e9nsia m\u00e9diku di Massachusetts pa djudau proteji bus direitus.<\/li>\n<li>Ka bo faze kalker diklarason pa inpreza di sigurus \u00f4 sina kualker dokumentu di siguru antis di bo konsulta ku un adivogadu.<\/li>\n<li>Si bo xinti algun dor \u00f4 diskonfortu dipos di asidenti, bai imediatamenti pa \u00f4spital pa bo pode toma kuidadus m\u00e9dikus apropriadus.<\/li>\n<li>Sigi kada konsedju dadu pa m\u00e9dikus profisional, inkluindu konsultas di akumpanhamentu y tratamentu.<\/li>\n<li>Si bo sta bai fika atrazadu pa trabadju, lenbra na toma un anotason m\u00e9diku ta splika ma bo foi akonseliadu pa un dotor pa fika un tempu di folga.<\/li>\n<li>M\u00e1s  inpurtanti di tudu, konsulta ku un adivogadu di asidenti di niglij\u00e9nsia m\u00e9diku di  Boston, pa garanti ma bu sta sienti di bos direitus legail rilasionadus ku asidenti y firimentus. Kes adivogadus di Skrit\u00f3riu di Adivokasia di Christopher Sullivan, P.C.  ka ta kobra nada pa un konsulta inisial pa bo ka ten absolutamenti nada \u00e1 perdi na fala ku n\u00f4s sobri bo asidenti y bos firimentus.<\/li>\n<\/ul>\n\t<p>Kontakta-no<\/p>\n\t<p>Konsulta Gratis<\/p>\n\t\n\t<p>Prefer to schedule a call in advance? Pick a date and time that work best for you with our <a href=\"https:\/\/02111-ma-christopher-sullivan-1354913.m-a-truescheduler.com\/?locale=en\" target=\"_blank\" rel=\"noopener\">appointment scheduler<\/a>.<\/p>\n<h2>\n\t\tSigi-no na Facebook\n\t<\/h2>\n\t<blockquote cite=\"https:\/\/www.facebook.com\/SullivanInjuryLaw\/\"><a href=\"https:\/\/www.facebook.com\/SullivanInjuryLaw\/\">Scrit\u00f3rius di Adivokasia di Christopher Sullivan, P.C.<\/a><\/blockquote>","protected":false},"excerpt":{"rendered":"<p>Boston Medical Malpractice Lawyers If you or someone you know has been injured as the result of the negligence of a health care provider, there may be sufficient grounds for a Medical Malpractice claim against the treating doctor or the health care facility in question. Departures from accepted standards of medical care giving rise to&#8230;<\/p>","protected":false},"author":1,"featured_media":0,"parent":182,"menu_order":0,"comment_status":"closed","ping_status":"closed","template":"","meta":[],"yoast_head":"<!-- This site is optimized with the Yoast SEO plugin v18.5.1 - https:\/\/yoast.com\/wordpress\/plugins\/seo\/ -->\n<title>Boston Medical Malpractice Attorneys - Law Offices of Christopher Sullivan, P.C.<\/title>\n<meta name=\"description\" content=\"If you suffered injuries from medical malpractice, contact Law Offices of Christopher Sullivan, P.C. today for a free consultation.\" \/>\n<meta name=\"robots\" content=\"index, follow, max-snippet:-1, max-image-preview:large, max-video-preview:-1\" \/>\n<link rel=\"canonical\" href=\"https:\/\/sullivaninjurylaw.com\/kea\/arias-pratikus\/lezon-pesoal\/niglijensia-mediku\/\" \/>\n<meta property=\"og:locale\" content=\"en_US\" \/>\n<meta property=\"og:type\" content=\"article\" \/>\n<meta property=\"og:title\" content=\"Boston Medical Malpractice Attorneys - Law Offices of Christopher Sullivan, P.C.\" \/>\n<meta property=\"og:description\" content=\"If you suffered injuries from medical malpractice, contact Law Offices of Christopher Sullivan, P.C. today for a free consultation.\" \/>\n<meta property=\"og:url\" content=\"https:\/\/sullivaninjurylaw.com\/kea\/arias-pratikus\/lezon-pesoal\/niglijensia-mediku\/\" \/>\n<meta property=\"og:site_name\" content=\"Law Offices of Christopher Sullivan, P.C.\" \/>\n<meta property=\"article:publisher\" content=\"https:\/\/www.facebook.com\/SullivanInjuryLaw\/\" \/>\n<meta property=\"article:modified_time\" content=\"2021-08-20T12:27:16+00:00\" \/>\n<meta property=\"og:image\" content=\"https:\/\/sullivaninjurylaw.com\/wp-content\/uploads\/2020\/11\/medical-malpractice-1024x683.jpg\" \/>\n<meta name=\"twitter:card\" content=\"summary_large_image\" \/>\n<meta name=\"twitter:label1\" content=\"Est. reading time\" \/>\n\t<meta name=\"twitter:data1\" content=\"2 minutes\" \/>\n<!-- \/ Yoast SEO plugin. -->","yoast_head_json":{"title":"Boston Medical Malpractice Attorneys - Law Offices of Christopher Sullivan, P.C.","description":"If you suffered injuries from medical malpractice, contact Law Offices of Christopher Sullivan, P.C. today for a free consultation.","robots":{"index":"index","follow":"follow","max-snippet":"max-snippet:-1","max-image-preview":"max-image-preview:large","max-video-preview":"max-video-preview:-1"},"canonical":"https:\/\/sullivaninjurylaw.com\/kea\/arias-pratikus\/lezon-pesoal\/niglijensia-mediku\/","og_locale":"en_US","og_type":"article","og_title":"Boston Medical Malpractice Attorneys - Law Offices of Christopher Sullivan, P.C.","og_description":"If you suffered injuries from medical malpractice, contact Law Offices of Christopher Sullivan, P.C. today for a free consultation.","og_url":"https:\/\/sullivaninjurylaw.com\/kea\/arias-pratikus\/lezon-pesoal\/niglijensia-mediku\/","og_site_name":"Law Offices of Christopher Sullivan, P.C.","article_publisher":"https:\/\/www.facebook.com\/SullivanInjuryLaw\/","article_modified_time":"2021-08-20T12:27:16+00:00","og_image":[{"url":"https:\/\/sullivaninjurylaw.com\/wp-content\/uploads\/2020\/11\/medical-malpractice-1024x683.jpg"}],"twitter_card":"summary_large_image","twitter_misc":{"Est. reading time":"2 minutes"},"schema":{"@context":"https:\/\/schema.org","@graph":[{"@type":"WebSite","@id":"https:\/\/sullivaninjurylaw.com\/#website","url":"https:\/\/sullivaninjurylaw.com\/","name":"Law Offices of Christopher Sullivan, P.C.","description":"","potentialAction":[{"@type":"SearchAction","target":{"@type":"EntryPoint","urlTemplate":"https:\/\/sullivaninjurylaw.com\/?s={search_term_string}"},"query-input":"required name=search_term_string"}],"inLanguage":"kea"},{"@type":"ImageObject","@id":"https:\/\/sullivaninjurylaw.com\/practice-areas\/personal-injury\/medical-malpractice\/#primaryimage","inLanguage":"kea","url":"https:\/\/sullivaninjurylaw.com\/wp-content\/uploads\/2020\/11\/medical-malpractice.jpg","contentUrl":"https:\/\/sullivaninjurylaw.com\/wp-content\/uploads\/2020\/11\/medical-malpractice.jpg","width":1920,"height":1280,"caption":"Medical Malpractice"},{"@type":"WebPage","@id":"https:\/\/sullivaninjurylaw.com\/practice-areas\/personal-injury\/medical-malpractice\/#webpage","url":"https:\/\/sullivaninjurylaw.com\/practice-areas\/personal-injury\/medical-malpractice\/","name":"Boston Medical Malpractice Attorneys - Law Offices of Christopher Sullivan, P.C.","isPartOf":{"@id":"https:\/\/sullivaninjurylaw.com\/#website"},"primaryImageOfPage":{"@id":"https:\/\/sullivaninjurylaw.com\/practice-areas\/personal-injury\/medical-malpractice\/#primaryimage"},"datePublished":"2020-11-19T22:44:01+00:00","dateModified":"2021-08-20T12:27:16+00:00","description":"If you suffered injuries from medical malpractice, contact Law Offices of Christopher Sullivan, P.C. today for a free consultation.","breadcrumb":{"@id":"https:\/\/sullivaninjurylaw.com\/practice-areas\/personal-injury\/medical-malpractice\/#breadcrumb"},"inLanguage":"kea","potentialAction":[{"@type":"ReadAction","target":["https:\/\/sullivaninjurylaw.com\/practice-areas\/personal-injury\/medical-malpractice\/"]}]},{"@type":"BreadcrumbList","@id":"https:\/\/sullivaninjurylaw.com\/practice-areas\/personal-injury\/medical-malpractice\/#breadcrumb","itemListElement":[{"@type":"ListItem","position":1,"name":"Home","item":"https:\/\/sullivaninjurylaw.com\/"},{"@type":"ListItem","position":2,"name":"Practice Areas","item":"https:\/\/sullivaninjurylaw.com\/practice-areas\/"},{"@type":"ListItem","position":3,"name":"Personal Injury","item":"https:\/\/sullivaninjurylaw.com\/practice-areas\/personal-injury\/"},{"@type":"ListItem","position":4,"name":"Medical Malpractice"}]}]}},"_links":{"self":[{"href":"https:\/\/sullivaninjurylaw.com\/kea\/wp-json\/wp\/v2\/pages\/288"}],"collection":[{"href":"https:\/\/sullivaninjurylaw.com\/kea\/wp-json\/wp\/v2\/pages"}],"about":[{"href":"https:\/\/sullivaninjurylaw.com\/kea\/wp-json\/wp\/v2\/types\/page"}],"author":[{"embeddable":true,"href":"https:\/\/sullivaninjurylaw.com\/kea\/wp-json\/wp\/v2\/users\/1"}],"replies":[{"embeddable":true,"href":"https:\/\/sullivaninjurylaw.com\/kea\/wp-json\/wp\/v2\/comments?post=288"}],"version-history":[{"count":6,"href":"https:\/\/sullivaninjurylaw.com\/kea\/wp-json\/wp\/v2\/pages\/288\/revisions"}],"predecessor-version":[{"id":1104,"href":"https:\/\/sullivaninjurylaw.com\/kea\/wp-json\/wp\/v2\/pages\/288\/revisions\/1104"}],"up":[{"embeddable":true,"href":"https:\/\/sullivaninjurylaw.com\/kea\/wp-json\/wp\/v2\/pages\/182"}],"wp:attachment":[{"href":"https:\/\/sullivaninjurylaw.com\/kea\/wp-json\/wp\/v2\/media?parent=288"}],"curies":[{"name":"wp","href":"https:\/\/api.w.org\/{rel}","templated":true}]}}