{"id":264,"date":"2020-11-19T17:30:34","date_gmt":"2020-11-19T22:30:34","guid":{"rendered":"http:\/\/sullivaninjurylaw2.southshoredigitalmarketing.com\/?page_id=264"},"modified":"2021-08-20T08:29:26","modified_gmt":"2021-08-20T12:29:26","slug":"premises-liability","status":"publish","type":"page","link":"https:\/\/sullivaninjurylaw.com\/kea\/arias-pratikus\/lezon-pesoal\/risponsabilidadi-di-stablesimentus\/","title":{"rendered":"Risponsabilidadi Siv\u00edl  di Stablesimentus"},"content":{"rendered":"<h1>\n\t\tBoston Premises Liability Lawyers\n\t<\/h1>\n\t\t\t\t<img src=\"https:\/\/sullivaninjurylaw.com\/wp-content\/uploads\/2020\/11\/premises-liability-1024x683.jpg\" alt=\"Risponsabilidadi Siv\u00edl  di Stablesimentus\" =\"image\" height=\"683\" width=\"1024\" title=\"Risponsabilidadi Siv\u00edl  di Stablesimentus\" onerror=\"this.style.display='none'\">\n\t<p>Not all injuries on business, commercial, or private property are the result of a slip &amp; fall. Often times an injury suffered on another&#8217;s property, or the property of someone you rent from, are caused by hazardous or defective conditions that do not necessarily result in one slipping or falling.<\/p>\n<p>Izenplus pode  inklui, m\u00e1s ka ta sta limitadu so na, <em>V\u00eddru kebrau<\/em> y <em>K\u00e9da di prateleras y\/ \u00f4 sinal<\/em>Kes v\u00edtimas di Kazus di Risponsabilidadi Sivil di Stablesimentus ta sufri non so pa firimentus f\u00edzikus, mas tanb\u00e9 pa perdas ekon\u00f3miku rilasionadus ku perda salarial y kontas m\u00e9dikus.Munti v\u00edtimas firidus ta sufri tanbe pa danus asosiadus \u00e1 ang\u00fastia mental, inkluindu diminuison di proveitu di vida.<\/p>\n<p>Indipendentimenti di modi ki bu xinti logu dip\u00f4s di un asidenti, bo devi prokura konsedju di un adivogadu xpirienti na asidentis di risponsabilidadi siv\u00edl di stablesimentus di Boston imediatamenti. Alguns tipus di lezon podi ka manifesta ate dias dip\u00f4s di asidenti, y, na kel altura la, pode ser ki dja ka ta ten provas fizikas inpurtantis y tistimunhas pode fika m\u00e1s difisil di atxa Al\u00e9n di ke la, mesmu doris levis podi ser indikason di ferimentus m\u00e1s gravis. Purtantu, mesmu ki bo pensa ma bo leson \u00e9 insignifikanti, \u00e9 inpurtanti pa bo prokura atenson m\u00e9diku imidiatamenti.<\/p>\n<h2>If you&#8217;ve been injured in a premises liability accident, take these important steps to protect your interests:<\/h2>\n<ul>\n<li>Kontakta un adivogadu xperienti na asidentis di risponsabilidadi siv\u00edl di stablesimentus di Massachusetts pa djudau proteji bus direitus.<\/li>\n<li>Ka bo faze kalker diklarason pa inpreza di sigurus \u00f4 sina kualker dokumentu di siguru antis di bo konsulta ku un adivogadu.<\/li>\n<li>Si bo xinti algun dor \u00f4 diskonfortu dipos di asidenti, bai imediatamenti pa \u00f4spital pa bo pode toma kuidadus m\u00e9dikus apropriadus.<\/li>\n<li>Sigi kada konsedju dadu pa m\u00e9dikus profisional, inkluindu konsultas di akumpanhamentu y tratamentu.<\/li>\n<li>Si bo sta bai fika atrazadu pa trabadju, lenbra na toma un anotason m\u00e9diku ta splika ma bo foi akonseliadu pa un dotor pa fika un tempu di folga.<\/li>\n<li>M\u00e1s  inpurtanti di tudu, konsulta ku un adivogadu di asidenti di risponsabilidadi siv\u00edl di stablesimentus di Boston, pa garanti ma bo sta sienti di bos direitus legal rilasionadus ku asidenti y firimentus. Kes adivogadus di Skrit\u00f3riu di Adivokasia di Christopher Sullivan, P.C. ka ta kobra nada pa un konsulta inisial pa bo ka ten absolutamenti nada \u00e1 perdi na fala ku n\u00f4s sobri bo asidenti y bos firimentus.<\/li>\n<\/ul>\n\t<p>Kontakta-no<\/p>\n\t<p>Konsulta Gratis<\/p>\n\t\n\t<p>Prefer to schedule a call in advance? Pick a date and time that work best for you with our <a href=\"https:\/\/02111-ma-christopher-sullivan-1354913.m-a-truescheduler.com\/?locale=en\" target=\"_blank\" rel=\"noopener\">appointment scheduler<\/a>.<\/p>\n<h2>\n\t\tSigi-no na Facebook\n\t<\/h2>\n\t<blockquote cite=\"https:\/\/www.facebook.com\/SullivanInjuryLaw\/\"><a href=\"https:\/\/www.facebook.com\/SullivanInjuryLaw\/\">Scrit\u00f3rius di Adivokasia di Christopher Sullivan, P.C.<\/a><\/blockquote>","protected":false},"excerpt":{"rendered":"<p>Boston Premises Liability Lawyers Not all injuries on business, commercial, or private property are the result of a slip &amp; fall. Often times an injury suffered on another&#8217;s property, or the property of someone you rent from, are caused by hazardous or defective conditions that do not necessarily result in one slipping or falling. Examples&#8230;<\/p>","protected":false},"author":1,"featured_media":0,"parent":182,"menu_order":0,"comment_status":"closed","ping_status":"closed","template":"","meta":[],"yoast_head":"<!-- This site is optimized with the Yoast SEO plugin v18.5.1 - https:\/\/yoast.com\/wordpress\/plugins\/seo\/ -->\n<title>Boston Premises Liability Attorneys - Law Offices of Christopher Sullivan, P.C.<\/title>\n<meta name=\"description\" content=\"If you suffered injuries from a premises liability accident, contact Law Offices of Christopher Sullivan, P.C. today for a free consultation.\" \/>\n<meta name=\"robots\" content=\"index, follow, max-snippet:-1, max-image-preview:large, max-video-preview:-1\" \/>\n<link rel=\"canonical\" href=\"https:\/\/sullivaninjurylaw.com\/kea\/arias-pratikus\/lezon-pesoal\/risponsabilidadi-di-stablesimentus\/\" \/>\n<meta property=\"og:locale\" content=\"en_US\" \/>\n<meta property=\"og:type\" content=\"article\" \/>\n<meta property=\"og:title\" content=\"Boston Premises Liability Attorneys - Law Offices of Christopher Sullivan, P.C.\" \/>\n<meta property=\"og:description\" content=\"If you suffered injuries from a premises liability accident, contact Law Offices of Christopher Sullivan, P.C. today for a free consultation.\" \/>\n<meta property=\"og:url\" content=\"https:\/\/sullivaninjurylaw.com\/kea\/arias-pratikus\/lezon-pesoal\/risponsabilidadi-di-stablesimentus\/\" \/>\n<meta property=\"og:site_name\" content=\"Law Offices of Christopher Sullivan, P.C.\" \/>\n<meta property=\"article:publisher\" content=\"https:\/\/www.facebook.com\/SullivanInjuryLaw\/\" \/>\n<meta property=\"article:modified_time\" content=\"2021-08-20T12:29:26+00:00\" \/>\n<meta property=\"og:image\" content=\"https:\/\/sullivaninjurylaw.com\/wp-content\/uploads\/2020\/11\/premises-liability-1024x683.jpg\" \/>\n<meta name=\"twitter:card\" content=\"summary_large_image\" \/>\n<meta name=\"twitter:label1\" content=\"Est. reading time\" \/>\n\t<meta name=\"twitter:data1\" content=\"3 minutes\" \/>\n<!-- \/ Yoast SEO plugin. -->","yoast_head_json":{"title":"Boston Premises Liability Attorneys - Law Offices of Christopher Sullivan, P.C.","description":"If you suffered injuries from a premises liability accident, contact Law Offices of Christopher Sullivan, P.C. today for a free consultation.","robots":{"index":"index","follow":"follow","max-snippet":"max-snippet:-1","max-image-preview":"max-image-preview:large","max-video-preview":"max-video-preview:-1"},"canonical":"https:\/\/sullivaninjurylaw.com\/kea\/arias-pratikus\/lezon-pesoal\/risponsabilidadi-di-stablesimentus\/","og_locale":"en_US","og_type":"article","og_title":"Boston Premises Liability Attorneys - Law Offices of Christopher Sullivan, P.C.","og_description":"If you suffered injuries from a premises liability accident, contact Law Offices of Christopher Sullivan, P.C. today for a free consultation.","og_url":"https:\/\/sullivaninjurylaw.com\/kea\/arias-pratikus\/lezon-pesoal\/risponsabilidadi-di-stablesimentus\/","og_site_name":"Law Offices of Christopher Sullivan, P.C.","article_publisher":"https:\/\/www.facebook.com\/SullivanInjuryLaw\/","article_modified_time":"2021-08-20T12:29:26+00:00","og_image":[{"url":"https:\/\/sullivaninjurylaw.com\/wp-content\/uploads\/2020\/11\/premises-liability-1024x683.jpg"}],"twitter_card":"summary_large_image","twitter_misc":{"Est. reading time":"3 minutes"},"schema":{"@context":"https:\/\/schema.org","@graph":[{"@type":"WebSite","@id":"https:\/\/sullivaninjurylaw.com\/#website","url":"https:\/\/sullivaninjurylaw.com\/","name":"Law Offices of Christopher Sullivan, P.C.","description":"","potentialAction":[{"@type":"SearchAction","target":{"@type":"EntryPoint","urlTemplate":"https:\/\/sullivaninjurylaw.com\/?s={search_term_string}"},"query-input":"required name=search_term_string"}],"inLanguage":"kea"},{"@type":"ImageObject","@id":"https:\/\/sullivaninjurylaw.com\/practice-areas\/personal-injury\/premises-liability\/#primaryimage","inLanguage":"kea","url":"https:\/\/sullivaninjurylaw.com\/wp-content\/uploads\/2020\/11\/premises-liability.jpg","contentUrl":"https:\/\/sullivaninjurylaw.com\/wp-content\/uploads\/2020\/11\/premises-liability.jpg","width":1920,"height":1280,"caption":"Premises Liability"},{"@type":"WebPage","@id":"https:\/\/sullivaninjurylaw.com\/practice-areas\/personal-injury\/premises-liability\/#webpage","url":"https:\/\/sullivaninjurylaw.com\/practice-areas\/personal-injury\/premises-liability\/","name":"Boston Premises Liability Attorneys - Law Offices of Christopher Sullivan, P.C.","isPartOf":{"@id":"https:\/\/sullivaninjurylaw.com\/#website"},"primaryImageOfPage":{"@id":"https:\/\/sullivaninjurylaw.com\/practice-areas\/personal-injury\/premises-liability\/#primaryimage"},"datePublished":"2020-11-19T22:30:34+00:00","dateModified":"2021-08-20T12:29:26+00:00","description":"If you suffered injuries from a premises liability accident, contact Law Offices of Christopher Sullivan, P.C. today for a free consultation.","breadcrumb":{"@id":"https:\/\/sullivaninjurylaw.com\/practice-areas\/personal-injury\/premises-liability\/#breadcrumb"},"inLanguage":"kea","potentialAction":[{"@type":"ReadAction","target":["https:\/\/sullivaninjurylaw.com\/practice-areas\/personal-injury\/premises-liability\/"]}]},{"@type":"BreadcrumbList","@id":"https:\/\/sullivaninjurylaw.com\/practice-areas\/personal-injury\/premises-liability\/#breadcrumb","itemListElement":[{"@type":"ListItem","position":1,"name":"Home","item":"https:\/\/sullivaninjurylaw.com\/"},{"@type":"ListItem","position":2,"name":"Practice Areas","item":"https:\/\/sullivaninjurylaw.com\/practice-areas\/"},{"@type":"ListItem","position":3,"name":"Personal Injury","item":"https:\/\/sullivaninjurylaw.com\/practice-areas\/personal-injury\/"},{"@type":"ListItem","position":4,"name":"Premises Liability"}]}]}},"_links":{"self":[{"href":"https:\/\/sullivaninjurylaw.com\/kea\/wp-json\/wp\/v2\/pages\/264"}],"collection":[{"href":"https:\/\/sullivaninjurylaw.com\/kea\/wp-json\/wp\/v2\/pages"}],"about":[{"href":"https:\/\/sullivaninjurylaw.com\/kea\/wp-json\/wp\/v2\/types\/page"}],"author":[{"embeddable":true,"href":"https:\/\/sullivaninjurylaw.com\/kea\/wp-json\/wp\/v2\/users\/1"}],"replies":[{"embeddable":true,"href":"https:\/\/sullivaninjurylaw.com\/kea\/wp-json\/wp\/v2\/comments?post=264"}],"version-history":[{"count":8,"href":"https:\/\/sullivaninjurylaw.com\/kea\/wp-json\/wp\/v2\/pages\/264\/revisions"}],"predecessor-version":[{"id":1116,"href":"https:\/\/sullivaninjurylaw.com\/kea\/wp-json\/wp\/v2\/pages\/264\/revisions\/1116"}],"up":[{"embeddable":true,"href":"https:\/\/sullivaninjurylaw.com\/kea\/wp-json\/wp\/v2\/pages\/182"}],"wp:attachment":[{"href":"https:\/\/sullivaninjurylaw.com\/kea\/wp-json\/wp\/v2\/media?parent=264"}],"curies":[{"name":"wp","href":"https:\/\/api.w.org\/{rel}","templated":true}]}}