{"id":255,"date":"2020-11-19T17:25:16","date_gmt":"2020-11-19T22:25:16","guid":{"rendered":"http:\/\/sullivaninjurylaw2.southshoredigitalmarketing.com\/?page_id=255"},"modified":"2021-08-20T08:33:03","modified_gmt":"2021-08-20T12:33:03","slug":"bicycle-accidents","status":"publish","type":"page","link":"https:\/\/sullivaninjurylaw.com\/kea\/arias-pratikus\/lezon-pesoal\/asidenti-di-bisikleta\/","title":{"rendered":"Asidentis di Bisikl\u00e9ta"},"content":{"rendered":"<h1>\n\t\tBoston Bicycle Accident Lawyers\n\t<\/h1>\n\t\t\t\t<img src=\"https:\/\/sullivaninjurylaw.com\/wp-content\/uploads\/2020\/11\/bicycle-accidents-2-1024x685.jpg\" alt=\"Asidentis di Bisikl\u00e9ta\" =\"image\" height=\"685\" width=\"1024\" title=\"Asidentis di Bisikl\u00e9ta\" onerror=\"this.style.display='none'\">\n\t<p>Nen tudu asidenti ku ve\u00edkulus motorizadus ka ta involvi  d\u00f3s \u00f4 m\u00e1s autom\u00f3vel. Munti vez, kes asidentis ta involvi apenas un autom\u00f3vel ki ta at\u00ednji un bisikl\u00e9ta. Kes siklistas firidus tene kes mesmus direitus legal kontra kel kondutor-kulpozu ki kes involvidus na asidentis di autom\u00f3vel ki ta involvi dos \u00f4 m\u00e1s ve\u00edkulos.<\/p>\n<p>Di fatu, dipendentimenti di sirkunst\u00e1nsias, kes siklistas firidus pode ten m\u00e1s direitus legal ki kes otus firidus m\u00f3 kondutor \u00f4 pasajerus di ve\u00edkulus motorizadus. Di akordu ku danus sufridu pa kel v\u00edtima firidu, kes firmentu ka ta ser s\u00f3 di natureza f\u00edsiku, pode inklui tanb\u00e9 prejuizus ekon\u00f3mikus pa m\u00f3di perda salarial y kontas m\u00e9dikus.<\/p>\n<p>Munti v\u00edtimas firidus ta sufre tanb\u00e9 pa danus asosiadus ku ang\u00fastia mental, inkluindu diminuison di proveitu di vida. Indipendentimenti di modi ki bo xinti l\u00f3gu dip\u00f4s di un asidenti, bo deve prokura konsedju di un adivogadu xpirienti imediatamente. Alguns tipus di lezon podi ka manifesta ate dias dip\u00f4s di asidenti, y, na kel altura la, pode ser ki dja ka ta ten provas fizikas inpurtantis y tistimunhas pode fika m\u00e1s difisil di atxa Al\u00e9n di ke la, mesmu doris levis pode ser indikason di ferimentus m\u00e1s gravis. Purtantu, mesmu ki bu pensa ma bo lezon \u00e9 insignifikanti, \u00e9 inpurtanti pa bo prokura atenson m\u00e9diku imidiatamenti.<\/p>\n<p>&nbsp;<\/p>\n<h2>If you&#8217;ve been injured in a bicycle accident, take these important steps to protect your interests:<\/h2>\n<ul>\n<li>Kontakta un adivogadu xperienti na asidentis di Bisikl\u00e9ta di Massachusetts pa djudau proteji bos direitus.<\/li>\n<li>Ka bo faze kalker diklarason pa inpreza di sigurus \u00f4 sina kualker dokumentu di siguru antis di bo konsulta ku un adivogadu.<\/li>\n<li>Si bo xinti algun dor \u00f4 diskonfortu dipos di asidenti, bai imediatamenti pa \u00f4spital pa bo pode toma kuidadus m\u00e9dikus apropriadus.<\/li>\n<li>Sigi kada konsedju dadu pa m\u00e9dikus profisional, inkluindu konsultas di akumpanhamentu y tratamentu.<\/li>\n<li>Si bo sta bai fika atrazadu pa trabadju, lenbra na toma un anotason m\u00e9diku ta splika ma bo foi akonseliadu pa un dotor pa fika un tempu di folga.<\/li>\n<li>M\u00e1s  inpurtanti di tudu, konsulta ku un adivogadu di asidenti di bisikl\u00e9ta di Boston, pa garanti ma bo sta sienti di bus direitus legais rilasionadus ku asidenti y firimentus. Kes adivogadus di Skrit\u00f3riu di Adivokasia di Christopher Sullivan, P.C.  ka ta kobra nada pa un auditoria inisial pa bo ka ten absolutamenti nada \u00e1 perdi na fala ku n\u00f4s sobri bo asidenti y bos firimentus.<\/li>\n<\/ul>\n\t<p>Kontakta-no<\/p>\n\t<p>Konsulta Gratis<\/p>\n\t\n\t<p>Prefer to schedule a call in advance? Pick a date and time that work best for you with our <a href=\"https:\/\/02111-ma-christopher-sullivan-1354913.m-a-truescheduler.com\/?locale=en\" target=\"_blank\" rel=\"noopener\">appointment scheduler<\/a>.<\/p>\n<h2>\n\t\tSigi-no na Facebook\n\t<\/h2>\n\t<blockquote cite=\"https:\/\/www.facebook.com\/SullivanInjuryLaw\/\"><a href=\"https:\/\/www.facebook.com\/SullivanInjuryLaw\/\">Scrit\u00f3rius di Adivokasia di Christopher Sullivan, P.C.<\/a><\/blockquote>","protected":false},"excerpt":{"rendered":"<p>Boston Bicycle Accident Lawyers All motor vehicle accidents do not involve two or more automobiles. Often times these accidents involve a single automobile striking a bicyclist. These injured bicyclists have the same legal rights against the at-fault driver as those involved in automobile accidents involving two or more vehicles. In fact, depending on the circumstances,&#8230;<\/p>","protected":false},"author":1,"featured_media":0,"parent":182,"menu_order":0,"comment_status":"closed","ping_status":"closed","template":"","meta":[],"yoast_head":"<!-- This site is optimized with the Yoast SEO plugin v18.5.1 - https:\/\/yoast.com\/wordpress\/plugins\/seo\/ -->\n<title>Boston Bicycle Accident Attorneys - Law Offices of Christopher Sullivan, P.C.<\/title>\n<meta name=\"description\" content=\"If you suffered injuries from a bicycle accident, contact Law Offices of Christopher Sullivan, P.C. today for a free consultation.\" \/>\n<meta name=\"robots\" content=\"index, follow, max-snippet:-1, max-image-preview:large, max-video-preview:-1\" \/>\n<link rel=\"canonical\" href=\"https:\/\/sullivaninjurylaw.com\/kea\/arias-pratikus\/lezon-pesoal\/asidenti-di-bisikleta\/\" \/>\n<meta property=\"og:locale\" content=\"en_US\" \/>\n<meta property=\"og:type\" content=\"article\" \/>\n<meta property=\"og:title\" content=\"Boston Bicycle Accident Attorneys - Law Offices of Christopher Sullivan, P.C.\" \/>\n<meta property=\"og:description\" content=\"If you suffered injuries from a bicycle accident, contact Law Offices of Christopher Sullivan, P.C. today for a free consultation.\" \/>\n<meta property=\"og:url\" content=\"https:\/\/sullivaninjurylaw.com\/kea\/arias-pratikus\/lezon-pesoal\/asidenti-di-bisikleta\/\" \/>\n<meta property=\"og:site_name\" content=\"Law Offices of Christopher Sullivan, P.C.\" \/>\n<meta property=\"article:publisher\" content=\"https:\/\/www.facebook.com\/SullivanInjuryLaw\/\" \/>\n<meta property=\"article:modified_time\" content=\"2021-08-20T12:33:03+00:00\" \/>\n<meta property=\"og:image\" content=\"https:\/\/sullivaninjurylaw.com\/wp-content\/uploads\/2020\/11\/bicycle-accidents-2-1024x685.jpg\" \/>\n<meta name=\"twitter:card\" content=\"summary_large_image\" \/>\n<meta name=\"twitter:label1\" content=\"Est. reading time\" \/>\n\t<meta name=\"twitter:data1\" content=\"3 minutes\" \/>\n<!-- \/ Yoast SEO plugin. -->","yoast_head_json":{"title":"Boston Bicycle Accident Attorneys - Law Offices of Christopher Sullivan, P.C.","description":"If you suffered injuries from a bicycle accident, contact Law Offices of Christopher Sullivan, P.C. today for a free consultation.","robots":{"index":"index","follow":"follow","max-snippet":"max-snippet:-1","max-image-preview":"max-image-preview:large","max-video-preview":"max-video-preview:-1"},"canonical":"https:\/\/sullivaninjurylaw.com\/kea\/arias-pratikus\/lezon-pesoal\/asidenti-di-bisikleta\/","og_locale":"en_US","og_type":"article","og_title":"Boston Bicycle Accident Attorneys - Law Offices of Christopher Sullivan, P.C.","og_description":"If you suffered injuries from a bicycle accident, contact Law Offices of Christopher Sullivan, P.C. today for a free consultation.","og_url":"https:\/\/sullivaninjurylaw.com\/kea\/arias-pratikus\/lezon-pesoal\/asidenti-di-bisikleta\/","og_site_name":"Law Offices of Christopher Sullivan, P.C.","article_publisher":"https:\/\/www.facebook.com\/SullivanInjuryLaw\/","article_modified_time":"2021-08-20T12:33:03+00:00","og_image":[{"url":"https:\/\/sullivaninjurylaw.com\/wp-content\/uploads\/2020\/11\/bicycle-accidents-2-1024x685.jpg"}],"twitter_card":"summary_large_image","twitter_misc":{"Est. reading time":"3 minutes"},"schema":{"@context":"https:\/\/schema.org","@graph":[{"@type":"WebSite","@id":"https:\/\/sullivaninjurylaw.com\/#website","url":"https:\/\/sullivaninjurylaw.com\/","name":"Law Offices of Christopher Sullivan, P.C.","description":"","potentialAction":[{"@type":"SearchAction","target":{"@type":"EntryPoint","urlTemplate":"https:\/\/sullivaninjurylaw.com\/?s={search_term_string}"},"query-input":"required name=search_term_string"}],"inLanguage":"kea"},{"@type":"ImageObject","@id":"https:\/\/sullivaninjurylaw.com\/practice-areas\/personal-injury\/bicycle-accidents\/#primaryimage","inLanguage":"kea","url":"https:\/\/sullivaninjurylaw.com\/wp-content\/uploads\/2020\/11\/bicycle-accidents-2.jpg","contentUrl":"https:\/\/sullivaninjurylaw.com\/wp-content\/uploads\/2020\/11\/bicycle-accidents-2.jpg","width":1920,"height":1285,"caption":"Bicycle Accidents"},{"@type":"WebPage","@id":"https:\/\/sullivaninjurylaw.com\/practice-areas\/personal-injury\/bicycle-accidents\/#webpage","url":"https:\/\/sullivaninjurylaw.com\/practice-areas\/personal-injury\/bicycle-accidents\/","name":"Boston Bicycle Accident Attorneys - Law Offices of Christopher Sullivan, P.C.","isPartOf":{"@id":"https:\/\/sullivaninjurylaw.com\/#website"},"primaryImageOfPage":{"@id":"https:\/\/sullivaninjurylaw.com\/practice-areas\/personal-injury\/bicycle-accidents\/#primaryimage"},"datePublished":"2020-11-19T22:25:16+00:00","dateModified":"2021-08-20T12:33:03+00:00","description":"If you suffered injuries from a bicycle accident, contact Law Offices of Christopher Sullivan, P.C. today for a free consultation.","breadcrumb":{"@id":"https:\/\/sullivaninjurylaw.com\/practice-areas\/personal-injury\/bicycle-accidents\/#breadcrumb"},"inLanguage":"kea","potentialAction":[{"@type":"ReadAction","target":["https:\/\/sullivaninjurylaw.com\/practice-areas\/personal-injury\/bicycle-accidents\/"]}]},{"@type":"BreadcrumbList","@id":"https:\/\/sullivaninjurylaw.com\/practice-areas\/personal-injury\/bicycle-accidents\/#breadcrumb","itemListElement":[{"@type":"ListItem","position":1,"name":"Home","item":"https:\/\/sullivaninjurylaw.com\/"},{"@type":"ListItem","position":2,"name":"Practice Areas","item":"https:\/\/sullivaninjurylaw.com\/practice-areas\/"},{"@type":"ListItem","position":3,"name":"Personal Injury","item":"https:\/\/sullivaninjurylaw.com\/practice-areas\/personal-injury\/"},{"@type":"ListItem","position":4,"name":"Bicycle Accidents"}]}]}},"_links":{"self":[{"href":"https:\/\/sullivaninjurylaw.com\/kea\/wp-json\/wp\/v2\/pages\/255"}],"collection":[{"href":"https:\/\/sullivaninjurylaw.com\/kea\/wp-json\/wp\/v2\/pages"}],"about":[{"href":"https:\/\/sullivaninjurylaw.com\/kea\/wp-json\/wp\/v2\/types\/page"}],"author":[{"embeddable":true,"href":"https:\/\/sullivaninjurylaw.com\/kea\/wp-json\/wp\/v2\/users\/1"}],"replies":[{"embeddable":true,"href":"https:\/\/sullivaninjurylaw.com\/kea\/wp-json\/wp\/v2\/comments?post=255"}],"version-history":[{"count":7,"href":"https:\/\/sullivaninjurylaw.com\/kea\/wp-json\/wp\/v2\/pages\/255\/revisions"}],"predecessor-version":[{"id":1127,"href":"https:\/\/sullivaninjurylaw.com\/kea\/wp-json\/wp\/v2\/pages\/255\/revisions\/1127"}],"up":[{"embeddable":true,"href":"https:\/\/sullivaninjurylaw.com\/kea\/wp-json\/wp\/v2\/pages\/182"}],"wp:attachment":[{"href":"https:\/\/sullivaninjurylaw.com\/kea\/wp-json\/wp\/v2\/media?parent=255"}],"curies":[{"name":"wp","href":"https:\/\/api.w.org\/{rel}","templated":true}]}}