{"id":358,"date":"2020-11-20T19:05:44","date_gmt":"2020-11-21T00:05:44","guid":{"rendered":"http:\/\/sullivaninjurylaw2.southshoredigitalmarketing.com\/?page_id=358"},"modified":"2021-06-26T23:49:53","modified_gmt":"2021-06-27T03:49:53","slug":"brockton","status":"publish","type":"page","link":"https:\/\/sullivaninjurylaw.com\/es\/sobre-nosotros\/nuestros-oficinas\/brockton\/","title":{"rendered":"Brockton"},"content":{"rendered":"<h1>\n\t\tOficina de Brockton\n\t<\/h1>\n\t\t\t\t<img src=\"https:\/\/sullivaninjurylaw.com\/wp-content\/uploads\/2021\/05\/brockton-office.jpg\" alt=\"Oficina de Brockton\" =\"image\" height=\"500\" width=\"1000\" title=\"Oficina de Brockton\" onerror=\"this.style.display='none'\"  \/>\n\t<p>Las Oficinas Legales de Christopher Sullivan, PC es un local <a href=\"https:\/\/sullivaninjurylaw.com\/es\/accidentes-automovilisticos\/\">Bufete de abogados de lesiones personales de Brockton<\/a>. Manejamos muchos tipos de casos de lesiones personales, incluidos <a href=\"https:\/\/sullivaninjurylaw.com\/es\/accidentes-automovilisticos\/\">accidentes automovil\u00edsticos en Brockton<\/a>.<\/p>\n<h2>\n\t\tTel\u00e9fono\n\t<\/h2>\n\t\n<h2>\n\t\tDirecci\u00f3n\n\t<\/h2>\n\t<p>Solo por cita<\/p>\n<p>31 Dover Street, piso 1<\/p>\n<p>Brockton, MA 02301<\/p>\n<h2>\n\t\tHoras\n\t<\/h2>\n\t<p>Solo por cita<\/p>\n\t<iframe src=\"https:\/\/www.google.com\/maps\/embed\/v1\/place?q=31+Dover+St%2C+Brockton%2C+MA&#038;key=AIzaSyD09zQ9PNDNNy9TadMuzRV_UsPUoWKntt8\" aria-hidden=\"true\" title=\"Oficinas Legales de Christopher Sullivan, PC - Oficina de Brockton\"><\/iframe>\n\t\t\t<a href=\"https:\/\/goo.gl\/maps\/f7bXhhbdpEThvXnu5\" target=\"_blank\" role=\"button\" rel=\"noopener\">\n\t\t\t\t\t\t\tObtener las direcciones\n\t\t\t<\/a>\n\t<p>Cont\u00e1ctenos<\/p>\n\t<p>Consulta gratis<\/p>\n\t\n<h2>\n\t\tS\u00edguenos en Facebook\n\t<\/h2>\n\t<blockquote cite=\"https:\/\/www.facebook.com\/SullivanInjuryLaw\/\"><a href=\"https:\/\/www.facebook.com\/SullivanInjuryLaw\/\">Oficinas Legales de Christopher Sullivan, PC<\/a><\/blockquote>","protected":false},"excerpt":{"rendered":"<p>Oficina de Brockton Las Oficinas Legales de Christopher Sullivan, PC es una oficina local de abogados de lesiones personales en Brockton. Manejamos muchos tipos de casos de lesiones personales, incluidos los accidentes automovil\u00edsticos en Brockton. Tel\u00e9fono Direcci\u00f3n Solo con cita previa 31 Dover Street, Floor 1 Brockton, MA 02301 Horario Solo con cita previa Obtenga indicaciones Cont\u00e1ctenos Consulta gratuita S\u00edganos...<\/p>","protected":false},"author":1,"featured_media":0,"parent":346,"menu_order":0,"comment_status":"closed","ping_status":"closed","template":"","meta":[],"yoast_head":"<!-- This site is optimized with the Yoast SEO plugin v18.5.1 - https:\/\/yoast.com\/wordpress\/plugins\/seo\/ -->\n<title>Brockton Office - Law Offices of Christopher Sullivan, P.C.<\/title>\n<meta name=\"description\" content=\"Brockton address and phone number for Law Offices of Christopher Sullivan, P.C. Contact us for a free consultation.\" \/>\n<meta name=\"robots\" content=\"index, follow, max-snippet:-1, max-image-preview:large, max-video-preview:-1\" \/>\n<link rel=\"canonical\" href=\"https:\/\/sullivaninjurylaw.com\/es\/sobre-nosotros\/nuestros-oficinas\/brockton\/\" \/>\n<meta property=\"og:locale\" content=\"es_MX\" \/>\n<meta property=\"og:type\" content=\"article\" \/>\n<meta property=\"og:title\" content=\"Brockton Office - Law Offices of Christopher Sullivan, P.C.\" \/>\n<meta property=\"og:description\" content=\"Brockton address and phone number for Law Offices of Christopher Sullivan, P.C. Contact us for a free consultation.\" \/>\n<meta property=\"og:url\" content=\"https:\/\/sullivaninjurylaw.com\/es\/sobre-nosotros\/nuestros-oficinas\/brockton\/\" \/>\n<meta property=\"og:site_name\" content=\"Law Offices of Christopher Sullivan, P.C.\" \/>\n<meta property=\"article:publisher\" content=\"https:\/\/www.facebook.com\/SullivanInjuryLaw\/\" \/>\n<meta property=\"article:modified_time\" content=\"2021-06-27T03:49:53+00:00\" \/>\n<meta property=\"og:image\" content=\"https:\/\/sullivaninjurylaw.com\/wp-content\/uploads\/2021\/05\/brockton-office.jpg\" \/>\n<meta name=\"twitter:card\" content=\"summary_large_image\" \/>\n<!-- \/ Yoast SEO plugin. -->","yoast_head_json":{"title":"Brockton Office - Law Offices of Christopher Sullivan, P.C.","description":"Brockton address and phone number for Law Offices of Christopher Sullivan, P.C. Contact us for a free consultation.","robots":{"index":"index","follow":"follow","max-snippet":"max-snippet:-1","max-image-preview":"max-image-preview:large","max-video-preview":"max-video-preview:-1"},"canonical":"https:\/\/sullivaninjurylaw.com\/es\/sobre-nosotros\/nuestros-oficinas\/brockton\/","og_locale":"es_MX","og_type":"article","og_title":"Brockton Office - Law Offices of Christopher Sullivan, P.C.","og_description":"Brockton address and phone number for Law Offices of Christopher Sullivan, P.C. Contact us for a free consultation.","og_url":"https:\/\/sullivaninjurylaw.com\/es\/sobre-nosotros\/nuestros-oficinas\/brockton\/","og_site_name":"Law Offices of Christopher Sullivan, P.C.","article_publisher":"https:\/\/www.facebook.com\/SullivanInjuryLaw\/","article_modified_time":"2021-06-27T03:49:53+00:00","og_image":[{"url":"https:\/\/sullivaninjurylaw.com\/wp-content\/uploads\/2021\/05\/brockton-office.jpg"}],"twitter_card":"summary_large_image","schema":{"@context":"https:\/\/schema.org","@graph":[{"@type":"WebSite","@id":"https:\/\/sullivaninjurylaw.com\/#website","url":"https:\/\/sullivaninjurylaw.com\/","name":"Law Offices of Christopher Sullivan, P.C.","description":"","potentialAction":[{"@type":"SearchAction","target":{"@type":"EntryPoint","urlTemplate":"https:\/\/sullivaninjurylaw.com\/?s={search_term_string}"},"query-input":"required name=search_term_string"}],"inLanguage":"es-MX"},{"@type":"ImageObject","@id":"https:\/\/sullivaninjurylaw.com\/about-us\/our-offices\/brockton\/#primaryimage","inLanguage":"es-MX","url":"https:\/\/sullivaninjurylaw.com\/wp-content\/uploads\/2021\/05\/brockton-office.jpg","contentUrl":"https:\/\/sullivaninjurylaw.com\/wp-content\/uploads\/2021\/05\/brockton-office.jpg","width":1000,"height":500,"caption":"Brockton Office"},{"@type":"WebPage","@id":"https:\/\/sullivaninjurylaw.com\/about-us\/our-offices\/brockton\/#webpage","url":"https:\/\/sullivaninjurylaw.com\/about-us\/our-offices\/brockton\/","name":"Brockton Office - Law Offices of Christopher Sullivan, P.C.","isPartOf":{"@id":"https:\/\/sullivaninjurylaw.com\/#website"},"primaryImageOfPage":{"@id":"https:\/\/sullivaninjurylaw.com\/about-us\/our-offices\/brockton\/#primaryimage"},"datePublished":"2020-11-21T00:05:44+00:00","dateModified":"2021-06-27T03:49:53+00:00","description":"Brockton address and phone number for Law Offices of Christopher Sullivan, P.C. Contact us for a free consultation.","breadcrumb":{"@id":"https:\/\/sullivaninjurylaw.com\/about-us\/our-offices\/brockton\/#breadcrumb"},"inLanguage":"es-MX","potentialAction":[{"@type":"ReadAction","target":["https:\/\/sullivaninjurylaw.com\/about-us\/our-offices\/brockton\/"]}]},{"@type":"BreadcrumbList","@id":"https:\/\/sullivaninjurylaw.com\/about-us\/our-offices\/brockton\/#breadcrumb","itemListElement":[{"@type":"ListItem","position":1,"name":"Home","item":"https:\/\/sullivaninjurylaw.com\/"},{"@type":"ListItem","position":2,"name":"About Us","item":"https:\/\/sullivaninjurylaw.com\/about-us\/"},{"@type":"ListItem","position":3,"name":"Our Offices","item":"https:\/\/sullivaninjurylaw.com\/about-us\/our-offices\/"},{"@type":"ListItem","position":4,"name":"Brockton"}]}]}},"_links":{"self":[{"href":"https:\/\/sullivaninjurylaw.com\/es\/wp-json\/wp\/v2\/pages\/358"}],"collection":[{"href":"https:\/\/sullivaninjurylaw.com\/es\/wp-json\/wp\/v2\/pages"}],"about":[{"href":"https:\/\/sullivaninjurylaw.com\/es\/wp-json\/wp\/v2\/types\/page"}],"author":[{"embeddable":true,"href":"https:\/\/sullivaninjurylaw.com\/es\/wp-json\/wp\/v2\/users\/1"}],"replies":[{"embeddable":true,"href":"https:\/\/sullivaninjurylaw.com\/es\/wp-json\/wp\/v2\/comments?post=358"}],"version-history":[{"count":8,"href":"https:\/\/sullivaninjurylaw.com\/es\/wp-json\/wp\/v2\/pages\/358\/revisions"}],"predecessor-version":[{"id":944,"href":"https:\/\/sullivaninjurylaw.com\/es\/wp-json\/wp\/v2\/pages\/358\/revisions\/944"}],"up":[{"embeddable":true,"href":"https:\/\/sullivaninjurylaw.com\/es\/wp-json\/wp\/v2\/pages\/346"}],"wp:attachment":[{"href":"https:\/\/sullivaninjurylaw.com\/es\/wp-json\/wp\/v2\/media?parent=358"}],"curies":[{"name":"wp","href":"https:\/\/api.w.org\/{rel}","templated":true}]}}