{"id":355,"date":"2020-11-20T19:04:44","date_gmt":"2020-11-21T00:04:44","guid":{"rendered":"http:\/\/sullivaninjurylaw2.southshoredigitalmarketing.com\/?page_id=355"},"modified":"2021-04-02T13:36:18","modified_gmt":"2021-04-02T17:36:18","slug":"abington","status":"publish","type":"page","link":"https:\/\/sullivaninjurylaw.com\/es\/sobre-nosotros\/nuestros-oficinas\/abington\/","title":{"rendered":"Abington"},"content":{"rendered":"<h1>\n\t\tOficina de Abington\n\t<\/h1>\n\t<iframe src=\"https:\/\/www.google.com\/maps\/embed\/v1\/place?q=213+Jean+Carol+Road%2C+Abington%2C+MA+02351&#038;key=AIzaSyD09zQ9PNDNNy9TadMuzRV_UsPUoWKntt8\" aria-hidden=\"true\" title=\"Oficinas Legales de Christopher Sullivan, PC - Oficina de Abington\"><\/iframe>\n\t\t\t<a href=\"https:\/\/goo.gl\/maps\/qzj4atS75ejkL4Sz7\" target=\"_blank\" role=\"button\" rel=\"noopener\">\n\t\t\t\t\t\t\tObtener las direcciones\n\t\t\t<\/a>\n<h2>\n\t\tTel\u00e9fono\n\t<\/h2>\n\t\n<h2>\n\t\tDirecci\u00f3n\n\t<\/h2>\n\t<p>Solo por cita<\/p>\n<p>213 Jean Carol Road<\/p>\n<p>Abington, MA 02351<\/p>\n<h2>\n\t\tHoras\n\t<\/h2>\n\t<p>Solo por cita<\/p>\n<p>Lunes a viernes: 9 a. M. - 5 p. M.<\/p>\n<p>S\u00e1b - Dom: Cerrado<\/p>\n\t<p>Cont\u00e1ctenos<\/p>\n\t<p>Consulta gratis<\/p>\n\t\n<h1>\n\t\tS\u00edguenos en Facebook\n\t<\/h1>\n\t<blockquote cite=\"https:\/\/www.facebook.com\/SullivanInjuryLaw\/\"><a href=\"https:\/\/www.facebook.com\/SullivanInjuryLaw\/\">Oficinas Legales de Christopher Sullivan, PC<\/a><\/blockquote>","protected":false},"excerpt":{"rendered":"<p>Oficina de Abington Obtenga direcciones Tel\u00e9fono Direcci\u00f3n Solo con cita 213 Jean Carol Road Abington, MA 02351 Horario Solo con cita De lunes a viernes: 9 AM - 5 PM S\u00e1bados y domingos: Cerrado Cont\u00e1ctenos Consulta gratuita S\u00edganos en Facebook Oficinas legales de Christopher Sullivan, PC<\/p>","protected":false},"author":1,"featured_media":0,"parent":346,"menu_order":0,"comment_status":"closed","ping_status":"closed","template":"","meta":[],"yoast_head":"<!-- This site is optimized with the Yoast SEO plugin v18.5.1 - https:\/\/yoast.com\/wordpress\/plugins\/seo\/ -->\n<title>Abington Office - Law Offices of Christopher Sullivan, P.C.<\/title>\n<meta name=\"description\" content=\"Abington address and phone number for Law Offices of Christopher Sullivan, P.C. Contact us for a free consultation.\" \/>\n<meta name=\"robots\" content=\"index, follow, max-snippet:-1, max-image-preview:large, max-video-preview:-1\" \/>\n<link rel=\"canonical\" href=\"https:\/\/sullivaninjurylaw.com\/es\/sobre-nosotros\/nuestros-oficinas\/abington\/\" \/>\n<meta property=\"og:locale\" content=\"es_MX\" \/>\n<meta property=\"og:type\" content=\"article\" \/>\n<meta property=\"og:title\" content=\"Abington Office - Law Offices of Christopher Sullivan, P.C.\" \/>\n<meta property=\"og:description\" content=\"Abington address and phone number for Law Offices of Christopher Sullivan, P.C. Contact us for a free consultation.\" \/>\n<meta property=\"og:url\" content=\"https:\/\/sullivaninjurylaw.com\/es\/sobre-nosotros\/nuestros-oficinas\/abington\/\" \/>\n<meta property=\"og:site_name\" content=\"Law Offices of Christopher Sullivan, P.C.\" \/>\n<meta property=\"article:publisher\" content=\"https:\/\/www.facebook.com\/SullivanInjuryLaw\/\" \/>\n<meta property=\"article:modified_time\" content=\"2021-04-02T17:36:18+00:00\" \/>\n<meta property=\"og:image\" content=\"https:\/\/sullivaninjurylaw.com\/wp-content\/uploads\/2020\/11\/law-offices-of-christopher-sullivan-pc-logo.png\" \/>\n\t<meta property=\"og:image:width\" content=\"900\" \/>\n\t<meta property=\"og:image:height\" content=\"300\" \/>\n\t<meta property=\"og:image:type\" content=\"image\/png\" \/>\n<meta name=\"twitter:card\" content=\"summary_large_image\" \/>\n<!-- \/ Yoast SEO plugin. -->","yoast_head_json":{"title":"Abington Office - Law Offices of Christopher Sullivan, P.C.","description":"Abington address and phone number for Law Offices of Christopher Sullivan, P.C. Contact us for a free consultation.","robots":{"index":"index","follow":"follow","max-snippet":"max-snippet:-1","max-image-preview":"max-image-preview:large","max-video-preview":"max-video-preview:-1"},"canonical":"https:\/\/sullivaninjurylaw.com\/es\/sobre-nosotros\/nuestros-oficinas\/abington\/","og_locale":"es_MX","og_type":"article","og_title":"Abington Office - Law Offices of Christopher Sullivan, P.C.","og_description":"Abington address and phone number for Law Offices of Christopher Sullivan, P.C. Contact us for a free consultation.","og_url":"https:\/\/sullivaninjurylaw.com\/es\/sobre-nosotros\/nuestros-oficinas\/abington\/","og_site_name":"Law Offices of Christopher Sullivan, P.C.","article_publisher":"https:\/\/www.facebook.com\/SullivanInjuryLaw\/","article_modified_time":"2021-04-02T17:36:18+00:00","og_image":[{"width":900,"height":300,"url":"https:\/\/sullivaninjurylaw.com\/wp-content\/uploads\/2020\/11\/law-offices-of-christopher-sullivan-pc-logo.png","type":"image\/png"}],"twitter_card":"summary_large_image","schema":{"@context":"https:\/\/schema.org","@graph":[{"@type":"WebSite","@id":"https:\/\/sullivaninjurylaw.com\/#website","url":"https:\/\/sullivaninjurylaw.com\/","name":"Law Offices of Christopher Sullivan, P.C.","description":"","potentialAction":[{"@type":"SearchAction","target":{"@type":"EntryPoint","urlTemplate":"https:\/\/sullivaninjurylaw.com\/?s={search_term_string}"},"query-input":"required name=search_term_string"}],"inLanguage":"es-MX"},{"@type":"WebPage","@id":"https:\/\/sullivaninjurylaw.com\/about-us\/our-offices\/abington\/#webpage","url":"https:\/\/sullivaninjurylaw.com\/about-us\/our-offices\/abington\/","name":"Abington Office - Law Offices of Christopher Sullivan, P.C.","isPartOf":{"@id":"https:\/\/sullivaninjurylaw.com\/#website"},"datePublished":"2020-11-21T00:04:44+00:00","dateModified":"2021-04-02T17:36:18+00:00","description":"Abington address and phone number for Law Offices of Christopher Sullivan, P.C. Contact us for a free consultation.","breadcrumb":{"@id":"https:\/\/sullivaninjurylaw.com\/about-us\/our-offices\/abington\/#breadcrumb"},"inLanguage":"es-MX","potentialAction":[{"@type":"ReadAction","target":["https:\/\/sullivaninjurylaw.com\/about-us\/our-offices\/abington\/"]}]},{"@type":"BreadcrumbList","@id":"https:\/\/sullivaninjurylaw.com\/about-us\/our-offices\/abington\/#breadcrumb","itemListElement":[{"@type":"ListItem","position":1,"name":"Home","item":"https:\/\/sullivaninjurylaw.com\/"},{"@type":"ListItem","position":2,"name":"About Us","item":"https:\/\/sullivaninjurylaw.com\/about-us\/"},{"@type":"ListItem","position":3,"name":"Our Offices","item":"https:\/\/sullivaninjurylaw.com\/about-us\/our-offices\/"},{"@type":"ListItem","position":4,"name":"Abington"}]}]}},"_links":{"self":[{"href":"https:\/\/sullivaninjurylaw.com\/es\/wp-json\/wp\/v2\/pages\/355"}],"collection":[{"href":"https:\/\/sullivaninjurylaw.com\/es\/wp-json\/wp\/v2\/pages"}],"about":[{"href":"https:\/\/sullivaninjurylaw.com\/es\/wp-json\/wp\/v2\/types\/page"}],"author":[{"embeddable":true,"href":"https:\/\/sullivaninjurylaw.com\/es\/wp-json\/wp\/v2\/users\/1"}],"replies":[{"embeddable":true,"href":"https:\/\/sullivaninjurylaw.com\/es\/wp-json\/wp\/v2\/comments?post=355"}],"version-history":[{"count":7,"href":"https:\/\/sullivaninjurylaw.com\/es\/wp-json\/wp\/v2\/pages\/355\/revisions"}],"predecessor-version":[{"id":863,"href":"https:\/\/sullivaninjurylaw.com\/es\/wp-json\/wp\/v2\/pages\/355\/revisions\/863"}],"up":[{"embeddable":true,"href":"https:\/\/sullivaninjurylaw.com\/es\/wp-json\/wp\/v2\/pages\/346"}],"wp:attachment":[{"href":"https:\/\/sullivaninjurylaw.com\/es\/wp-json\/wp\/v2\/media?parent=355"}],"curies":[{"name":"wp","href":"https:\/\/api.w.org\/{rel}","templated":true}]}}