{"id":337,"date":"2020-11-20T18:51:51","date_gmt":"2020-11-20T23:51:51","guid":{"rendered":"http:\/\/sullivaninjurylaw2.southshoredigitalmarketing.com\/?page_id=337"},"modified":"2021-08-10T19:32:31","modified_gmt":"2021-08-10T23:32:31","slug":"contact-us","status":"publish","type":"page","link":"https:\/\/sullivaninjurylaw.com\/es\/contactenos\/","title":{"rendered":"Cont\u00e1ctenos"},"content":{"rendered":"<h1>\n\t\tCont\u00e1ctenos\n\t<\/h1>\n\t\t\t\t<img src=\"https:\/\/sullivaninjurylaw.com\/wp-content\/uploads\/2021\/02\/contact-us-1024x576.jpg\" alt=\"Cont\u00e1ctenos\" =\"image\" height=\"576\" width=\"1024\" title=\"Cont\u00e1ctenos\" onerror=\"this.style.display='none'\">\n\t<p>Para su consulta inicial gratuita y revisi\u00f3n de su caso, complete el formulario a continuaci\u00f3n, env\u00edenos un mensaje a trav\u00e9s del cuadro de chat de Facebook Messenger que se proporciona en este sitio web, o simplemente llame al <a href=\"tel:+16173578600\">(617) 357-8600<\/a> (Oficina de Boston) o <a href=\"tel:+15084271600\">(508) 427-1600<\/a> (para ubicaciones de Brockton y Abington).<\/p>\n<p>Si prefiere programar una llamada con anticipaci\u00f3n, use nuestro <a href=\"https:\/\/02111-ma-christopher-sullivan-1354913.m-a-truescheduler.com\/?locale=en\" target=\"_blank\" rel=\"noopener\">programador de citas<\/a> para elegir la fecha y la hora que mejor se adapte a sus necesidades.<\/p>\n<p>Nota: Aunque toda la informaci\u00f3n recibida a trav\u00e9s de este formulario de contacto se mantendr\u00e1 confidencial, las comunicaciones con la firma no establecen una relaci\u00f3n abogado-cliente. Se establecer\u00e1 una relaci\u00f3n abogado-cliente solo despu\u00e9s de la aceptaci\u00f3n formal del caso por las Oficinas Legales de Christopher Sullivan, PC<\/p>\n<h2>\n\t\tNuestras oficinas\n\t<\/h2>\n\t<ul>\n<li><a href=\"https:\/\/sullivaninjurylaw.com\/es\/sobre-nosotros\/nuestros-oficinas\/boston\/\">Boston, MA<\/a><\/li>\n<li><a href=\"https:\/\/sullivaninjurylaw.com\/es\/sobre-nosotros\/nuestros-oficinas\/abington\/\">Abington, MA<\/a><\/li>\n<li><a href=\"https:\/\/sullivaninjurylaw.com\/es\/sobre-nosotros\/nuestros-oficinas\/brockton\/\">Brockton, MA<\/a><\/li>\n<\/ul>\n<h2>\n\t\tS\u00edguenos en Facebook\n\t<\/h2>\n\t<blockquote cite=\"https:\/\/www.facebook.com\/SullivanInjuryLaw\/\"><a href=\"https:\/\/www.facebook.com\/SullivanInjuryLaw\/\">Oficinas Legales de Christopher Sullivan, PC<\/a><\/blockquote>","protected":false},"excerpt":{"rendered":"<p>Cont\u00e1ctenos Para su consulta inicial gratuita y revisi\u00f3n de caso, complete el formulario a continuaci\u00f3n, env\u00edenos un mensaje a trav\u00e9s del cuadro de chat de Facebook Messenger que se proporciona en este sitio web, o simplemente llame al (617) 357-8600 (Oficina de Boston) o (508) 427-1600 (para ubicaciones de Brockton y Abington). Si prefiere programar una llamada con anticipaci\u00f3n, use...<\/p>","protected":false},"author":1,"featured_media":0,"parent":0,"menu_order":0,"comment_status":"closed","ping_status":"closed","template":"","meta":[],"yoast_head":"<!-- This site is optimized with the Yoast SEO plugin v18.5.1 - https:\/\/yoast.com\/wordpress\/plugins\/seo\/ -->\n<title>Contact Us - Law Offices of Christopher Sullivan, P.C.<\/title>\n<meta name=\"description\" content=\"Contact the experienced Boston personal injury attorneys at the Law Offices of Christopher Sullivan, P.C. for a free consultation.\" \/>\n<meta name=\"robots\" content=\"index, follow, max-snippet:-1, max-image-preview:large, max-video-preview:-1\" \/>\n<link rel=\"canonical\" href=\"https:\/\/sullivaninjurylaw.com\/es\/contactenos\/\" \/>\n<meta property=\"og:locale\" content=\"es_MX\" \/>\n<meta property=\"og:type\" content=\"article\" \/>\n<meta property=\"og:title\" content=\"Contact Us - Law Offices of Christopher Sullivan, P.C.\" \/>\n<meta property=\"og:description\" content=\"Contact the experienced Boston personal injury attorneys at the Law Offices of Christopher Sullivan, P.C. for a free consultation.\" \/>\n<meta property=\"og:url\" content=\"https:\/\/sullivaninjurylaw.com\/es\/contactenos\/\" \/>\n<meta property=\"og:site_name\" content=\"Law Offices of Christopher Sullivan, P.C.\" \/>\n<meta property=\"article:publisher\" content=\"https:\/\/www.facebook.com\/SullivanInjuryLaw\/\" \/>\n<meta property=\"article:modified_time\" content=\"2021-08-10T23:32:31+00:00\" \/>\n<meta property=\"og:image\" content=\"https:\/\/sullivaninjurylaw.com\/wp-content\/uploads\/2021\/02\/contact-us-1024x576.jpg\" \/>\n<meta name=\"twitter:card\" content=\"summary_large_image\" \/>\n<meta name=\"twitter:label1\" content=\"Tiempo de lectura\" \/>\n\t<meta name=\"twitter:data1\" content=\"1 minuto\" \/>\n<!-- \/ Yoast SEO plugin. -->","yoast_head_json":{"title":"Contact Us - Law Offices of Christopher Sullivan, P.C.","description":"Contact the experienced Boston personal injury attorneys at the Law Offices of Christopher Sullivan, P.C. for a free consultation.","robots":{"index":"index","follow":"follow","max-snippet":"max-snippet:-1","max-image-preview":"max-image-preview:large","max-video-preview":"max-video-preview:-1"},"canonical":"https:\/\/sullivaninjurylaw.com\/es\/contactenos\/","og_locale":"es_MX","og_type":"article","og_title":"Contact Us - Law Offices of Christopher Sullivan, P.C.","og_description":"Contact the experienced Boston personal injury attorneys at the Law Offices of Christopher Sullivan, P.C. for a free consultation.","og_url":"https:\/\/sullivaninjurylaw.com\/es\/contactenos\/","og_site_name":"Law Offices of Christopher Sullivan, P.C.","article_publisher":"https:\/\/www.facebook.com\/SullivanInjuryLaw\/","article_modified_time":"2021-08-10T23:32:31+00:00","og_image":[{"url":"https:\/\/sullivaninjurylaw.com\/wp-content\/uploads\/2021\/02\/contact-us-1024x576.jpg"}],"twitter_card":"summary_large_image","twitter_misc":{"Tiempo de lectura":"1 minuto"},"schema":{"@context":"https:\/\/schema.org","@graph":[{"@type":"WebSite","@id":"https:\/\/sullivaninjurylaw.com\/#website","url":"https:\/\/sullivaninjurylaw.com\/","name":"Law Offices of Christopher Sullivan, P.C.","description":"","potentialAction":[{"@type":"SearchAction","target":{"@type":"EntryPoint","urlTemplate":"https:\/\/sullivaninjurylaw.com\/?s={search_term_string}"},"query-input":"required name=search_term_string"}],"inLanguage":"es-MX"},{"@type":"ImageObject","@id":"https:\/\/sullivaninjurylaw.com\/contact-us\/#primaryimage","inLanguage":"es-MX","url":"https:\/\/sullivaninjurylaw.com\/wp-content\/uploads\/2021\/02\/contact-us.jpg","contentUrl":"https:\/\/sullivaninjurylaw.com\/wp-content\/uploads\/2021\/02\/contact-us.jpg","width":1920,"height":1080,"caption":"Contact Us"},{"@type":"WebPage","@id":"https:\/\/sullivaninjurylaw.com\/contact-us\/#webpage","url":"https:\/\/sullivaninjurylaw.com\/contact-us\/","name":"Contact Us - Law Offices of Christopher Sullivan, P.C.","isPartOf":{"@id":"https:\/\/sullivaninjurylaw.com\/#website"},"primaryImageOfPage":{"@id":"https:\/\/sullivaninjurylaw.com\/contact-us\/#primaryimage"},"datePublished":"2020-11-20T23:51:51+00:00","dateModified":"2021-08-10T23:32:31+00:00","description":"Contact the experienced Boston personal injury attorneys at the Law Offices of Christopher Sullivan, P.C. for a free consultation.","breadcrumb":{"@id":"https:\/\/sullivaninjurylaw.com\/contact-us\/#breadcrumb"},"inLanguage":"es-MX","potentialAction":[{"@type":"ReadAction","target":["https:\/\/sullivaninjurylaw.com\/contact-us\/"]}]},{"@type":"BreadcrumbList","@id":"https:\/\/sullivaninjurylaw.com\/contact-us\/#breadcrumb","itemListElement":[{"@type":"ListItem","position":1,"name":"Home","item":"https:\/\/sullivaninjurylaw.com\/"},{"@type":"ListItem","position":2,"name":"Contact Us"}]}]}},"_links":{"self":[{"href":"https:\/\/sullivaninjurylaw.com\/es\/wp-json\/wp\/v2\/pages\/337"}],"collection":[{"href":"https:\/\/sullivaninjurylaw.com\/es\/wp-json\/wp\/v2\/pages"}],"about":[{"href":"https:\/\/sullivaninjurylaw.com\/es\/wp-json\/wp\/v2\/types\/page"}],"author":[{"embeddable":true,"href":"https:\/\/sullivaninjurylaw.com\/es\/wp-json\/wp\/v2\/users\/1"}],"replies":[{"embeddable":true,"href":"https:\/\/sullivaninjurylaw.com\/es\/wp-json\/wp\/v2\/comments?post=337"}],"version-history":[{"count":8,"href":"https:\/\/sullivaninjurylaw.com\/es\/wp-json\/wp\/v2\/pages\/337\/revisions"}],"predecessor-version":[{"id":1079,"href":"https:\/\/sullivaninjurylaw.com\/es\/wp-json\/wp\/v2\/pages\/337\/revisions\/1079"}],"wp:attachment":[{"href":"https:\/\/sullivaninjurylaw.com\/es\/wp-json\/wp\/v2\/media?parent=337"}],"curies":[{"name":"wp","href":"https:\/\/api.w.org\/{rel}","templated":true}]}}