{"id":334,"date":"2020-11-20T18:49:24","date_gmt":"2020-11-20T23:49:24","guid":{"rendered":"http:\/\/sullivaninjurylaw2.southshoredigitalmarketing.com\/?page_id=334"},"modified":"2021-08-10T19:27:44","modified_gmt":"2021-08-10T23:27:44","slug":"client-reviews","status":"publish","type":"page","link":"https:\/\/sullivaninjurylaw.com\/es\/resenas-de-clientes\/","title":{"rendered":"Rese\u00f1as de clientes"},"content":{"rendered":"<h1>\n\t\tRese\u00f1as de clientes\n\t<\/h1>\n\t\t\t\t<img src=\"https:\/\/sullivaninjurylaw.com\/wp-content\/uploads\/2021\/02\/client-1024x576.jpg\" alt=\"Cliente\" =\"image\" height=\"576\" width=\"1024\" title=\"Cliente\" onerror=\"this.style.display='none'\">\n\t<p>Desde 2003, las Oficinas Legales de Christopher Sullivan, PC, han atendido a miles de clientes satisfechos cuyos casos de lesiones personales se han resuelto con \u00e9xito. Si est\u00e1 buscando rese\u00f1as de abogados de lesiones personales en Boston, vea lo que nuestros clientes dicen sobre nosotros a continuaci\u00f3n.<\/p>\n\n\t\t\t\t<a href=\"https:\/\/www.facebook.com\/dianne.gorham.bohld\/posts\/10214884791433460\" target=\"_blank\" rel=\"noopener\" =\"url\">\n\t\t\t\t<img src=\"https:\/\/sullivaninjurylaw.com\/wp-content\/uploads\/2020\/11\/dianne-bohld-150x150.jpg\" alt=\"Dianne Bohld\" =\"image\" height=\"150\" width=\"150\" title=\"Dianne Bohld\" onerror=\"this.style.display='none'\">\n\t\t\t\t<\/a>\n<h2>\n\t\t<a href=\"https:\/\/www.facebook.com\/dianne.gorham.bohld\/posts\/10214884791433460\" title=\"Dianne Bohld\" target=\"_blank\" rel=\"noopener\">\n\t\tDianne Bohld\n\t\t<\/a>\n\t<\/h2>\n\t\n\t\t\t<a href=\"https:\/\/www.facebook.com\/dianne.gorham.bohld\/posts\/10214884791433460\" target=\"_blank\" role=\"button\" rel=\"noopener\">\n\t\t\t\t\t\t\tLeer en Facebook\n\t\t\t<\/a>\n\t\t\t\t<a href=\"https:\/\/www.facebook.com\/mike.j.cocomazzi\/posts\/10219336659713278\" target=\"_blank\" rel=\"noopener\" =\"url\">\n\t\t\t\t<img src=\"https:\/\/sullivaninjurylaw.com\/wp-content\/uploads\/2020\/11\/mike-coco-150x150.jpg\" alt=\"Mike Coco\" =\"image\" height=\"150\" width=\"150\" title=\"Mike Coco\" onerror=\"this.style.display='none'\">\n\t\t\t\t<\/a>\n<h2>\n\t\t<a href=\"https:\/\/www.facebook.com\/mike.j.cocomazzi\/posts\/10219336659713278\" title=\"Mike Coco\" target=\"_blank\" rel=\"noopener\">\n\t\tMike Coco\n\t\t<\/a>\n\t<\/h2>\n\t\n\t\t\t<a href=\"https:\/\/www.facebook.com\/mike.j.cocomazzi\/posts\/10219336659713278\" target=\"_blank\" role=\"button\" rel=\"noopener\">\n\t\t\t\t\t\t\tLeer en Facebook\n\t\t\t<\/a>\n\t\t\t\t<a href=\"https:\/\/goo.gl\/maps\/aMmYvh3WDFZeqU5a8\" target=\"_blank\" rel=\"noopener\" =\"url\">\n\t\t\t\t<img src=\"https:\/\/sullivaninjurylaw.com\/wp-content\/uploads\/2020\/12\/mike-kirby-150x150.jpg\" alt=\"Mike Kirby\" =\"image\" height=\"150\" width=\"150\" title=\"Mike Kirby\" onerror=\"this.style.display='none'\">\n\t\t\t\t<\/a>\n<h2>\n\t\t<a href=\"https:\/\/goo.gl\/maps\/aMmYvh3WDFZeqU5a8\" title=\"Mike Kirby\" target=\"_blank\" rel=\"noopener\">\n\t\tMike Kirby\n\t\t<\/a>\n\t<\/h2>\n\t<p>Excelente bufete de abogados. He tenido otros abogados en el pasado, pero ninguno se compara con el abogado Sullivan y su experimentado equipo de litigios. \u00a1Gran experiencia y un resultado a\u00fan mayor en mi caso! Recomiendo ampliamente esta oficina. \u00a1\u00a1\u00a15 estrellas!!!<\/p>\n\t\t\t<a href=\"https:\/\/goo.gl\/maps\/aMmYvh3WDFZeqU5a8\" target=\"_blank\" role=\"button\" rel=\"noopener\">\n\t\t\t\t\t\t\tLeer en Google\n\t\t\t<\/a>\n\t\t\t\t<a href=\"https:\/\/goo.gl\/maps\/aMmYvh3WDFZeqU5a8\" target=\"_blank\" rel=\"noopener\" =\"url\">\n\t\t\t\t<img src=\"https:\/\/sullivaninjurylaw.com\/wp-content\/uploads\/2020\/12\/jaimie_Jo-150x150.jpg\" alt=\"Jaimie Jo\" =\"image\" height=\"150\" width=\"150\" title=\"Jaimie Jo\" onerror=\"this.style.display='none'\">\n\t\t\t\t<\/a>\n<h2>\n\t\t<a href=\"https:\/\/www.facebook.com\/permalink.php?story_fbid=1812527745589072&amp;id=100004955928481\" title=\"Jaimie Jo\" target=\"_blank\" rel=\"noopener\">\n\t\tJaimie Jo\n\t\t<\/a>\n\t<\/h2>\n\t<p>Recomendar\u00eda mucho a Christopher Sullivan y su oficina porque fueron m\u00e1s que \u00fatiles, profesionales y conocedores de mi caso. \u00a1Todo se hizo de manera oportuna y con tanta facilidad!<\/p>\n\t\t\t<a href=\"https:\/\/www.facebook.com\/permalink.php?story_fbid=1812527745589072&amp;id=100004955928481\" target=\"_blank\" role=\"button\" rel=\"noopener\">\n\t\t\t\t\t\t\tLeer en Facebook\n\t\t\t<\/a>\n\t<p>Cont\u00e1ctenos<\/p>\n\t<p>Consulta gratis<\/p>\n\t\n\t<p>\u00bfPrefieres programar una llamada con anticipaci\u00f3n? Elija la fecha y la hora que mejor se adapte a sus necesidades con nuestro <a href=\"https:\/\/02111-ma-christopher-sullivan-1354913.m-a-truescheduler.com\/?locale=en\" target=\"_blank\" rel=\"noopener\">programador de citas<\/a>.<\/p>\n<h2>\n\t\tS\u00edguenos en Facebook\n\t<\/h2>\n\t<blockquote cite=\"https:\/\/www.facebook.com\/SullivanInjuryLaw\/\"><a href=\"https:\/\/www.facebook.com\/SullivanInjuryLaw\/\">Oficinas Legales de Christopher Sullivan, PC<\/a><\/blockquote>","protected":false},"excerpt":{"rendered":"<p>Rese\u00f1as de clientes Desde 2003, las Oficinas Legales de Christopher Sullivan, PC, han atendido a miles de clientes satisfechos cuyos casos de lesiones personales se han resuelto con \u00e9xito. Si est\u00e1 buscando rese\u00f1as de abogados de lesiones personales en Boston, vea lo que nuestros clientes dicen sobre nosotros a continuaci\u00f3n. Dianne Bohld Leer en Facebook Mike Coco Leer en Facebook Mike Kirby\u2026<\/p>","protected":false},"author":1,"featured_media":0,"parent":0,"menu_order":0,"comment_status":"closed","ping_status":"closed","template":"","meta":[],"yoast_head":"<!-- This site is optimized with the Yoast SEO plugin v18.5.1 - https:\/\/yoast.com\/wordpress\/plugins\/seo\/ -->\n<title>Client Reviews - Law Offices of Christopher Sullivan, P.C.<\/title>\n<meta name=\"description\" content=\"Real Boston personal injury attorney reviews from real clients. See what they had to say about Law Offices of Christopher Sullivan, P.C...\" \/>\n<meta name=\"robots\" content=\"index, follow, max-snippet:-1, max-image-preview:large, max-video-preview:-1\" \/>\n<link rel=\"canonical\" href=\"https:\/\/sullivaninjurylaw.com\/es\/resenas-de-clientes\/\" \/>\n<meta property=\"og:locale\" content=\"es_MX\" \/>\n<meta property=\"og:type\" content=\"article\" \/>\n<meta property=\"og:title\" content=\"Client Reviews - Law Offices of Christopher Sullivan, P.C.\" \/>\n<meta property=\"og:description\" content=\"Real Boston personal injury attorney reviews from real clients. See what they had to say about Law Offices of Christopher Sullivan, P.C...\" \/>\n<meta property=\"og:url\" content=\"https:\/\/sullivaninjurylaw.com\/es\/resenas-de-clientes\/\" \/>\n<meta property=\"og:site_name\" content=\"Law Offices of Christopher Sullivan, P.C.\" \/>\n<meta property=\"article:publisher\" content=\"https:\/\/www.facebook.com\/SullivanInjuryLaw\/\" \/>\n<meta property=\"article:modified_time\" content=\"2021-08-10T23:27:44+00:00\" \/>\n<meta property=\"og:image\" content=\"https:\/\/sullivaninjurylaw.com\/wp-content\/uploads\/2021\/02\/client-1024x576.jpg\" \/>\n<meta name=\"twitter:card\" content=\"summary_large_image\" \/>\n<meta name=\"twitter:label1\" content=\"Tiempo de lectura\" \/>\n\t<meta name=\"twitter:data1\" content=\"2 minutos\" \/>\n<!-- \/ Yoast SEO plugin. -->","yoast_head_json":{"title":"Client Reviews - Law Offices of Christopher Sullivan, P.C.","description":"Real Boston personal injury attorney reviews from real clients. See what they had to say about Law Offices of Christopher Sullivan, P.C...","robots":{"index":"index","follow":"follow","max-snippet":"max-snippet:-1","max-image-preview":"max-image-preview:large","max-video-preview":"max-video-preview:-1"},"canonical":"https:\/\/sullivaninjurylaw.com\/es\/resenas-de-clientes\/","og_locale":"es_MX","og_type":"article","og_title":"Client Reviews - Law Offices of Christopher Sullivan, P.C.","og_description":"Real Boston personal injury attorney reviews from real clients. See what they had to say about Law Offices of Christopher Sullivan, P.C...","og_url":"https:\/\/sullivaninjurylaw.com\/es\/resenas-de-clientes\/","og_site_name":"Law Offices of Christopher Sullivan, P.C.","article_publisher":"https:\/\/www.facebook.com\/SullivanInjuryLaw\/","article_modified_time":"2021-08-10T23:27:44+00:00","og_image":[{"url":"https:\/\/sullivaninjurylaw.com\/wp-content\/uploads\/2021\/02\/client-1024x576.jpg"}],"twitter_card":"summary_large_image","twitter_misc":{"Tiempo de lectura":"2 minutos"},"schema":{"@context":"https:\/\/schema.org","@graph":[{"@type":"WebSite","@id":"https:\/\/sullivaninjurylaw.com\/#website","url":"https:\/\/sullivaninjurylaw.com\/","name":"Law Offices of Christopher Sullivan, P.C.","description":"","potentialAction":[{"@type":"SearchAction","target":{"@type":"EntryPoint","urlTemplate":"https:\/\/sullivaninjurylaw.com\/?s={search_term_string}"},"query-input":"required name=search_term_string"}],"inLanguage":"es-MX"},{"@type":"ImageObject","@id":"https:\/\/sullivaninjurylaw.com\/client-reviews\/#primaryimage","inLanguage":"es-MX","url":"https:\/\/sullivaninjurylaw.com\/wp-content\/uploads\/2021\/02\/client.jpg","contentUrl":"https:\/\/sullivaninjurylaw.com\/wp-content\/uploads\/2021\/02\/client.jpg","width":1920,"height":1080,"caption":"Client"},{"@type":"WebPage","@id":"https:\/\/sullivaninjurylaw.com\/client-reviews\/#webpage","url":"https:\/\/sullivaninjurylaw.com\/client-reviews\/","name":"Client Reviews - Law Offices of Christopher Sullivan, P.C.","isPartOf":{"@id":"https:\/\/sullivaninjurylaw.com\/#website"},"primaryImageOfPage":{"@id":"https:\/\/sullivaninjurylaw.com\/client-reviews\/#primaryimage"},"datePublished":"2020-11-20T23:49:24+00:00","dateModified":"2021-08-10T23:27:44+00:00","description":"Real Boston personal injury attorney reviews from real clients. See what they had to say about Law Offices of Christopher Sullivan, P.C...","breadcrumb":{"@id":"https:\/\/sullivaninjurylaw.com\/client-reviews\/#breadcrumb"},"inLanguage":"es-MX","potentialAction":[{"@type":"ReadAction","target":["https:\/\/sullivaninjurylaw.com\/client-reviews\/"]}]},{"@type":"BreadcrumbList","@id":"https:\/\/sullivaninjurylaw.com\/client-reviews\/#breadcrumb","itemListElement":[{"@type":"ListItem","position":1,"name":"Home","item":"https:\/\/sullivaninjurylaw.com\/"},{"@type":"ListItem","position":2,"name":"Client Reviews"}]}]}},"_links":{"self":[{"href":"https:\/\/sullivaninjurylaw.com\/es\/wp-json\/wp\/v2\/pages\/334"}],"collection":[{"href":"https:\/\/sullivaninjurylaw.com\/es\/wp-json\/wp\/v2\/pages"}],"about":[{"href":"https:\/\/sullivaninjurylaw.com\/es\/wp-json\/wp\/v2\/types\/page"}],"author":[{"embeddable":true,"href":"https:\/\/sullivaninjurylaw.com\/es\/wp-json\/wp\/v2\/users\/1"}],"replies":[{"embeddable":true,"href":"https:\/\/sullivaninjurylaw.com\/es\/wp-json\/wp\/v2\/comments?post=334"}],"version-history":[{"count":17,"href":"https:\/\/sullivaninjurylaw.com\/es\/wp-json\/wp\/v2\/pages\/334\/revisions"}],"predecessor-version":[{"id":1076,"href":"https:\/\/sullivaninjurylaw.com\/es\/wp-json\/wp\/v2\/pages\/334\/revisions\/1076"}],"wp:attachment":[{"href":"https:\/\/sullivaninjurylaw.com\/es\/wp-json\/wp\/v2\/media?parent=334"}],"curies":[{"name":"wp","href":"https:\/\/api.w.org\/{rel}","templated":true}]}}