{"id":331,"date":"2020-11-20T18:45:46","date_gmt":"2020-11-20T23:45:46","guid":{"rendered":"http:\/\/sullivaninjurylaw2.southshoredigitalmarketing.com\/?page_id=331"},"modified":"2021-08-10T19:23:57","modified_gmt":"2021-08-10T23:23:57","slug":"verdicts-settlements","status":"publish","type":"page","link":"https:\/\/sullivaninjurylaw.com\/es\/veredictos-acuerdos\/","title":{"rendered":"Veredictos y acuerdos"},"content":{"rendered":"<h1>\n\t\tVeredictos y acuerdos\n\t<\/h1>\n\t\t\t\t<img src=\"https:\/\/sullivaninjurylaw.com\/wp-content\/uploads\/2021\/02\/our-attorneys-and-staff-serious.jpg\" alt=\"Nuestros abogados y personal\" =\"image\" height=\"780\" width=\"1920\" title=\"Nuestros abogados y personal\" onerror=\"this.style.display='none'\"  \/>\n\t<p>Desde 2003, las Oficinas Legales de Christopher Sullivan, PC ha resuelto con \u00e9xito miles de casos y ha recuperado m\u00e1s de $25,000,000 en compensaci\u00f3n para las v\u00edctimas de lesiones personales de Massachusetts y sus familias. Con m\u00e1s de 100 a\u00f1os de experiencia combinada en litigios por lesiones personales, lucharemos en su nombre para obtener lo que se merece. Nuestros experimentados y agresivos abogados de lesiones personales en Boston tienen un historial probado de \u00e9xito.<\/p>\n<p>A continuaci\u00f3n se muestran algunas de las historias de \u00e9xito de nuestros clientes destacados. Los nombres de los clientes se han retenido para proteger la confidencialidad.<\/p>\n<h2>\n\t\t<a href=\"https:\/\/www.facebook.com\/SullivanInjuryLaw\/posts\/118859156673435\" title=\"Accidente de cami\u00f3n\" target=\"_blank\" rel=\"noopener\">\n\t\tAccidente de cami\u00f3n\n\t\t<\/a>\n\t<\/h2>\n<h3>\n\t\t$900,000\n\t<\/h3>\n\t<ul>\n<li><strong>HECHOS<\/strong>: Peat\u00f3n atropellado por veh\u00edculo.<\/li>\n<li><strong>HERIDAS<\/strong>: Desafortunadamente y con profunda tristeza, las heridas del cliente resultaron en la muerte.<\/li>\n<li><strong>RESULTADO<\/strong>: Caso muy disputado (tanto sobre la responsabilidad como sobre si el cliente sufri\u00f3 o no alg\u00fan grado de dolor y sufrimiento consciente antes de su muerte). Con la ayuda de un abogado adjunto, el reclamo se resolvi\u00f3 finalmente por $900,000.00.<\/li>\n<\/ul>\n\t\t\t<a href=\"https:\/\/www.facebook.com\/SullivanInjuryLaw\/posts\/118859156673435\" target=\"_blank\" role=\"button\" rel=\"noopener\">\n\t\t\t\t\t\t\tLeer en Facebook\n\t\t\t<\/a>\n<h2>\n\t\t<a href=\"https:\/\/www.facebook.com\/SullivanInjuryLaw\/posts\/127549252471092\" title=\"Lesi\u00f3n por aplastamiento de mano\" target=\"_blank\" rel=\"noopener\">\n\t\tLesi\u00f3n por aplastamiento de mano\n\t\t<\/a>\n\t<\/h2>\n<h3>\n\t\t$795,000\n\t<\/h3>\n\t<ul>\n<li><strong>HECHOS<\/strong>: Trabajador de f\u00e1brica.<\/li>\n<li><strong>HERIDAS<\/strong>: Lesi\u00f3n por aplastamiento de la mano.<\/li>\n<li><strong>RESULTADO<\/strong>: Reclamaci\u00f3n resuelta por $795,000.<\/li>\n<\/ul>\n\t\t\t<a href=\"https:\/\/www.facebook.com\/SullivanInjuryLaw\/posts\/127549252471092\" target=\"_blank\" role=\"button\" rel=\"noopener\">\n\t\t\t\t\t\t\tLeer en Facebook\n\t\t\t<\/a>\n<h2>\n\t\t<a href=\"https:\/\/www.facebook.com\/SullivanInjuryLaw\/posts\/124817002744317\" title=\"Accidente de veh\u00edculo motorizado\" target=\"_blank\" rel=\"noopener\">\n\t\tAccidente de veh\u00edculo motorizado\n\t\t<\/a>\n\t<\/h2>\n<h3>\n\t\t$110,000\n\t<\/h3>\n\t<ul>\n<li><strong>HECHOS<\/strong>: Accidente de veh\u00edculo motorizado. Durante el tr\u00e1fico de frenado y marcha, otro conductor avanz\u00f3, impactando levemente la parte trasera del veh\u00edculo del cliente. Ning\u00fan da\u00f1o a la propiedad de ninguno de los veh\u00edculos m\u00e1s que una peque\u00f1a muesca en el parachoques trasero del cliente de un tornillo que sujeta la placa delantera del otro conductor. Despu\u00e9s de casi 4 a\u00f1os con otro bufete de abogados (sin ninguna oferta de acuerdo de ning\u00fan tipo), el cliente finalmente fue remitido a nuestra oficina.<\/li>\n<li><strong>HERIDAS<\/strong>: Exacerbaci\u00f3n muy discutida de una lesi\u00f3n de cuello preexistente en C6-C7 que finalmente requiri\u00f3 cirug\u00eda de discectom\u00eda \/ fusi\u00f3n. El abogado defensor defendi\u00f3 en\u00e9rgicamente este caso debido al impacto incre\u00edblemente menor y con expertos que opinaron que cualquier lesi\u00f3n en este caso se limitaba a &quot;lesiones de tejidos blandos superpuestas a una condici\u00f3n degenerativa previa no relacionada&quot;.<\/li>\n<li><strong>RESULTADO<\/strong>: Despu\u00e9s de una mediaci\u00f3n fallida en la que el abogado defensor abri\u00f3 con &quot;si crees que este caso vale seis cifras, est\u00e1s loco y estamos perdiendo el tiempo aqu\u00ed hoy&quot;, y nuestro argumento se bas\u00f3 en lo que se conoce en los c\u00edrculos legales como Doctrina de la c\u00e1scara de huevo (que esencialmente dice que un individuo es responsable de todos los da\u00f1os derivados de su negligencia, incluso si la parte lesionada era m\u00e1s delicada que una persona promedio, o m\u00e1s susceptible a sufrir lesiones debido a una condici\u00f3n preexistente). Aunque la mediaci\u00f3n de 4 horas no result\u00f3 en una oferta de acuerdo satisfactoria (ins co ten\u00eda el reclamo valorado en solo $14,740.00), el caso finalmente se resolvi\u00f3 unas semanas m\u00e1s tarde, poco antes del juicio, por $110,000.00.<\/li>\n<\/ul>\n\t\t\t<a href=\"https:\/\/www.facebook.com\/SullivanInjuryLaw\/posts\/124817002744317\" target=\"_blank\" role=\"button\" rel=\"noopener\">\n\t\t\t\t\t\t\tLeer en Facebook\n\t\t\t<\/a>\n<h2>\n\t\t<a href=\"https:\/\/www.facebook.com\/SullivanInjuryLaw\/posts\/113705367188814\" title=\"Accidente de veh\u00edculo motorizado\" target=\"_blank\" rel=\"noopener\">\n\t\tAccidente de veh\u00edculo motorizado\n\t\t<\/a>\n\t<\/h2>\n<h3>\n\t\t$95,000\n\t<\/h3>\n\t<ul>\n<li><strong>HECHOS<\/strong>: Accidente automovil\u00edstico con lesiones muy controvertidas, incluida una hernia de disco que la compa\u00f1\u00eda de seguros opin\u00f3 que era una afecci\u00f3n preexistente. Ortho del cliente se neg\u00f3 a escribir un informe narrativo que relacione causalmente la lesi\u00f3n con el accidente automovil\u00edstico.<\/li>\n<li><strong>HERIDAS<\/strong>: Hernia discal.<\/li>\n<li><strong>RESULTADO<\/strong>: Liquidado por $95,000.<\/li>\n<\/ul>\n\t\t\t<a href=\"https:\/\/www.facebook.com\/SullivanInjuryLaw\/posts\/113705367188814\" target=\"_blank\" role=\"button\" rel=\"noopener\">\n\t\t\t\t\t\t\tLeer en Facebook\n\t\t\t<\/a>\n<h2>\n\t\t<a href=\"https:\/\/www.facebook.com\/SullivanInjuryLaw\/posts\/135097111716306\" title=\"Accidente de veh\u00edculo motorizado\" target=\"_blank\" rel=\"noopener\">\n\t\tAccidente de veh\u00edculo motorizado\n\t\t<\/a>\n\t<\/h2>\n<h3>\n\t\t$250,000\n\t<\/h3>\n\t<ul>\n<li><strong>HECHOS<\/strong>: Peat\u00f3n atropellado por veh\u00edculo.<\/li>\n<li><strong>HERIDAS<\/strong>: Tibia y peron\u00e9 fracturados que requieren reparaci\u00f3n quir\u00fargica.<\/li>\n<li><strong>RESULTADO<\/strong>: $250,000.<\/li>\n<\/ul>\n\t\t\t<a href=\"https:\/\/www.facebook.com\/SullivanInjuryLaw\/posts\/135097111716306\" target=\"_blank\" role=\"button\" rel=\"noopener\">\n\t\t\t\t\t\t\tLeer en Facebook\n\t\t\t<\/a>\n<h2>\n\t\t<a href=\"https:\/\/www.facebook.com\/SullivanInjuryLaw\/posts\/166269105265773\" title=\"Compensaci\u00f3n de trabajadores\" target=\"_blank\" rel=\"noopener\">\n\t\tCompensaci\u00f3n de trabajadores\n\t\t<\/a>\n\t<\/h2>\n<h3>\n\t\t$140,000\n\t<\/h3>\n\t<ul>\n<li><strong>HECHOS<\/strong>: Ca\u00edda de la escalera.<\/li>\n<li><strong>HERIDAS<\/strong>: Fractura de h\u00famero y c\u00fabito<\/li>\n<li><strong>RESULTADO<\/strong>: $140,000.<\/li>\n<\/ul>\n\t\t\t<a href=\"https:\/\/www.facebook.com\/SullivanInjuryLaw\/posts\/166269105265773\" target=\"_blank\" role=\"button\" rel=\"noopener\">\n\t\t\t\t\t\t\tLeer en Facebook\n\t\t\t<\/a>\n\t<p>Cont\u00e1ctenos<\/p>\n\t<p>Consulta gratis<\/p>\n\t\n\t<p>\u00bfPrefieres programar una llamada con anticipaci\u00f3n? Elija la fecha y la hora que mejor se adapte a sus necesidades con nuestro <a href=\"https:\/\/02111-ma-christopher-sullivan-1354913.m-a-truescheduler.com\/?locale=en\" target=\"_blank\" rel=\"noopener\">programador de citas<\/a>.<\/p>\n<h2>\n\t\tS\u00edguenos en Facebook\n\t<\/h2>\n\t<blockquote cite=\"https:\/\/www.facebook.com\/SullivanInjuryLaw\/\"><a href=\"https:\/\/www.facebook.com\/SullivanInjuryLaw\/\">Oficinas Legales de Christopher Sullivan, PC<\/a><\/blockquote>","protected":false},"excerpt":{"rendered":"<p>Veredictos y Acuerdos Desde 2003, las Oficinas Legales de Christopher Sullivan, PC han resuelto con \u00e9xito miles de casos y han recuperado m\u00e1s de $25,000,000 en compensaci\u00f3n para las v\u00edctimas de lesiones personales de Massachusetts y sus familias. Con m\u00e1s de 100 a\u00f1os de experiencia combinada en litigios por lesiones personales, lucharemos en su nombre para obtener lo que se merece. Nuestro experimentado\u2026<\/p>","protected":false},"author":1,"featured_media":0,"parent":0,"menu_order":0,"comment_status":"closed","ping_status":"closed","template":"","meta":[],"yoast_head":"<!-- This site is optimized with the Yoast SEO plugin v18.5.1 - https:\/\/yoast.com\/wordpress\/plugins\/seo\/ -->\n<title>Verdicts &amp; Settlements - Law Offices of Christopher Sullivan, P.C.<\/title>\n<meta name=\"description\" content=\"Law Offices of Christopher Sullivan, P.C. has gotten significant verdicts and settlements for our clients. Our experienced personal injury lawyers can help get you maximum value in your case.\" \/>\n<meta name=\"robots\" content=\"index, follow, max-snippet:-1, max-image-preview:large, max-video-preview:-1\" \/>\n<link rel=\"canonical\" href=\"https:\/\/sullivaninjurylaw.com\/es\/veredictos-acuerdos\/\" \/>\n<meta property=\"og:locale\" content=\"es_MX\" \/>\n<meta property=\"og:type\" content=\"article\" \/>\n<meta property=\"og:title\" content=\"Verdicts &amp; Settlements - Law Offices of Christopher Sullivan, P.C.\" \/>\n<meta property=\"og:description\" content=\"Law Offices of Christopher Sullivan, P.C. has gotten significant verdicts and settlements for our clients. Our experienced personal injury lawyers can help get you maximum value in your case.\" \/>\n<meta property=\"og:url\" content=\"https:\/\/sullivaninjurylaw.com\/es\/veredictos-acuerdos\/\" \/>\n<meta property=\"og:site_name\" content=\"Law Offices of Christopher Sullivan, P.C.\" \/>\n<meta property=\"article:publisher\" content=\"https:\/\/www.facebook.com\/SullivanInjuryLaw\/\" \/>\n<meta property=\"article:modified_time\" content=\"2021-08-10T23:23:57+00:00\" \/>\n<meta property=\"og:image\" content=\"https:\/\/sullivaninjurylaw.com\/wp-content\/uploads\/2021\/02\/our-attorneys-and-staff-serious.jpg\" \/>\n<meta name=\"twitter:card\" content=\"summary_large_image\" \/>\n<meta name=\"twitter:label1\" content=\"Tiempo de lectura\" \/>\n\t<meta name=\"twitter:data1\" content=\"3 minutos\" \/>\n<!-- \/ Yoast SEO plugin. -->","yoast_head_json":{"title":"Verdicts & Settlements - Law Offices of Christopher Sullivan, P.C.","description":"Law Offices of Christopher Sullivan, P.C. has gotten significant verdicts and settlements for our clients. Our experienced personal injury lawyers can help get you maximum value in your case.","robots":{"index":"index","follow":"follow","max-snippet":"max-snippet:-1","max-image-preview":"max-image-preview:large","max-video-preview":"max-video-preview:-1"},"canonical":"https:\/\/sullivaninjurylaw.com\/es\/veredictos-acuerdos\/","og_locale":"es_MX","og_type":"article","og_title":"Verdicts & Settlements - Law Offices of Christopher Sullivan, P.C.","og_description":"Law Offices of Christopher Sullivan, P.C. has gotten significant verdicts and settlements for our clients. Our experienced personal injury lawyers can help get you maximum value in your case.","og_url":"https:\/\/sullivaninjurylaw.com\/es\/veredictos-acuerdos\/","og_site_name":"Law Offices of Christopher Sullivan, P.C.","article_publisher":"https:\/\/www.facebook.com\/SullivanInjuryLaw\/","article_modified_time":"2021-08-10T23:23:57+00:00","og_image":[{"url":"https:\/\/sullivaninjurylaw.com\/wp-content\/uploads\/2021\/02\/our-attorneys-and-staff-serious.jpg"}],"twitter_card":"summary_large_image","twitter_misc":{"Tiempo de lectura":"3 minutos"},"schema":{"@context":"https:\/\/schema.org","@graph":[{"@type":"WebSite","@id":"https:\/\/sullivaninjurylaw.com\/#website","url":"https:\/\/sullivaninjurylaw.com\/","name":"Law Offices of Christopher Sullivan, P.C.","description":"","potentialAction":[{"@type":"SearchAction","target":{"@type":"EntryPoint","urlTemplate":"https:\/\/sullivaninjurylaw.com\/?s={search_term_string}"},"query-input":"required name=search_term_string"}],"inLanguage":"es-MX"},{"@type":"ImageObject","@id":"https:\/\/sullivaninjurylaw.com\/verdicts-settlements\/#primaryimage","inLanguage":"es-MX","url":"https:\/\/sullivaninjurylaw.com\/wp-content\/uploads\/2021\/02\/our-attorneys-and-staff-serious.jpg","contentUrl":"https:\/\/sullivaninjurylaw.com\/wp-content\/uploads\/2021\/02\/our-attorneys-and-staff-serious.jpg","width":1920,"height":780,"caption":"Our Attorneys and Staff"},{"@type":"WebPage","@id":"https:\/\/sullivaninjurylaw.com\/verdicts-settlements\/#webpage","url":"https:\/\/sullivaninjurylaw.com\/verdicts-settlements\/","name":"Verdicts & Settlements - Law Offices of Christopher Sullivan, P.C.","isPartOf":{"@id":"https:\/\/sullivaninjurylaw.com\/#website"},"primaryImageOfPage":{"@id":"https:\/\/sullivaninjurylaw.com\/verdicts-settlements\/#primaryimage"},"datePublished":"2020-11-20T23:45:46+00:00","dateModified":"2021-08-10T23:23:57+00:00","description":"Law Offices of Christopher Sullivan, P.C. has gotten significant verdicts and settlements for our clients. Our experienced personal injury lawyers can help get you maximum value in your case.","breadcrumb":{"@id":"https:\/\/sullivaninjurylaw.com\/verdicts-settlements\/#breadcrumb"},"inLanguage":"es-MX","potentialAction":[{"@type":"ReadAction","target":["https:\/\/sullivaninjurylaw.com\/verdicts-settlements\/"]}]},{"@type":"BreadcrumbList","@id":"https:\/\/sullivaninjurylaw.com\/verdicts-settlements\/#breadcrumb","itemListElement":[{"@type":"ListItem","position":1,"name":"Home","item":"https:\/\/sullivaninjurylaw.com\/"},{"@type":"ListItem","position":2,"name":"Verdicts &#038; Settlements"}]}]}},"_links":{"self":[{"href":"https:\/\/sullivaninjurylaw.com\/es\/wp-json\/wp\/v2\/pages\/331"}],"collection":[{"href":"https:\/\/sullivaninjurylaw.com\/es\/wp-json\/wp\/v2\/pages"}],"about":[{"href":"https:\/\/sullivaninjurylaw.com\/es\/wp-json\/wp\/v2\/types\/page"}],"author":[{"embeddable":true,"href":"https:\/\/sullivaninjurylaw.com\/es\/wp-json\/wp\/v2\/users\/1"}],"replies":[{"embeddable":true,"href":"https:\/\/sullivaninjurylaw.com\/es\/wp-json\/wp\/v2\/comments?post=331"}],"version-history":[{"count":10,"href":"https:\/\/sullivaninjurylaw.com\/es\/wp-json\/wp\/v2\/pages\/331\/revisions"}],"predecessor-version":[{"id":1074,"href":"https:\/\/sullivaninjurylaw.com\/es\/wp-json\/wp\/v2\/pages\/331\/revisions\/1074"}],"wp:attachment":[{"href":"https:\/\/sullivaninjurylaw.com\/es\/wp-json\/wp\/v2\/media?parent=331"}],"curies":[{"name":"wp","href":"https:\/\/api.w.org\/{rel}","templated":true}]}}