{"id":297,"date":"2020-11-19T17:50:37","date_gmt":"2020-11-19T22:50:37","guid":{"rendered":"http:\/\/sullivaninjurylaw2.southshoredigitalmarketing.com\/?page_id=297"},"modified":"2021-08-10T19:39:22","modified_gmt":"2021-08-10T23:39:22","slug":"sexual-harassment","status":"publish","type":"page","link":"https:\/\/sullivaninjurylaw.com\/es\/areas-de-practica\/otro\/acoso-sexual\/","title":{"rendered":"Acoso sexual"},"content":{"rendered":"<h1>\n\t\tAbogados de acoso sexual en Boston\n\t<\/h1>\n\t\t\t\t<img src=\"https:\/\/sullivaninjurylaw.com\/wp-content\/uploads\/2020\/11\/sexual-harassment-1024x683.jpg\" alt=\"Acoso sexual\" =\"image\" height=\"683\" width=\"1024\" title=\"Acoso sexual\" onerror=\"this.style.display='none'\">\n\t<p>\u00bfHa sido acosado sexualmente en el trabajo? Si es as\u00ed, cont\u00e1ctenos para hablar con uno de nuestros abogados con experiencia en acoso sexual.<\/p>\n<p>Si cree que puede tener un reclamo en esta \u00e1rea, es importante que se comunique con nosotros de inmediato. Somos abogados con experiencia en acoso sexual en Boston. Cuanto m\u00e1s espere, m\u00e1s probable es que se extrav\u00ede o se pierda evidencia f\u00edsica importante y m\u00e1s dif\u00edcil ser\u00e1 localizar y asegurar a los posibles testigos.<\/p>\n<p>&nbsp;<\/p>\n<h2>Si es v\u00edctima de acoso sexual, siga estos pasos importantes para proteger sus intereses:<\/h2>\n<ul>\n<li>Comun\u00edquese de inmediato con un abogado con experiencia en acoso sexual en Massachusetts para que lo ayude a proteger sus derechos.<\/li>\n<li>No haga declaraciones a la compa\u00f1\u00eda de seguros ni firme ninguna documentaci\u00f3n del seguro sin antes consultar con un abogado.<\/li>\n<li>Lo m\u00e1s importante de todo, aseg\u00farese de consultar con un abogado de acoso sexual de Boston de inmediato para asegurarse de que conoce sus derechos legales. Los abogados de las Oficinas Legales de Christopher Sullivan, PC no le cobrar\u00e1n por una consulta inicial, por lo que no tiene absolutamente nada que perder al hablar con nosotros.<\/li>\n<\/ul>\n\t<p>Cont\u00e1ctenos<\/p>\n\t<p>Consulta gratis<\/p>\n\t\n\t<p>\u00bfPrefieres programar una llamada con anticipaci\u00f3n? Elija la fecha y la hora que mejor se adapte a sus necesidades con nuestro <a href=\"https:\/\/02111-ma-christopher-sullivan-1354913.m-a-truescheduler.com\/?locale=en\" target=\"_blank\" rel=\"noopener\">programador de citas<\/a>.<\/p>\n<h2>\n\t\tS\u00edguenos en Facebook\n\t<\/h2>\n\t<blockquote cite=\"https:\/\/www.facebook.com\/SullivanInjuryLaw\/\"><a href=\"https:\/\/www.facebook.com\/SullivanInjuryLaw\/\">Oficinas Legales de Christopher Sullivan, PC<\/a><\/blockquote>","protected":false},"excerpt":{"rendered":"<p>Abogados de acoso sexual de Boston \u00bfHa sido acosado sexualmente en el trabajo? Si es as\u00ed, cont\u00e1ctenos para hablar con uno de nuestros abogados experimentados en acoso sexual. Si cree que puede tener un reclamo en esta \u00e1rea, es importante que se comunique con nosotros de inmediato. Somos abogados experimentados en acoso sexual de Boston. Cuanto m\u00e1s esperes,\u2026<\/p>","protected":false},"author":1,"featured_media":0,"parent":294,"menu_order":0,"comment_status":"closed","ping_status":"closed","template":"","meta":[],"yoast_head":"<!-- This site is optimized with the Yoast SEO plugin v18.5.1 - https:\/\/yoast.com\/wordpress\/plugins\/seo\/ -->\n<title>Boston Sexual Harassment Attorneys - Law Offices of Christopher Sullivan, P.C.<\/title>\n<meta name=\"description\" content=\"If you suffered from sexual harassment, contact our experienced Boston sexual harassment attorneys today for a free consultation.\" \/>\n<meta name=\"robots\" content=\"index, follow, max-snippet:-1, max-image-preview:large, max-video-preview:-1\" \/>\n<link rel=\"canonical\" href=\"https:\/\/sullivaninjurylaw.com\/es\/areas-de-practica\/otro\/acoso-sexual\/\" \/>\n<meta property=\"og:locale\" content=\"es_MX\" \/>\n<meta property=\"og:type\" content=\"article\" \/>\n<meta property=\"og:title\" content=\"Boston Sexual Harassment Attorneys - Law Offices of Christopher Sullivan, P.C.\" \/>\n<meta property=\"og:description\" content=\"If you suffered from sexual harassment, contact our experienced Boston sexual harassment attorneys today for a free consultation.\" \/>\n<meta property=\"og:url\" content=\"https:\/\/sullivaninjurylaw.com\/es\/areas-de-practica\/otro\/acoso-sexual\/\" \/>\n<meta property=\"og:site_name\" content=\"Law Offices of Christopher Sullivan, P.C.\" \/>\n<meta property=\"article:publisher\" content=\"https:\/\/www.facebook.com\/SullivanInjuryLaw\/\" \/>\n<meta property=\"article:modified_time\" content=\"2021-08-10T23:39:22+00:00\" \/>\n<meta property=\"og:image\" content=\"https:\/\/sullivaninjurylaw.com\/wp-content\/uploads\/2020\/11\/sexual-harassment-1024x683.jpg\" \/>\n<meta name=\"twitter:card\" content=\"summary_large_image\" \/>\n<meta name=\"twitter:label1\" content=\"Tiempo de lectura\" \/>\n\t<meta name=\"twitter:data1\" content=\"2 minutos\" \/>\n<!-- \/ Yoast SEO plugin. -->","yoast_head_json":{"title":"Boston Sexual Harassment Attorneys - Law Offices of Christopher Sullivan, P.C.","description":"If you suffered from sexual harassment, contact our experienced Boston sexual harassment attorneys today for a free consultation.","robots":{"index":"index","follow":"follow","max-snippet":"max-snippet:-1","max-image-preview":"max-image-preview:large","max-video-preview":"max-video-preview:-1"},"canonical":"https:\/\/sullivaninjurylaw.com\/es\/areas-de-practica\/otro\/acoso-sexual\/","og_locale":"es_MX","og_type":"article","og_title":"Boston Sexual Harassment Attorneys - Law Offices of Christopher Sullivan, P.C.","og_description":"If you suffered from sexual harassment, contact our experienced Boston sexual harassment attorneys today for a free consultation.","og_url":"https:\/\/sullivaninjurylaw.com\/es\/areas-de-practica\/otro\/acoso-sexual\/","og_site_name":"Law Offices of Christopher Sullivan, P.C.","article_publisher":"https:\/\/www.facebook.com\/SullivanInjuryLaw\/","article_modified_time":"2021-08-10T23:39:22+00:00","og_image":[{"url":"https:\/\/sullivaninjurylaw.com\/wp-content\/uploads\/2020\/11\/sexual-harassment-1024x683.jpg"}],"twitter_card":"summary_large_image","twitter_misc":{"Tiempo de lectura":"2 minutos"},"schema":{"@context":"https:\/\/schema.org","@graph":[{"@type":"WebSite","@id":"https:\/\/sullivaninjurylaw.com\/#website","url":"https:\/\/sullivaninjurylaw.com\/","name":"Law Offices of Christopher Sullivan, P.C.","description":"","potentialAction":[{"@type":"SearchAction","target":{"@type":"EntryPoint","urlTemplate":"https:\/\/sullivaninjurylaw.com\/?s={search_term_string}"},"query-input":"required name=search_term_string"}],"inLanguage":"es-MX"},{"@type":"ImageObject","@id":"https:\/\/sullivaninjurylaw.com\/practice-areas\/other\/sexual-harassment\/#primaryimage","inLanguage":"es-MX","url":"https:\/\/sullivaninjurylaw.com\/wp-content\/uploads\/2020\/11\/sexual-harassment.jpg","contentUrl":"https:\/\/sullivaninjurylaw.com\/wp-content\/uploads\/2020\/11\/sexual-harassment.jpg","width":1920,"height":1280,"caption":"Sexual Harassment"},{"@type":"WebPage","@id":"https:\/\/sullivaninjurylaw.com\/practice-areas\/other\/sexual-harassment\/#webpage","url":"https:\/\/sullivaninjurylaw.com\/practice-areas\/other\/sexual-harassment\/","name":"Boston Sexual Harassment Attorneys - Law Offices of Christopher Sullivan, P.C.","isPartOf":{"@id":"https:\/\/sullivaninjurylaw.com\/#website"},"primaryImageOfPage":{"@id":"https:\/\/sullivaninjurylaw.com\/practice-areas\/other\/sexual-harassment\/#primaryimage"},"datePublished":"2020-11-19T22:50:37+00:00","dateModified":"2021-08-10T23:39:22+00:00","description":"If you suffered from sexual harassment, contact our experienced Boston sexual harassment attorneys today for a free consultation.","breadcrumb":{"@id":"https:\/\/sullivaninjurylaw.com\/practice-areas\/other\/sexual-harassment\/#breadcrumb"},"inLanguage":"es-MX","potentialAction":[{"@type":"ReadAction","target":["https:\/\/sullivaninjurylaw.com\/practice-areas\/other\/sexual-harassment\/"]}]},{"@type":"BreadcrumbList","@id":"https:\/\/sullivaninjurylaw.com\/practice-areas\/other\/sexual-harassment\/#breadcrumb","itemListElement":[{"@type":"ListItem","position":1,"name":"Home","item":"https:\/\/sullivaninjurylaw.com\/"},{"@type":"ListItem","position":2,"name":"Practice Areas","item":"https:\/\/sullivaninjurylaw.com\/practice-areas\/"},{"@type":"ListItem","position":3,"name":"Other","item":"https:\/\/sullivaninjurylaw.com\/practice-areas\/other\/"},{"@type":"ListItem","position":4,"name":"Sexual Harassment"}]}]}},"_links":{"self":[{"href":"https:\/\/sullivaninjurylaw.com\/es\/wp-json\/wp\/v2\/pages\/297"}],"collection":[{"href":"https:\/\/sullivaninjurylaw.com\/es\/wp-json\/wp\/v2\/pages"}],"about":[{"href":"https:\/\/sullivaninjurylaw.com\/es\/wp-json\/wp\/v2\/types\/page"}],"author":[{"embeddable":true,"href":"https:\/\/sullivaninjurylaw.com\/es\/wp-json\/wp\/v2\/users\/1"}],"replies":[{"embeddable":true,"href":"https:\/\/sullivaninjurylaw.com\/es\/wp-json\/wp\/v2\/comments?post=297"}],"version-history":[{"count":9,"href":"https:\/\/sullivaninjurylaw.com\/es\/wp-json\/wp\/v2\/pages\/297\/revisions"}],"predecessor-version":[{"id":1083,"href":"https:\/\/sullivaninjurylaw.com\/es\/wp-json\/wp\/v2\/pages\/297\/revisions\/1083"}],"up":[{"embeddable":true,"href":"https:\/\/sullivaninjurylaw.com\/es\/wp-json\/wp\/v2\/pages\/294"}],"wp:attachment":[{"href":"https:\/\/sullivaninjurylaw.com\/es\/wp-json\/wp\/v2\/media?parent=297"}],"curies":[{"name":"wp","href":"https:\/\/api.w.org\/{rel}","templated":true}]}}