{"id":261,"date":"2020-11-19T17:27:55","date_gmt":"2020-11-19T22:27:55","guid":{"rendered":"http:\/\/sullivaninjurylaw2.southshoredigitalmarketing.com\/?page_id=261"},"modified":"2021-08-20T08:32:58","modified_gmt":"2021-08-20T12:32:58","slug":"pedestrian-accidents","status":"publish","type":"page","link":"https:\/\/sullivaninjurylaw.com\/es\/areas-de-practica\/lesiones-personales\/accidentes-de-peatones\/","title":{"rendered":"Accidentes de peatones"},"content":{"rendered":"<h1>\n\t\tAbogados de accidentes de peatones en Boston\n\t<\/h1>\n\t\t\t\t<img src=\"https:\/\/sullivaninjurylaw.com\/wp-content\/uploads\/2020\/11\/pedestrian-accidents-1024x683.jpg\" alt=\"Accidentes de peatones\" =\"image\" height=\"683\" width=\"1024\" title=\"Accidentes de peatones\" onerror=\"this.style.display='none'\">\n\t<p>Todos los accidentes de veh\u00edculos motorizados no involucran a dos o m\u00e1s autom\u00f3viles. A menudo, estos accidentes involucran a un solo autom\u00f3vil que golpea a un peat\u00f3n. Estos peatones lesionados tienen los mismos derechos legales contra el conductor culpable que los involucrados en accidentes automovil\u00edsticos que involucran a dos o m\u00e1s veh\u00edculos.<\/p>\n<p>De hecho, dependiendo de las circunstancias, los peatones lesionados pueden tener incluso m\u00e1s derechos legales que los lesionados como conductores o pasajeros en veh\u00edculos motorizados. En cuanto a los da\u00f1os sufridos por la v\u00edctima lesionada, las lesiones a menudo no son solo de naturaleza f\u00edsica, sino que tambi\u00e9n pueden incluir p\u00e9rdidas econ\u00f3micas debido a la p\u00e9rdida de salarios y facturas m\u00e9dicas.<\/p>\n<p>Muchas v\u00edctimas heridas tambi\u00e9n sufren de angustia mental asociada, incluida una disminuci\u00f3n del disfrute de la vida. Independientemente de c\u00f3mo se sienta inmediatamente despu\u00e9s de un accidente, debe buscar el consejo de un abogado experimentado de inmediato. Es posible que ciertas lesiones no se manifiesten hasta d\u00edas despu\u00e9s del accidente y, en ese momento, es posible que se pierdan pruebas f\u00edsicas importantes y que sea m\u00e1s dif\u00edcil encontrar testigos. Adem\u00e1s, incluso los dolores y molestias menores a menudo pueden ser un indicio de una lesi\u00f3n m\u00e1s importante. Por lo tanto, incluso si cree que su lesi\u00f3n puede ser de naturaleza leve, es importante que busque atenci\u00f3n m\u00e9dica de inmediato.<\/p>\n<p>&nbsp;<\/p>\n<h2>Si ha resultado lesionado en un accidente de peatones, siga estos pasos importantes para proteger sus intereses:<\/h2>\n<ul>\n<li>Comun\u00edquese de inmediato con un abogado con experiencia en accidentes de peatones en Massachusetts para que lo ayude a proteger sus derechos.<\/li>\n<li>No haga declaraciones a la compa\u00f1\u00eda de seguros ni firme ninguna documentaci\u00f3n del seguro sin antes consultar con un abogado.<\/li>\n<li>Si siente alg\u00fan dolor o malestar despu\u00e9s del accidente, acuda de inmediato al hospital para recibir el tratamiento m\u00e9dico adecuado.<\/li>\n<li>Siga todos los consejos que le den los profesionales m\u00e9dicos, incluidas las visitas de seguimiento y el tratamiento.<\/li>\n<li>Si va a perder alg\u00fan tiempo del trabajo, aseg\u00farese de obtener una nota m\u00e9dica que explique que un m\u00e9dico le aconsej\u00f3 que se tomara el tiempo libre.<\/li>\n<li>Lo m\u00e1s importante de todo, aseg\u00farese de consultar con un abogado de accidentes de peatones en Boston para asegurarse de que conoce sus derechos legales relacionados con el accidente y sus lesiones. Los abogados de las Oficinas Legales de Christopher Sullivan, PC no le cobrar\u00e1n por una consulta inicial y no tiene nada que perder al hablar con nosotros sobre su accidente y sus lesiones.<\/li>\n<\/ul>\n\t<p>Cont\u00e1ctenos<\/p>\n\t<p>Consulta gratis<\/p>\n\t\n\t<p>\u00bfPrefieres programar una llamada con anticipaci\u00f3n? Elija la fecha y la hora que mejor se adapte a sus necesidades con nuestro <a href=\"https:\/\/02111-ma-christopher-sullivan-1354913.m-a-truescheduler.com\/?locale=en\" target=\"_blank\" rel=\"noopener\">programador de citas<\/a>.<\/p>\n<h2>\n\t\tS\u00edguenos en Facebook\n\t<\/h2>\n\t<blockquote cite=\"https:\/\/www.facebook.com\/SullivanInjuryLaw\/\"><a href=\"https:\/\/www.facebook.com\/SullivanInjuryLaw\/\">Oficinas Legales de Christopher Sullivan, PC<\/a><\/blockquote>","protected":false},"excerpt":{"rendered":"<p>Abogados de accidentes de peatones de Boston Todos los accidentes de veh\u00edculos motorizados no involucran a dos o m\u00e1s autom\u00f3viles. A menudo, estos accidentes involucran a un solo autom\u00f3vil que golpea a un peat\u00f3n. Estos peatones lesionados tienen los mismos derechos legales contra el conductor culpable que los involucrados en accidentes automovil\u00edsticos que involucran a dos o m\u00e1s veh\u00edculos. De hecho, dependiendo de las circunstancias, ...<\/p>","protected":false},"author":1,"featured_media":0,"parent":182,"menu_order":0,"comment_status":"closed","ping_status":"closed","template":"","meta":[],"yoast_head":"<!-- This site is optimized with the Yoast SEO plugin v18.5.1 - https:\/\/yoast.com\/wordpress\/plugins\/seo\/ -->\n<title>Boston Pedestrian Accident Attorneys - Law Offices of Christopher Sullivan, P.C.<\/title>\n<meta name=\"description\" content=\"If you suffered injuries from a pedestrian accident, contact Law Offices of Christopher Sullivan, P.C. today for a free consultation.\" \/>\n<meta name=\"robots\" content=\"index, follow, max-snippet:-1, max-image-preview:large, max-video-preview:-1\" \/>\n<link rel=\"canonical\" href=\"https:\/\/sullivaninjurylaw.com\/es\/areas-de-practica\/lesiones-personales\/accidentes-de-peatones\/\" \/>\n<meta property=\"og:locale\" content=\"es_MX\" \/>\n<meta property=\"og:type\" content=\"article\" \/>\n<meta property=\"og:title\" content=\"Boston Pedestrian Accident Attorneys - Law Offices of Christopher Sullivan, P.C.\" \/>\n<meta property=\"og:description\" content=\"If you suffered injuries from a pedestrian accident, contact Law Offices of Christopher Sullivan, P.C. today for a free consultation.\" \/>\n<meta property=\"og:url\" content=\"https:\/\/sullivaninjurylaw.com\/es\/areas-de-practica\/lesiones-personales\/accidentes-de-peatones\/\" \/>\n<meta property=\"og:site_name\" content=\"Law Offices of Christopher Sullivan, P.C.\" \/>\n<meta property=\"article:publisher\" content=\"https:\/\/www.facebook.com\/SullivanInjuryLaw\/\" \/>\n<meta property=\"article:modified_time\" content=\"2021-08-20T12:32:58+00:00\" \/>\n<meta property=\"og:image\" content=\"https:\/\/sullivaninjurylaw.com\/wp-content\/uploads\/2020\/11\/pedestrian-accidents-1024x683.jpg\" \/>\n<meta name=\"twitter:card\" content=\"summary_large_image\" \/>\n<meta name=\"twitter:label1\" content=\"Tiempo de lectura\" \/>\n\t<meta name=\"twitter:data1\" content=\"3 minutos\" \/>\n<!-- \/ Yoast SEO plugin. -->","yoast_head_json":{"title":"Boston Pedestrian Accident Attorneys - Law Offices of Christopher Sullivan, P.C.","description":"If you suffered injuries from a pedestrian accident, contact Law Offices of Christopher Sullivan, P.C. today for a free consultation.","robots":{"index":"index","follow":"follow","max-snippet":"max-snippet:-1","max-image-preview":"max-image-preview:large","max-video-preview":"max-video-preview:-1"},"canonical":"https:\/\/sullivaninjurylaw.com\/es\/areas-de-practica\/lesiones-personales\/accidentes-de-peatones\/","og_locale":"es_MX","og_type":"article","og_title":"Boston Pedestrian Accident Attorneys - Law Offices of Christopher Sullivan, P.C.","og_description":"If you suffered injuries from a pedestrian accident, contact Law Offices of Christopher Sullivan, P.C. today for a free consultation.","og_url":"https:\/\/sullivaninjurylaw.com\/es\/areas-de-practica\/lesiones-personales\/accidentes-de-peatones\/","og_site_name":"Law Offices of Christopher Sullivan, P.C.","article_publisher":"https:\/\/www.facebook.com\/SullivanInjuryLaw\/","article_modified_time":"2021-08-20T12:32:58+00:00","og_image":[{"url":"https:\/\/sullivaninjurylaw.com\/wp-content\/uploads\/2020\/11\/pedestrian-accidents-1024x683.jpg"}],"twitter_card":"summary_large_image","twitter_misc":{"Tiempo de lectura":"3 minutos"},"schema":{"@context":"https:\/\/schema.org","@graph":[{"@type":"WebSite","@id":"https:\/\/sullivaninjurylaw.com\/#website","url":"https:\/\/sullivaninjurylaw.com\/","name":"Law Offices of Christopher Sullivan, P.C.","description":"","potentialAction":[{"@type":"SearchAction","target":{"@type":"EntryPoint","urlTemplate":"https:\/\/sullivaninjurylaw.com\/?s={search_term_string}"},"query-input":"required name=search_term_string"}],"inLanguage":"es-MX"},{"@type":"ImageObject","@id":"https:\/\/sullivaninjurylaw.com\/practice-areas\/personal-injury\/pedestrian-accidents\/#primaryimage","inLanguage":"es-MX","url":"https:\/\/sullivaninjurylaw.com\/wp-content\/uploads\/2020\/11\/pedestrian-accidents.jpg","contentUrl":"https:\/\/sullivaninjurylaw.com\/wp-content\/uploads\/2020\/11\/pedestrian-accidents.jpg","width":1920,"height":1280,"caption":"Pedestrian Accidents"},{"@type":"WebPage","@id":"https:\/\/sullivaninjurylaw.com\/practice-areas\/personal-injury\/pedestrian-accidents\/#webpage","url":"https:\/\/sullivaninjurylaw.com\/practice-areas\/personal-injury\/pedestrian-accidents\/","name":"Boston Pedestrian Accident Attorneys - Law Offices of Christopher Sullivan, P.C.","isPartOf":{"@id":"https:\/\/sullivaninjurylaw.com\/#website"},"primaryImageOfPage":{"@id":"https:\/\/sullivaninjurylaw.com\/practice-areas\/personal-injury\/pedestrian-accidents\/#primaryimage"},"datePublished":"2020-11-19T22:27:55+00:00","dateModified":"2021-08-20T12:32:58+00:00","description":"If you suffered injuries from a pedestrian accident, contact Law Offices of Christopher Sullivan, P.C. today for a free consultation.","breadcrumb":{"@id":"https:\/\/sullivaninjurylaw.com\/practice-areas\/personal-injury\/pedestrian-accidents\/#breadcrumb"},"inLanguage":"es-MX","potentialAction":[{"@type":"ReadAction","target":["https:\/\/sullivaninjurylaw.com\/practice-areas\/personal-injury\/pedestrian-accidents\/"]}]},{"@type":"BreadcrumbList","@id":"https:\/\/sullivaninjurylaw.com\/practice-areas\/personal-injury\/pedestrian-accidents\/#breadcrumb","itemListElement":[{"@type":"ListItem","position":1,"name":"Home","item":"https:\/\/sullivaninjurylaw.com\/"},{"@type":"ListItem","position":2,"name":"Practice Areas","item":"https:\/\/sullivaninjurylaw.com\/practice-areas\/"},{"@type":"ListItem","position":3,"name":"Personal Injury","item":"https:\/\/sullivaninjurylaw.com\/practice-areas\/personal-injury\/"},{"@type":"ListItem","position":4,"name":"Pedestrian Accidents"}]}]}},"_links":{"self":[{"href":"https:\/\/sullivaninjurylaw.com\/es\/wp-json\/wp\/v2\/pages\/261"}],"collection":[{"href":"https:\/\/sullivaninjurylaw.com\/es\/wp-json\/wp\/v2\/pages"}],"about":[{"href":"https:\/\/sullivaninjurylaw.com\/es\/wp-json\/wp\/v2\/types\/page"}],"author":[{"embeddable":true,"href":"https:\/\/sullivaninjurylaw.com\/es\/wp-json\/wp\/v2\/users\/1"}],"replies":[{"embeddable":true,"href":"https:\/\/sullivaninjurylaw.com\/es\/wp-json\/wp\/v2\/comments?post=261"}],"version-history":[{"count":7,"href":"https:\/\/sullivaninjurylaw.com\/es\/wp-json\/wp\/v2\/pages\/261\/revisions"}],"predecessor-version":[{"id":1126,"href":"https:\/\/sullivaninjurylaw.com\/es\/wp-json\/wp\/v2\/pages\/261\/revisions\/1126"}],"up":[{"embeddable":true,"href":"https:\/\/sullivaninjurylaw.com\/es\/wp-json\/wp\/v2\/pages\/182"}],"wp:attachment":[{"href":"https:\/\/sullivaninjurylaw.com\/es\/wp-json\/wp\/v2\/media?parent=261"}],"curies":[{"name":"wp","href":"https:\/\/api.w.org\/{rel}","templated":true}]}}