{"id":240,"date":"2020-11-19T15:38:30","date_gmt":"2020-11-19T20:38:30","guid":{"rendered":"http:\/\/sullivaninjurylaw2.southshoredigitalmarketing.com\/?page_id=240"},"modified":"2021-08-10T19:22:55","modified_gmt":"2021-08-10T23:22:55","slug":"practice-areas","status":"publish","type":"page","link":"https:\/\/sullivaninjurylaw.com\/es\/areas-de-practica\/","title":{"rendered":"Areas de pr\u00e1ctica"},"content":{"rendered":"<h1>\n\t\tAbogados de lesiones personales en Boston\n\t<\/h1>\n\t\t\t\t<img src=\"https:\/\/sullivaninjurylaw.com\/wp-content\/uploads\/2021\/02\/our-attorneys-and-staff-cropped.jpg\" alt=\"Nuestros abogados y personal\" =\"image\" height=\"780\" width=\"1920\" title=\"Nuestros abogados y personal\" onerror=\"this.style.display='none'\"  \/>\n\t<p>Nuestros abogados en Boston, Abington y Brockton Massachusetts tienen una amplia experiencia en el manejo de todo tipo de reclamos por lesiones, que incluyen:<\/p>\n<h2>Lesi\u00f3n personal<\/h2>\n<ul>\n<li><a href=\"https:\/\/sullivaninjurylaw.com\/es\/areas-de-practica\/lesiones-personales\/accidentes-automovilisticos\/\">Accidentes automovil\u00edsticos<\/a><\/li>\n<li><a href=\"https:\/\/sullivaninjurylaw.com\/es\/areas-de-practica\/lesiones-personales\/accidentes-de-camiones\/\">Accidentes de camiones<\/a><\/li>\n<li><a href=\"https:\/\/sullivaninjurylaw.com\/es\/areas-de-practica\/lesiones-personales\/accidentes-de-motocicleta\/\">Accidentes de motocicleta<\/a><\/li>\n<li><a href=\"https:\/\/sullivaninjurylaw.com\/es\/areas-de-practica\/lesiones-personales\/accidentes-de-bicicletas\/\">Accidentes de bicicletas<\/a><\/li>\n<li><a href=\"https:\/\/sullivaninjurylaw.com\/es\/areas-de-practica\/lesiones-personales\/accidentes-de-peatones\/\">Accidentes de peatones<\/a><\/li>\n<li><a href=\"https:\/\/sullivaninjurylaw.com\/es\/areas-de-practica\/lesiones-personales\/responsabilidad-de-las-instalaciones\/\">Responsabilidad de las instalaciones<\/a><\/li>\n<li><a href=\"https:\/\/sullivaninjurylaw.com\/es\/areas-de-practica\/lesiones-personales\/resbalar-y-caer\/\">Resbalar y caer<\/a><\/li>\n<li><a href=\"https:\/\/sullivaninjurylaw.com\/es\/areas-de-practica\/lesiones-personales\/pega-y-corre\/\">Pega y Corre<\/a><\/li>\n<li><a href=\"https:\/\/sullivaninjurylaw.com\/es\/areas-de-practica\/lesiones-personales\/ataques-de-perros\/\">Ataques de perros<\/a><\/li>\n<li><a href=\"https:\/\/sullivaninjurylaw.com\/es\/areas-de-practica\/lesiones-personales\/seguridad-negligente\/\">Seguridad negligente<\/a><\/li>\n<li><a href=\"https:\/\/sullivaninjurylaw.com\/es\/areas-de-practica\/lesiones-personales\/muerte-injusta\/\">Muerte injusta<\/a><\/li>\n<li><a href=\"https:\/\/sullivaninjurylaw.com\/es\/areas-de-practica\/lesiones-personales\/negligencia-medica\/\">Negligencia m\u00e9dica<\/a><\/li>\n<li><a href=\"https:\/\/sullivaninjurylaw.com\/es\/areas-de-practica\/lesiones-personales\/compensacion-laboral\/\">Responsabilidad del producto<\/a><\/li>\n<li><a href=\"https:\/\/sullivaninjurylaw.com\/es\/areas-de-practica\/lesiones-personales\/compensacion-laboral\/\">Compensaci\u00f3n laboral<\/a><\/li>\n<\/ul>\n<h2>Otro<\/h2>\n<ul>\n<li><a href=\"https:\/\/sullivaninjurylaw.com\/es\/areas-de-practica\/otro\/acoso-sexual\/\">Acoso sexual<\/a><\/li>\n<li><a href=\"https:\/\/sullivaninjurylaw.com\/es\/areas-de-practica\/otro\/discriminacion-laboral\/\">Discriminaci\u00f3n laboral<\/a><\/li>\n<\/ul>\n\t<p>Cont\u00e1ctenos<\/p>\n\t<p>Consulta gratis<\/p>\n\t\n\t<p>\u00bfPrefieres programar una llamada con anticipaci\u00f3n? Elija la fecha y la hora que mejor se adapte a sus necesidades con nuestro <a href=\"https:\/\/02111-ma-christopher-sullivan-1354913.m-a-truescheduler.com\/?locale=en\" target=\"_blank\" rel=\"noopener\">programador de citas<\/a>.<\/p>\n<h2>\n\t\tS\u00edguenos en Facebook\n\t<\/h2>\n\t<blockquote cite=\"https:\/\/www.facebook.com\/SullivanInjuryLaw\/\"><a href=\"https:\/\/www.facebook.com\/SullivanInjuryLaw\/\">Oficinas Legales de Christopher Sullivan, PC<\/a><\/blockquote>","protected":false},"excerpt":{"rendered":"<p>Abogados de lesiones personales en Boston Nuestros abogados en Boston, Abington y Brockton Massachusetts tienen una amplia experiencia en el manejo de todo tipo de reclamaciones por lesiones, que incluyen: Lesiones personales Accidentes automovil\u00edsticos Accidentes de camiones Accidentes de motocicletas Accidentes de bicicletas Accidentes de peatones Responsabilidad de las instalaciones Resbalones y ca\u00eddas Golpes y huidas Ataques de perros Seguridad negligente Muerte por negligencia Negligencia m\u00e9dica Responsabilidad por productos defectuosos Compensaci\u00f3n para trabajadores Otro ...<\/p>","protected":false},"author":1,"featured_media":0,"parent":0,"menu_order":0,"comment_status":"closed","ping_status":"closed","template":"","meta":[],"yoast_head":"<!-- This site is optimized with the Yoast SEO plugin v18.5.1 - https:\/\/yoast.com\/wordpress\/plugins\/seo\/ -->\n<title>Boston Personal Injury Attorneys - Law Offices of Christopher...<\/title>\n<meta name=\"description\" content=\"The Law Offices of Christopher Sullivan, P.C. handles Boston personal injury cases including car accidents, motorcycle accidents, and more.\" \/>\n<meta name=\"robots\" content=\"index, follow, max-snippet:-1, max-image-preview:large, max-video-preview:-1\" \/>\n<link rel=\"canonical\" href=\"https:\/\/sullivaninjurylaw.com\/es\/areas-de-practica\/\" \/>\n<meta property=\"og:locale\" content=\"es_MX\" \/>\n<meta property=\"og:type\" content=\"article\" \/>\n<meta property=\"og:title\" content=\"Boston Personal Injury Attorneys - Law Offices of Christopher...\" \/>\n<meta property=\"og:description\" content=\"The Law Offices of Christopher Sullivan, P.C. handles Boston personal injury cases including car accidents, motorcycle accidents, and more.\" \/>\n<meta property=\"og:url\" content=\"https:\/\/sullivaninjurylaw.com\/es\/areas-de-practica\/\" \/>\n<meta property=\"og:site_name\" content=\"Law Offices of Christopher Sullivan, P.C.\" \/>\n<meta property=\"article:publisher\" content=\"https:\/\/www.facebook.com\/SullivanInjuryLaw\/\" \/>\n<meta property=\"article:modified_time\" content=\"2021-08-10T23:22:55+00:00\" \/>\n<meta property=\"og:image\" content=\"https:\/\/sullivaninjurylaw.com\/wp-content\/uploads\/2021\/02\/our-attorneys-and-staff-cropped.jpg\" \/>\n<meta name=\"twitter:card\" content=\"summary_large_image\" \/>\n<meta name=\"twitter:label1\" content=\"Tiempo de lectura\" \/>\n\t<meta name=\"twitter:data1\" content=\"1 minuto\" \/>\n<!-- \/ Yoast SEO plugin. -->","yoast_head_json":{"title":"Boston Personal Injury Attorneys - Law Offices of Christopher...","description":"The Law Offices of Christopher Sullivan, P.C. handles Boston personal injury cases including car accidents, motorcycle accidents, and more.","robots":{"index":"index","follow":"follow","max-snippet":"max-snippet:-1","max-image-preview":"max-image-preview:large","max-video-preview":"max-video-preview:-1"},"canonical":"https:\/\/sullivaninjurylaw.com\/es\/areas-de-practica\/","og_locale":"es_MX","og_type":"article","og_title":"Boston Personal Injury Attorneys - Law Offices of Christopher...","og_description":"The Law Offices of Christopher Sullivan, P.C. handles Boston personal injury cases including car accidents, motorcycle accidents, and more.","og_url":"https:\/\/sullivaninjurylaw.com\/es\/areas-de-practica\/","og_site_name":"Law Offices of Christopher Sullivan, P.C.","article_publisher":"https:\/\/www.facebook.com\/SullivanInjuryLaw\/","article_modified_time":"2021-08-10T23:22:55+00:00","og_image":[{"url":"https:\/\/sullivaninjurylaw.com\/wp-content\/uploads\/2021\/02\/our-attorneys-and-staff-cropped.jpg"}],"twitter_card":"summary_large_image","twitter_misc":{"Tiempo de lectura":"1 minuto"},"schema":{"@context":"https:\/\/schema.org","@graph":[{"@type":"WebSite","@id":"https:\/\/sullivaninjurylaw.com\/#website","url":"https:\/\/sullivaninjurylaw.com\/","name":"Law Offices of Christopher Sullivan, P.C.","description":"","potentialAction":[{"@type":"SearchAction","target":{"@type":"EntryPoint","urlTemplate":"https:\/\/sullivaninjurylaw.com\/?s={search_term_string}"},"query-input":"required name=search_term_string"}],"inLanguage":"es-MX"},{"@type":"ImageObject","@id":"https:\/\/sullivaninjurylaw.com\/practice-areas\/#primaryimage","inLanguage":"es-MX","url":"https:\/\/sullivaninjurylaw.com\/wp-content\/uploads\/2021\/02\/our-attorneys-and-staff-cropped.jpg","contentUrl":"https:\/\/sullivaninjurylaw.com\/wp-content\/uploads\/2021\/02\/our-attorneys-and-staff-cropped.jpg","width":1920,"height":780,"caption":"Our Attorneys and Staff"},{"@type":"WebPage","@id":"https:\/\/sullivaninjurylaw.com\/practice-areas\/#webpage","url":"https:\/\/sullivaninjurylaw.com\/practice-areas\/","name":"Boston Personal Injury Attorneys - Law Offices of Christopher...","isPartOf":{"@id":"https:\/\/sullivaninjurylaw.com\/#website"},"primaryImageOfPage":{"@id":"https:\/\/sullivaninjurylaw.com\/practice-areas\/#primaryimage"},"datePublished":"2020-11-19T20:38:30+00:00","dateModified":"2021-08-10T23:22:55+00:00","description":"The Law Offices of Christopher Sullivan, P.C. handles Boston personal injury cases including car accidents, motorcycle accidents, and more.","breadcrumb":{"@id":"https:\/\/sullivaninjurylaw.com\/practice-areas\/#breadcrumb"},"inLanguage":"es-MX","potentialAction":[{"@type":"ReadAction","target":["https:\/\/sullivaninjurylaw.com\/practice-areas\/"]}]},{"@type":"BreadcrumbList","@id":"https:\/\/sullivaninjurylaw.com\/practice-areas\/#breadcrumb","itemListElement":[{"@type":"ListItem","position":1,"name":"Home","item":"https:\/\/sullivaninjurylaw.com\/"},{"@type":"ListItem","position":2,"name":"Practice Areas"}]}]}},"_links":{"self":[{"href":"https:\/\/sullivaninjurylaw.com\/es\/wp-json\/wp\/v2\/pages\/240"}],"collection":[{"href":"https:\/\/sullivaninjurylaw.com\/es\/wp-json\/wp\/v2\/pages"}],"about":[{"href":"https:\/\/sullivaninjurylaw.com\/es\/wp-json\/wp\/v2\/types\/page"}],"author":[{"embeddable":true,"href":"https:\/\/sullivaninjurylaw.com\/es\/wp-json\/wp\/v2\/users\/1"}],"replies":[{"embeddable":true,"href":"https:\/\/sullivaninjurylaw.com\/es\/wp-json\/wp\/v2\/comments?post=240"}],"version-history":[{"count":11,"href":"https:\/\/sullivaninjurylaw.com\/es\/wp-json\/wp\/v2\/pages\/240\/revisions"}],"predecessor-version":[{"id":1073,"href":"https:\/\/sullivaninjurylaw.com\/es\/wp-json\/wp\/v2\/pages\/240\/revisions\/1073"}],"wp:attachment":[{"href":"https:\/\/sullivaninjurylaw.com\/es\/wp-json\/wp\/v2\/media?parent=240"}],"curies":[{"name":"wp","href":"https:\/\/api.w.org\/{rel}","templated":true}]}}